{"id":313817,"date":"2024-11-21T16:06:24","date_gmt":"2024-11-21T15:06:24","guid":{"rendered":"https:\/\/rwp.rizoma.com\/negozio\/klemmbockabdeckung-az201\/"},"modified":"2025-12-18T00:36:25","modified_gmt":"2025-12-17T23:36:25","slug":"klemmbockabdeckung-az201","status":"publish","type":"product","link":"https:\/\/cycle.rizoma.com\/de\/negozio\/lenker-kit\/AZ201\/klemmbockabdeckung-az201\/motorbike\/6949\/suzuki\/gsx-r-600\/","title":{"rendered":"Klemmbockabdeckung"},"content":{"rendered":"<p>Die aus dem Vollen gearbeiteten Klemmb\u00f6cke aus Aluminium werden durch die Kombination aus 3D-Bearbeitung und bietet durch die eloxierte Oberfl\u00e4che eine hervorragende Qualit\u00e4t und Langlebigkeit.<\/p>\n","protected":false},"excerpt":{"rendered":"<p>Die aus dem Vollen gearbeiteten Klemmb\u00f6cke aus Aluminium werden durch die Kombination aus 3D-Bearbeitung und bietet durch die eloxierte Oberfl\u00e4che eine hervorragende Qualit\u00e4t und Langlebigkeit.<\/p>\n","protected":false},"featured_media":296967,"template":"","meta":{"_acf_changed":false},"rizoma_assembly_time":[42664],"rizoma_bike":[41416,41417,41792,41885,43995,41797,41942,41418,41757,41798,41871,41890,42029],"rizoma_division":[42652],"rizoma_family":[42657],"rizoma_model_category":[],"rizoma_product_template":[],"product_brand":[],"product_cat":[42662],"product_tag":[],"class_list":{"0":"post-313817","1":"product","2":"type-product","3":"status-publish","4":"has-post-thumbnail","6":"rizoma_bike-multistrada-1200-2010-12","7":"rizoma_bike-multistrada-1200-abs-2010-12","8":"rizoma_bike-multistrada-1200-abs-2013-14","9":"rizoma_bike-multistrada-1200-s-2013-14","10":"rizoma_bike-multistrada-1200-s-pikes-peak-2010-12","11":"rizoma_bike-multistrada-1200-s-pikes-peak-2013-14","12":"rizoma_bike-multistrada-1200-s-pikes-peak-2016-17","13":"rizoma_bike-multistrada-1200-s-sport-2010-12","14":"rizoma_bike-multistrada-1200-s-touring-2010-12","15":"rizoma_bike-multistrada-1200-s-touring-2013-14","16":"rizoma_bike-multistrada-1200-s-touring-d-air-2013-14","17":"rizoma_bike-multistrada-1200-s-touring-d-air-2014-16","18":"rizoma_bike-multistrada-1200-s-touring-d-air-2017","19":"product_cat-lenker-kit","21":"first","22":"instock","23":"sale","24":"taxable","25":"shipping-taxable","26":"purchasable","27":"product-type-variable"},"acf":[],"_links":{"self":[{"href":"https:\/\/cycle.rizoma.com\/de\/wp-json\/wp\/v2\/product\/313817","targetHints":{"allow":["GET"]}}],"collection":[{"href":"https:\/\/cycle.rizoma.com\/de\/wp-json\/wp\/v2\/product"}],"about":[{"href":"https:\/\/cycle.rizoma.com\/de\/wp-json\/wp\/v2\/types\/product"}],"wp:featuredmedia":[{"embeddable":true,"href":"https:\/\/cycle.rizoma.com\/de\/wp-json\/wp\/v2\/media\/296967"}],"wp:attachment":[{"href":"https:\/\/cycle.rizoma.com\/de\/wp-json\/wp\/v2\/media?parent=313817"}],"wp:term":[{"taxonomy":"rizoma_assembly_time","embeddable":true,"href":"https:\/\/cycle.rizoma.com\/de\/wp-json\/wp\/v2\/rizoma_assembly_time?post=313817"},{"taxonomy":"rizoma_bike","embeddable":true,"href":"https:\/\/cycle.rizoma.com\/de\/wp-json\/wp\/v2\/rizoma_bike?post=313817"},{"taxonomy":"rizoma_division","embeddable":true,"href":"https:\/\/cycle.rizoma.com\/de\/wp-json\/wp\/v2\/rizoma_division?post=313817"},{"taxonomy":"rizoma_family","embeddable":true,"href":"https:\/\/cycle.rizoma.com\/de\/wp-json\/wp\/v2\/rizoma_family?post=313817"},{"taxonomy":"rizoma_model_category","embeddable":true,"href":"https:\/\/cycle.rizoma.com\/de\/wp-json\/wp\/v2\/rizoma_model_category?post=313817"},{"taxonomy":"rizoma_product_template","embeddable":true,"href":"https:\/\/cycle.rizoma.com\/de\/wp-json\/wp\/v2\/rizoma_product_template?post=313817"},{"taxonomy":"product_brand","embeddable":true,"href":"https:\/\/cycle.rizoma.com\/de\/wp-json\/wp\/v2\/product_brand?post=313817"},{"taxonomy":"product_cat","embeddable":true,"href":"https:\/\/cycle.rizoma.com\/de\/wp-json\/wp\/v2\/product_cat?post=313817"},{"taxonomy":"product_tag","embeddable":true,"href":"https:\/\/cycle.rizoma.com\/de\/wp-json\/wp\/v2\/product_tag?post=313817"}],"curies":[{"name":"wp","href":"https:\/\/api.w.org\/{rel}","templated":true}]}}