{"id":314192,"date":"2024-11-21T16:15:23","date_gmt":"2024-11-21T15:15:23","guid":{"rendered":"https:\/\/rwp.rizoma.com\/negozio\/kennzeichentrager-kit-outside-street-pt510\/"},"modified":"2026-03-28T08:54:10","modified_gmt":"2026-03-28T07:54:10","slug":"kennzeichentrager-kit-outside-street-pt510","status":"publish","type":"product","link":"https:\/\/cycle.rizoma.com\/de\/negozio\/kennzeichentrager\/PT510\/kennzeichentrager-kit-outside-street-pt510\/","title":{"rendered":"Kennzeichentr\u00e4ger-Kit Outside Street"},"content":{"rendered":"<p>Das Kennzeichentr\u00e4ger-Kit Outside mit aus dem Vollen gearbeiteter Tragkonstruktion aus Aluminium verleiht der Hinterachse nicht nur einen vollkommen neuen Look, sondern sorgt dank seinen kompakten Abmessungen und dem hochwertigen Material auch f\u00fcr eine ausgezeichnete strukturelle Performance und eine \u00fcberaus ansprechende Optik. Das speziell f\u00fcr das jeweilige Motorradmodell konzipierte Kit ist leicht zu montieren und umfasst zwei Kennzeichentr\u00e4gerplatten (173&#215;173 mm und US-Ma\u00df) und eine stra\u00dfenzugelassene SMD-LED-Kennzeichenbeleuchtung.<br \/>Der Kennzeichentr\u00e4ger Outside PT510B verf\u00fcgt \u00fcber eine ABE-Zertifizierung.<\/p>\n","protected":false},"excerpt":{"rendered":"<p>Das Kennzeichentr\u00e4ger-Kit Outside mit aus dem Vollen gearbeiteter Tragkonstruktion aus Aluminium verleiht der Hinterachse nicht nur einen vollkommen neuen Look, sondern sorgt dank seinen kompakten Abmessungen und dem hochwertigen Material auch f\u00fcr eine ausgezeichnete strukturelle Performance und eine \u00fcberaus ansprechende Optik. Das speziell f\u00fcr das jeweilige Motorradmodell konzipierte Kit ist leicht zu montieren und umfasst [&hellip;]<\/p>\n","protected":false},"featured_media":307806,"template":"","meta":{"_acf_changed":false},"rizoma_assembly_time":[42742],"rizoma_bike":[41456,41875,42033,41779,41457,41867,42034,42060,41802,42049,41806,41895],"rizoma_division":[42652],"rizoma_family":[],"rizoma_model_category":[],"rizoma_product_template":[],"product_brand":[],"product_cat":[42767],"product_tag":[],"class_list":{"0":"post-314192","1":"product","2":"type-product","3":"status-publish","4":"has-post-thumbnail","6":"rizoma_bike-diavel-1200-2010-13","7":"rizoma_bike-diavel-1200-2014-16","8":"rizoma_bike-diavel-1200-2017-18","9":"rizoma_bike-diavel-1200-amg-2012","10":"rizoma_bike-diavel-1200-carbon-2010-13","11":"rizoma_bike-diavel-1200-carbon-2014-16","12":"rizoma_bike-diavel-1200-carbon-2017-18","13":"rizoma_bike-diavel-1200-cromo-2012","14":"rizoma_bike-diavel-1200-dark-2012-13","15":"rizoma_bike-diavel-1200-diesel-2017-18","16":"rizoma_bike-diavel-1200-strada-2010-14","17":"rizoma_bike-diavel-1200-titanium-2015","18":"product_cat-kennzeichentrager","20":"first","21":"instock","22":"taxable","23":"shipping-taxable","24":"purchasable","25":"product-type-variable"},"acf":[],"_links":{"self":[{"href":"https:\/\/cycle.rizoma.com\/de\/wp-json\/wp\/v2\/product\/314192","targetHints":{"allow":["GET"]}}],"collection":[{"href":"https:\/\/cycle.rizoma.com\/de\/wp-json\/wp\/v2\/product"}],"about":[{"href":"https:\/\/cycle.rizoma.com\/de\/wp-json\/wp\/v2\/types\/product"}],"wp:featuredmedia":[{"embeddable":true,"href":"https:\/\/cycle.rizoma.com\/de\/wp-json\/wp\/v2\/media\/307806"}],"wp:attachment":[{"href":"https:\/\/cycle.rizoma.com\/de\/wp-json\/wp\/v2\/media?parent=314192"}],"wp:term":[{"taxonomy":"rizoma_assembly_time","embeddable":true,"href":"https:\/\/cycle.rizoma.com\/de\/wp-json\/wp\/v2\/rizoma_assembly_time?post=314192"},{"taxonomy":"rizoma_bike","embeddable":true,"href":"https:\/\/cycle.rizoma.com\/de\/wp-json\/wp\/v2\/rizoma_bike?post=314192"},{"taxonomy":"rizoma_division","embeddable":true,"href":"https:\/\/cycle.rizoma.com\/de\/wp-json\/wp\/v2\/rizoma_division?post=314192"},{"taxonomy":"rizoma_family","embeddable":true,"href":"https:\/\/cycle.rizoma.com\/de\/wp-json\/wp\/v2\/rizoma_family?post=314192"},{"taxonomy":"rizoma_model_category","embeddable":true,"href":"https:\/\/cycle.rizoma.com\/de\/wp-json\/wp\/v2\/rizoma_model_category?post=314192"},{"taxonomy":"rizoma_product_template","embeddable":true,"href":"https:\/\/cycle.rizoma.com\/de\/wp-json\/wp\/v2\/rizoma_product_template?post=314192"},{"taxonomy":"product_brand","embeddable":true,"href":"https:\/\/cycle.rizoma.com\/de\/wp-json\/wp\/v2\/product_brand?post=314192"},{"taxonomy":"product_cat","embeddable":true,"href":"https:\/\/cycle.rizoma.com\/de\/wp-json\/wp\/v2\/product_cat?post=314192"},{"taxonomy":"product_tag","embeddable":true,"href":"https:\/\/cycle.rizoma.com\/de\/wp-json\/wp\/v2\/product_tag?post=314192"}],"curies":[{"name":"wp","href":"https:\/\/api.w.org\/{rel}","templated":true}]}}