{"id":314242,"date":"2024-11-21T16:16:26","date_gmt":"2024-11-21T15:16:26","guid":{"rendered":"https:\/\/rwp.rizoma.com\/negozio\/montagesatz-fur-rizoma-ausgleichsbehalter-ct453\/"},"modified":"2025-11-28T19:40:25","modified_gmt":"2025-11-28T18:40:25","slug":"montagesatz-fur-rizoma-ausgleichsbehalter-ct453","status":"publish","type":"product","link":"https:\/\/cycle.rizoma.com\/de\/negozio\/ausgleichsbehalter\/CT453\/montagesatz-fur-rizoma-ausgleichsbehalter-ct453\/","title":{"rendered":"Montagesatz f\u00fcr Rizoma-Ausgleichsbeh\u00e4lter"},"content":{"rendered":"<p>Die Adapter f\u00fcr Rizoma-Ausgleichsbeh\u00e4lter stellen im Fall eines Ersatzes des OEM-Ausgleichsbeh\u00e4lters durch einen von Rizoma die optimale Montagel\u00f6sung dar.<\/p>\n","protected":false},"excerpt":{"rendered":"<p>Die Adapter f\u00fcr Rizoma-Ausgleichsbeh\u00e4lter stellen im Fall eines Ersatzes des OEM-Ausgleichsbeh\u00e4lters durch einen von Rizoma die optimale Montagel\u00f6sung dar.<\/p>\n","protected":false},"featured_media":293552,"template":"","meta":{"_acf_changed":false},"rizoma_assembly_time":[42664],"rizoma_bike":[41768,41789,41799,41769,41790,41777,41863,41912,42070,41913,41972,41836,41949,42092,42311,42214,42401,42014],"rizoma_division":[42652],"rizoma_family":[42705],"rizoma_model_category":[],"rizoma_product_template":[],"product_brand":[],"product_cat":[42689],"product_tag":[],"class_list":{"0":"post-314242","1":"product","2":"type-product","3":"status-publish","4":"has-post-thumbnail","6":"rizoma_bike-1199-panigale-2012-13","7":"rizoma_bike-1199-panigale-abs-2013-14","8":"rizoma_bike-1199-panigale-r-abs-2013-17","9":"rizoma_bike-1199-panigale-s-2013-14","10":"rizoma_bike-1199-panigale-s-abs-2013-14","11":"rizoma_bike-1199-panigale-s-tricolore-2012-14","12":"rizoma_bike-1199-superleggera-2014","13":"rizoma_bike-1299-panigale-2015-17","14":"rizoma_bike-1299-panigale-r-final-edition-2017-20","15":"rizoma_bike-1299-panigale-s-2015-18","16":"rizoma_bike-1299-panigale-s-anniversario-2016","17":"rizoma_bike-899-panigale-abs-2013-15","18":"rizoma_bike-959-panigale-2016-19","19":"rizoma_bike-959-panigale-corse-2018-19","20":"rizoma_bike-panigale-v2-2021-24","21":"rizoma_bike-panigale-v2-955-2020","22":"rizoma_bike-panigale-v2-bayliss-1st-championship-20th-anniversary-2021-24","23":"rizoma_bike-superleggera-1299-2017","24":"product_cat-ausgleichsbehalter","26":"first","27":"instock","28":"taxable","29":"shipping-taxable","30":"purchasable","31":"product-type-variable"},"acf":[],"_links":{"self":[{"href":"https:\/\/cycle.rizoma.com\/de\/wp-json\/wp\/v2\/product\/314242","targetHints":{"allow":["GET"]}}],"collection":[{"href":"https:\/\/cycle.rizoma.com\/de\/wp-json\/wp\/v2\/product"}],"about":[{"href":"https:\/\/cycle.rizoma.com\/de\/wp-json\/wp\/v2\/types\/product"}],"wp:featuredmedia":[{"embeddable":true,"href":"https:\/\/cycle.rizoma.com\/de\/wp-json\/wp\/v2\/media\/293552"}],"wp:attachment":[{"href":"https:\/\/cycle.rizoma.com\/de\/wp-json\/wp\/v2\/media?parent=314242"}],"wp:term":[{"taxonomy":"rizoma_assembly_time","embeddable":true,"href":"https:\/\/cycle.rizoma.com\/de\/wp-json\/wp\/v2\/rizoma_assembly_time?post=314242"},{"taxonomy":"rizoma_bike","embeddable":true,"href":"https:\/\/cycle.rizoma.com\/de\/wp-json\/wp\/v2\/rizoma_bike?post=314242"},{"taxonomy":"rizoma_division","embeddable":true,"href":"https:\/\/cycle.rizoma.com\/de\/wp-json\/wp\/v2\/rizoma_division?post=314242"},{"taxonomy":"rizoma_family","embeddable":true,"href":"https:\/\/cycle.rizoma.com\/de\/wp-json\/wp\/v2\/rizoma_family?post=314242"},{"taxonomy":"rizoma_model_category","embeddable":true,"href":"https:\/\/cycle.rizoma.com\/de\/wp-json\/wp\/v2\/rizoma_model_category?post=314242"},{"taxonomy":"rizoma_product_template","embeddable":true,"href":"https:\/\/cycle.rizoma.com\/de\/wp-json\/wp\/v2\/rizoma_product_template?post=314242"},{"taxonomy":"product_brand","embeddable":true,"href":"https:\/\/cycle.rizoma.com\/de\/wp-json\/wp\/v2\/product_brand?post=314242"},{"taxonomy":"product_cat","embeddable":true,"href":"https:\/\/cycle.rizoma.com\/de\/wp-json\/wp\/v2\/product_cat?post=314242"},{"taxonomy":"product_tag","embeddable":true,"href":"https:\/\/cycle.rizoma.com\/de\/wp-json\/wp\/v2\/product_tag?post=314242"}],"curies":[{"name":"wp","href":"https:\/\/api.w.org\/{rel}","templated":true}]}}