{"id":314362,"date":"2024-11-21T16:18:56","date_gmt":"2024-11-21T15:18:56","guid":{"rendered":"https:\/\/rwp.rizoma.com\/negozio\/montagesatz-fur-rizoma-ausgleichsbehalter-ct455\/"},"modified":"2025-01-14T10:57:50","modified_gmt":"2025-01-14T09:57:50","slug":"montagesatz-fur-rizoma-ausgleichsbehalter-ct455","status":"publish","type":"product","link":"https:\/\/cycle.rizoma.com\/de\/negozio\/ausgleichsbehalter\/CT455\/montagesatz-fur-rizoma-ausgleichsbehalter-ct455\/","title":{"rendered":"Montagesatz f\u00fcr Rizoma-Ausgleichsbeh\u00e4lter"},"content":{"rendered":"<p>Die Adapter f\u00fcr Rizoma-Ausgleichsbeh\u00e4lter stellen im Fall eines Ersatzes des OEM-Ausgleichsbeh\u00e4lters durch einen von Rizoma die optimale Montagel\u00f6sung dar.<\/p>\n","protected":false},"excerpt":{"rendered":"<p>Die Adapter f\u00fcr Rizoma-Ausgleichsbeh\u00e4lter stellen im Fall eines Ersatzes des OEM-Ausgleichsbeh\u00e4lters durch einen von Rizoma die optimale Montagel\u00f6sung dar.<\/p>\n","protected":false},"featured_media":293562,"template":"","meta":{"_acf_changed":false},"rizoma_assembly_time":[42664],"rizoma_bike":[41944,41876,42054,42005,42325,42388,41943,41877,41878,42056,42198,42217,42066,42109,41879,42429],"rizoma_division":[42652],"rizoma_family":[42705],"rizoma_model_category":[],"rizoma_product_template":[],"product_brand":[],"product_cat":[42689],"product_tag":[],"class_list":{"0":"post-314362","1":"product","2":"type-product","3":"status-publish","4":"has-post-thumbnail","6":"rizoma_bike-scrambler-400-sixty-2-2016-21","7":"rizoma_bike-scrambler-800-classic-2015-16","8":"rizoma_bike-scrambler-800-classic-2017-18","9":"rizoma_bike-scrambler-800-desert-sled-2017-20","10":"rizoma_bike-scrambler-800-desert-sled-2021-22","11":"rizoma_bike-scrambler-800-desert-sled-fasthouse-2021-22","12":"rizoma_bike-scrambler-800-flat-track-pro-2016-17","13":"rizoma_bike-scrambler-800-full-throttle-2015-16","14":"rizoma_bike-scrambler-800-icon-2015-16","15":"rizoma_bike-scrambler-800-icon-2017-20","16":"rizoma_bike-scrambler-800-icon-2019-20","17":"rizoma_bike-scrambler-800-icon-dark-2020","18":"rizoma_bike-scrambler-800-mach-2-0-2017-19","19":"rizoma_bike-scrambler-800-street-classic-2017-18","20":"rizoma_bike-scrambler-800-urban-enduro-2015-16","21":"rizoma_bike-scrambler-800-urban-motard-2022","22":"product_cat-ausgleichsbehalter","24":"first","25":"instock","26":"taxable","27":"shipping-taxable","28":"purchasable","29":"product-type-variable"},"acf":[],"_links":{"self":[{"href":"https:\/\/cycle.rizoma.com\/de\/wp-json\/wp\/v2\/product\/314362","targetHints":{"allow":["GET"]}}],"collection":[{"href":"https:\/\/cycle.rizoma.com\/de\/wp-json\/wp\/v2\/product"}],"about":[{"href":"https:\/\/cycle.rizoma.com\/de\/wp-json\/wp\/v2\/types\/product"}],"wp:featuredmedia":[{"embeddable":true,"href":"https:\/\/cycle.rizoma.com\/de\/wp-json\/wp\/v2\/media\/293562"}],"wp:attachment":[{"href":"https:\/\/cycle.rizoma.com\/de\/wp-json\/wp\/v2\/media?parent=314362"}],"wp:term":[{"taxonomy":"rizoma_assembly_time","embeddable":true,"href":"https:\/\/cycle.rizoma.com\/de\/wp-json\/wp\/v2\/rizoma_assembly_time?post=314362"},{"taxonomy":"rizoma_bike","embeddable":true,"href":"https:\/\/cycle.rizoma.com\/de\/wp-json\/wp\/v2\/rizoma_bike?post=314362"},{"taxonomy":"rizoma_division","embeddable":true,"href":"https:\/\/cycle.rizoma.com\/de\/wp-json\/wp\/v2\/rizoma_division?post=314362"},{"taxonomy":"rizoma_family","embeddable":true,"href":"https:\/\/cycle.rizoma.com\/de\/wp-json\/wp\/v2\/rizoma_family?post=314362"},{"taxonomy":"rizoma_model_category","embeddable":true,"href":"https:\/\/cycle.rizoma.com\/de\/wp-json\/wp\/v2\/rizoma_model_category?post=314362"},{"taxonomy":"rizoma_product_template","embeddable":true,"href":"https:\/\/cycle.rizoma.com\/de\/wp-json\/wp\/v2\/rizoma_product_template?post=314362"},{"taxonomy":"product_brand","embeddable":true,"href":"https:\/\/cycle.rizoma.com\/de\/wp-json\/wp\/v2\/product_brand?post=314362"},{"taxonomy":"product_cat","embeddable":true,"href":"https:\/\/cycle.rizoma.com\/de\/wp-json\/wp\/v2\/product_cat?post=314362"},{"taxonomy":"product_tag","embeddable":true,"href":"https:\/\/cycle.rizoma.com\/de\/wp-json\/wp\/v2\/product_tag?post=314362"}],"curies":[{"name":"wp","href":"https:\/\/api.w.org\/{rel}","templated":true}]}}