{"id":314372,"date":"2024-11-21T16:19:09","date_gmt":"2024-11-21T15:19:09","guid":{"rendered":"https:\/\/rwp.rizoma.com\/negozio\/lenker-klemmbocke-erhoht-und-versetzt-az451\/"},"modified":"2025-06-11T17:22:12","modified_gmt":"2025-06-11T15:22:12","slug":"lenker-klemmbocke-erhoht-und-versetzt-az451","status":"publish","type":"product","link":"https:\/\/cycle.rizoma.com\/de\/negozio\/lenker-kit\/AZ451\/lenker-klemmbocke-erhoht-und-versetzt-az451\/","title":{"rendered":"Lenker-Klemmb\u00f6cke erh\u00f6ht und versetzt"},"content":{"rendered":"<p>Die Klemmb\u00f6cke sind aus Aluminium gearbeitet und zeichnen sich durch ihre spezielle Titan-Farbgebung aus.  Die um 45 mm erh\u00f6hte und um 25 mm zur\u00fcckversetzte Position sorgt f\u00fcr noch mehr Komfort und Fahrspa\u00df.<\/p>\n","protected":false},"excerpt":{"rendered":"<p>Die Klemmb\u00f6cke sind aus Aluminium gearbeitet und zeichnen sich durch ihre spezielle Titan-Farbgebung aus. Die um 45 mm erh\u00f6hte und um 25 mm zur\u00fcckversetzte Position sorgt f\u00fcr noch mehr Komfort und Fahrspa\u00df.<\/p>\n","protected":false},"featured_media":296997,"template":"","meta":{"_acf_changed":false},"rizoma_assembly_time":[42855],"rizoma_bike":[41809,41970,41838,41971,42111,42289,42128,42301,42290,42283,42305,42177,42575],"rizoma_division":[42652],"rizoma_family":[42657],"rizoma_model_category":[],"rizoma_product_template":[],"product_brand":[],"product_cat":[42662],"product_tag":[],"class_list":{"0":"post-314372","1":"product","2":"type-product","3":"status-publish","4":"has-post-thumbnail","6":"rizoma_bike-r-1200-gs-2013-16","7":"rizoma_bike-r-1200-gs-2017-18","8":"rizoma_bike-r-1200-gs-adventure-2013-16","9":"rizoma_bike-r-1200-gs-adventure-2017-18","10":"rizoma_bike-r-1200-gs-rallye-2017-18","11":"rizoma_bike-r-1250-gs-edition-40-years-gs-2021","12":"rizoma_bike-r-1250-gs-2019-20","13":"rizoma_bike-r-1250-gs-2021-24","14":"rizoma_bike-r-1250-gs-adventure-edition-40-years-gs-2020-21","15":"rizoma_bike-r-1250-gs-adventure-2019-20","16":"rizoma_bike-r-1250-gs-adventure-2021-24","17":"rizoma_bike-r-1250-gs-hp-2019","18":"rizoma_bike-r-1250-gs-ultimate-edition-2023","19":"product_cat-lenker-kit","21":"first","22":"instock","23":"taxable","24":"shipping-taxable","25":"purchasable","26":"product-type-variable"},"acf":[],"_links":{"self":[{"href":"https:\/\/cycle.rizoma.com\/de\/wp-json\/wp\/v2\/product\/314372","targetHints":{"allow":["GET"]}}],"collection":[{"href":"https:\/\/cycle.rizoma.com\/de\/wp-json\/wp\/v2\/product"}],"about":[{"href":"https:\/\/cycle.rizoma.com\/de\/wp-json\/wp\/v2\/types\/product"}],"wp:featuredmedia":[{"embeddable":true,"href":"https:\/\/cycle.rizoma.com\/de\/wp-json\/wp\/v2\/media\/296997"}],"wp:attachment":[{"href":"https:\/\/cycle.rizoma.com\/de\/wp-json\/wp\/v2\/media?parent=314372"}],"wp:term":[{"taxonomy":"rizoma_assembly_time","embeddable":true,"href":"https:\/\/cycle.rizoma.com\/de\/wp-json\/wp\/v2\/rizoma_assembly_time?post=314372"},{"taxonomy":"rizoma_bike","embeddable":true,"href":"https:\/\/cycle.rizoma.com\/de\/wp-json\/wp\/v2\/rizoma_bike?post=314372"},{"taxonomy":"rizoma_division","embeddable":true,"href":"https:\/\/cycle.rizoma.com\/de\/wp-json\/wp\/v2\/rizoma_division?post=314372"},{"taxonomy":"rizoma_family","embeddable":true,"href":"https:\/\/cycle.rizoma.com\/de\/wp-json\/wp\/v2\/rizoma_family?post=314372"},{"taxonomy":"rizoma_model_category","embeddable":true,"href":"https:\/\/cycle.rizoma.com\/de\/wp-json\/wp\/v2\/rizoma_model_category?post=314372"},{"taxonomy":"rizoma_product_template","embeddable":true,"href":"https:\/\/cycle.rizoma.com\/de\/wp-json\/wp\/v2\/rizoma_product_template?post=314372"},{"taxonomy":"product_brand","embeddable":true,"href":"https:\/\/cycle.rizoma.com\/de\/wp-json\/wp\/v2\/product_brand?post=314372"},{"taxonomy":"product_cat","embeddable":true,"href":"https:\/\/cycle.rizoma.com\/de\/wp-json\/wp\/v2\/product_cat?post=314372"},{"taxonomy":"product_tag","embeddable":true,"href":"https:\/\/cycle.rizoma.com\/de\/wp-json\/wp\/v2\/product_tag?post=314372"}],"curies":[{"name":"wp","href":"https:\/\/api.w.org\/{rel}","templated":true}]}}