{"id":314437,"date":"2024-11-21T16:20:28","date_gmt":"2024-11-21T15:20:28","guid":{"rendered":"https:\/\/rwp.rizoma.com\/negozio\/kennzeichentrager-kit-side-arm-pt706\/"},"modified":"2025-11-28T16:28:59","modified_gmt":"2025-11-28T15:28:59","slug":"kennzeichentrager-kit-side-arm-pt706","status":"publish","type":"product","link":"https:\/\/cycle.rizoma.com\/de\/negozio\/kennzeichentrager\/PT706\/kennzeichentrager-kit-side-arm-pt706\/","title":{"rendered":"Kennzeichentr\u00e4ger-Kit Side Arm"},"content":{"rendered":"<p>Der Rizoma-Kennzeichentr\u00e4ger Side Arm mit aus dem Vollen gearbeitetem Tragarm aus Aluminium h\u00e4lt mit seiner eleganten Optik selbst dem kritischen Blick anspruchsvollster \u00c4stheten stand und erf\u00fcllt zudem die europ\u00e4ischen Stra\u00dfenverkehrsvorschriften. Das Kit Side Arm besteht aus dem Kennzeichentr\u00e4ger und der neuen unteren Heckrahmenabdeckung von Rizoma, die das entsprechende OEM-Heckteil ersetzt. F\u00fcr die Montage dieses Kits m\u00fcssen das OEM-R\u00fccklicht und die OEM-Blinker entfernt werden. Zur Wiederherstellung dieser Funktionen werden die Rizoma-Multifunktionsblinker S, um die Funktionen des Bremslichts, des R\u00fccklichts hinten und der Blinker wiederherzustellen.<\/p>\n","protected":false},"excerpt":{"rendered":"<p>Der Rizoma-Kennzeichentr\u00e4ger Side Arm mit aus dem Vollen gearbeitetem Tragarm aus Aluminium h\u00e4lt mit seiner eleganten Optik selbst dem kritischen Blick anspruchsvollster \u00c4stheten stand und erf\u00fcllt zudem die europ\u00e4ischen Stra\u00dfenverkehrsvorschriften. Das Kit Side Arm besteht aus dem Kennzeichentr\u00e4ger und der neuen unteren Heckrahmenabdeckung von Rizoma, die das entsprechende OEM-Heckteil ersetzt. F\u00fcr die Montage dieses Kits [&hellip;]<\/p>\n","protected":false},"featured_media":340582,"template":"","meta":{"_acf_changed":false},"rizoma_assembly_time":[42691],"rizoma_bike":[42296,42551,41839,42006,41979,42248,41981,41953,42297,42298,42299,42372,42003,42178],"rizoma_division":[42652],"rizoma_family":[],"rizoma_model_category":[],"rizoma_product_template":[],"product_brand":[],"product_cat":[42767],"product_tag":[],"class_list":{"0":"post-314437","1":"product","2":"type-product","3":"status-publish","4":"has-post-thumbnail","6":"rizoma_bike-r-ninet-2021-24","7":"rizoma_bike-r-ninet-100-years-2023","8":"rizoma_bike-r-ninet-1200-2014-16","9":"rizoma_bike-r-ninet-1200-2017-20","10":"rizoma_bike-r-ninet-1200-pure-2017-20","11":"rizoma_bike-r-ninet-1200-pure-2020","12":"rizoma_bike-r-ninet-1200-racer-2017-20","13":"rizoma_bike-r-ninet-1200-scrambler-2016-20","14":"rizoma_bike-r-ninet-pure-2021-24","15":"rizoma_bike-r-ninet-scrambler-2021-24","16":"rizoma_bike-r-ninet-urban-gs-2021-24","17":"rizoma_bike-r-ninet-urban-gs-1200-edition-40-years-gs-2021","18":"rizoma_bike-r-ninet-urban-gs-1200-2017-20","19":"rizoma_bike-r-ninet-5-1200-2019-20","20":"product_cat-kennzeichentrager","22":"first","23":"instock","24":"taxable","25":"shipping-taxable","26":"purchasable","27":"product-type-variable"},"acf":[],"_links":{"self":[{"href":"https:\/\/cycle.rizoma.com\/de\/wp-json\/wp\/v2\/product\/314437","targetHints":{"allow":["GET"]}}],"collection":[{"href":"https:\/\/cycle.rizoma.com\/de\/wp-json\/wp\/v2\/product"}],"about":[{"href":"https:\/\/cycle.rizoma.com\/de\/wp-json\/wp\/v2\/types\/product"}],"wp:featuredmedia":[{"embeddable":true,"href":"https:\/\/cycle.rizoma.com\/de\/wp-json\/wp\/v2\/media\/340582"}],"wp:attachment":[{"href":"https:\/\/cycle.rizoma.com\/de\/wp-json\/wp\/v2\/media?parent=314437"}],"wp:term":[{"taxonomy":"rizoma_assembly_time","embeddable":true,"href":"https:\/\/cycle.rizoma.com\/de\/wp-json\/wp\/v2\/rizoma_assembly_time?post=314437"},{"taxonomy":"rizoma_bike","embeddable":true,"href":"https:\/\/cycle.rizoma.com\/de\/wp-json\/wp\/v2\/rizoma_bike?post=314437"},{"taxonomy":"rizoma_division","embeddable":true,"href":"https:\/\/cycle.rizoma.com\/de\/wp-json\/wp\/v2\/rizoma_division?post=314437"},{"taxonomy":"rizoma_family","embeddable":true,"href":"https:\/\/cycle.rizoma.com\/de\/wp-json\/wp\/v2\/rizoma_family?post=314437"},{"taxonomy":"rizoma_model_category","embeddable":true,"href":"https:\/\/cycle.rizoma.com\/de\/wp-json\/wp\/v2\/rizoma_model_category?post=314437"},{"taxonomy":"rizoma_product_template","embeddable":true,"href":"https:\/\/cycle.rizoma.com\/de\/wp-json\/wp\/v2\/rizoma_product_template?post=314437"},{"taxonomy":"product_brand","embeddable":true,"href":"https:\/\/cycle.rizoma.com\/de\/wp-json\/wp\/v2\/product_brand?post=314437"},{"taxonomy":"product_cat","embeddable":true,"href":"https:\/\/cycle.rizoma.com\/de\/wp-json\/wp\/v2\/product_cat?post=314437"},{"taxonomy":"product_tag","embeddable":true,"href":"https:\/\/cycle.rizoma.com\/de\/wp-json\/wp\/v2\/product_tag?post=314437"}],"curies":[{"name":"wp","href":"https:\/\/api.w.org\/{rel}","templated":true}]}}