{"id":314442,"date":"2024-11-21T16:20:38","date_gmt":"2024-11-21T15:20:38","guid":{"rendered":"https:\/\/rwp.rizoma.com\/negozio\/kennzeichentrager-kit-outside-street-pt707\/"},"modified":"2025-09-30T04:53:16","modified_gmt":"2025-09-30T02:53:16","slug":"kennzeichentrager-kit-outside-street-pt707","status":"publish","type":"product","link":"https:\/\/cycle.rizoma.com\/de\/negozio\/kennzeichentrager\/PT707\/kennzeichentrager-kit-outside-street-pt707\/","title":{"rendered":"Kennzeichentr\u00e4ger-Kit Outside Street"},"content":{"rendered":"<p>Das Kennzeichentr\u00e4ger-Kit Outside mit aus dem Vollen gearbeiteter Tragkonstruktion aus Aluminium verleiht der Hinterachse nicht nur einen vollkommen neuen Look, sondern sorgt dank seinen kompakten Abmessungen und dem hochwertigen Material auch f\u00fcr eine ausgezeichnete strukturelle Performance und eine \u00fcberaus ansprechende Optik. Das speziell f\u00fcr das jeweilige Motorradmodell konzipierte Kit ist leicht zu montieren und umfasst Adapter f\u00fcr Rizoma-Blinker, die untere Heckrahmenabdeckung , einen Reflektor, eine US-Kennzeichentr\u00e4gerplatte sowie eine stra\u00dfenzugelassene SMD-LED-Kennzeichenbeleuchtung.<br \/>Der Kennzeichentr\u00e4ger Outside PT707B verf\u00fcgt \u00fcber eine ABE-Zertifizierung.<\/p>\n","protected":false},"excerpt":{"rendered":"<p>Das Kennzeichentr\u00e4ger-Kit Outside mit aus dem Vollen gearbeiteter Tragkonstruktion aus Aluminium verleiht der Hinterachse nicht nur einen vollkommen neuen Look, sondern sorgt dank seinen kompakten Abmessungen und dem hochwertigen Material auch f\u00fcr eine ausgezeichnete strukturelle Performance und eine \u00fcberaus ansprechende Optik. Das speziell f\u00fcr das jeweilige Motorradmodell konzipierte Kit ist leicht zu montieren und umfasst [&hellip;]<\/p>\n","protected":false},"featured_media":310706,"template":"","meta":{"_acf_changed":false},"rizoma_assembly_time":[42691],"rizoma_bike":[42296,42551,41839,42006,41979,42248,41981,41953,42297,42298,42299,42372,42003,42178],"rizoma_division":[42652],"rizoma_family":[],"rizoma_model_category":[],"rizoma_product_template":[],"product_brand":[],"product_cat":[42767],"product_tag":[],"class_list":{"0":"post-314442","1":"product","2":"type-product","3":"status-publish","4":"has-post-thumbnail","6":"rizoma_bike-r-ninet-2021-24","7":"rizoma_bike-r-ninet-100-years-2023","8":"rizoma_bike-r-ninet-1200-2014-16","9":"rizoma_bike-r-ninet-1200-2017-20","10":"rizoma_bike-r-ninet-1200-pure-2017-20","11":"rizoma_bike-r-ninet-1200-pure-2020","12":"rizoma_bike-r-ninet-1200-racer-2017-20","13":"rizoma_bike-r-ninet-1200-scrambler-2016-20","14":"rizoma_bike-r-ninet-pure-2021-24","15":"rizoma_bike-r-ninet-scrambler-2021-24","16":"rizoma_bike-r-ninet-urban-gs-2021-24","17":"rizoma_bike-r-ninet-urban-gs-1200-edition-40-years-gs-2021","18":"rizoma_bike-r-ninet-urban-gs-1200-2017-20","19":"rizoma_bike-r-ninet-5-1200-2019-20","20":"product_cat-kennzeichentrager","22":"first","23":"instock","24":"taxable","25":"shipping-taxable","26":"purchasable","27":"product-type-variable"},"acf":[],"_links":{"self":[{"href":"https:\/\/cycle.rizoma.com\/de\/wp-json\/wp\/v2\/product\/314442","targetHints":{"allow":["GET"]}}],"collection":[{"href":"https:\/\/cycle.rizoma.com\/de\/wp-json\/wp\/v2\/product"}],"about":[{"href":"https:\/\/cycle.rizoma.com\/de\/wp-json\/wp\/v2\/types\/product"}],"wp:featuredmedia":[{"embeddable":true,"href":"https:\/\/cycle.rizoma.com\/de\/wp-json\/wp\/v2\/media\/310706"}],"wp:attachment":[{"href":"https:\/\/cycle.rizoma.com\/de\/wp-json\/wp\/v2\/media?parent=314442"}],"wp:term":[{"taxonomy":"rizoma_assembly_time","embeddable":true,"href":"https:\/\/cycle.rizoma.com\/de\/wp-json\/wp\/v2\/rizoma_assembly_time?post=314442"},{"taxonomy":"rizoma_bike","embeddable":true,"href":"https:\/\/cycle.rizoma.com\/de\/wp-json\/wp\/v2\/rizoma_bike?post=314442"},{"taxonomy":"rizoma_division","embeddable":true,"href":"https:\/\/cycle.rizoma.com\/de\/wp-json\/wp\/v2\/rizoma_division?post=314442"},{"taxonomy":"rizoma_family","embeddable":true,"href":"https:\/\/cycle.rizoma.com\/de\/wp-json\/wp\/v2\/rizoma_family?post=314442"},{"taxonomy":"rizoma_model_category","embeddable":true,"href":"https:\/\/cycle.rizoma.com\/de\/wp-json\/wp\/v2\/rizoma_model_category?post=314442"},{"taxonomy":"rizoma_product_template","embeddable":true,"href":"https:\/\/cycle.rizoma.com\/de\/wp-json\/wp\/v2\/rizoma_product_template?post=314442"},{"taxonomy":"product_brand","embeddable":true,"href":"https:\/\/cycle.rizoma.com\/de\/wp-json\/wp\/v2\/product_brand?post=314442"},{"taxonomy":"product_cat","embeddable":true,"href":"https:\/\/cycle.rizoma.com\/de\/wp-json\/wp\/v2\/product_cat?post=314442"},{"taxonomy":"product_tag","embeddable":true,"href":"https:\/\/cycle.rizoma.com\/de\/wp-json\/wp\/v2\/product_tag?post=314442"}],"curies":[{"name":"wp","href":"https:\/\/api.w.org\/{rel}","templated":true}]}}