{"id":314507,"date":"2024-11-21T16:22:03","date_gmt":"2024-11-21T15:22:03","guid":{"rendered":"https:\/\/rwp.rizoma.com\/negozio\/motorschutz-zbw060\/"},"modified":"2026-04-18T23:53:20","modified_gmt":"2026-04-18T21:53:20","slug":"motorschutz-zbw060","status":"publish","type":"product","link":"https:\/\/cycle.rizoma.com\/de\/negozio\/mehr-fur-ihre-bmw\/ZBW060\/motorschutz-zbw060\/","title":{"rendered":"Motorschutz"},"content":{"rendered":"<p>Der Rizoma-Motorschutz aus 4 mm dickem Aluminium bietet selbst vor h\u00e4rtesten Schl\u00e4gen einen wirksamen Schutz und harmoniert perfekt mit der Motorradoptik. Dar\u00fcber hinaus schaltet sich die integrierte Bodenleuchte beim Ausklappen des Seitenst\u00e4nders f\u00fcr 60 Sekunden ein und erleichtert die korrekte Positionierung des Motorrads. Praktisch und sicher.<\/p>\n","protected":false},"excerpt":{"rendered":"<p>Der Rizoma-Motorschutz aus 4 mm dickem Aluminium bietet selbst vor h\u00e4rtesten Schl\u00e4gen einen wirksamen Schutz und harmoniert perfekt mit der Motorradoptik. Dar\u00fcber hinaus schaltet sich die integrierte Bodenleuchte beim Ausklappen des Seitenst\u00e4nders f\u00fcr 60 Sekunden ein und erleichtert die korrekte Positionierung des Motorrads. Praktisch und sicher.<\/p>\n","protected":false},"featured_media":294572,"template":"","meta":{"_acf_changed":false},"rizoma_assembly_time":[42789],"rizoma_bike":[41809,41970,41838,41971,42111],"rizoma_division":[42652],"rizoma_family":[],"rizoma_model_category":[],"rizoma_product_template":[],"product_brand":[],"product_cat":[42782],"product_tag":[],"class_list":{"0":"post-314507","1":"product","2":"type-product","3":"status-publish","4":"has-post-thumbnail","6":"rizoma_bike-r-1200-gs-2013-16","7":"rizoma_bike-r-1200-gs-2017-18","8":"rizoma_bike-r-1200-gs-adventure-2013-16","9":"rizoma_bike-r-1200-gs-adventure-2017-18","10":"rizoma_bike-r-1200-gs-rallye-2017-18","11":"product_cat-mehr-fur-ihre-bmw","13":"first","14":"outofstock","15":"sale","16":"taxable","17":"shipping-taxable","18":"purchasable","19":"product-type-variable"},"acf":[],"_links":{"self":[{"href":"https:\/\/cycle.rizoma.com\/de\/wp-json\/wp\/v2\/product\/314507","targetHints":{"allow":["GET"]}}],"collection":[{"href":"https:\/\/cycle.rizoma.com\/de\/wp-json\/wp\/v2\/product"}],"about":[{"href":"https:\/\/cycle.rizoma.com\/de\/wp-json\/wp\/v2\/types\/product"}],"wp:featuredmedia":[{"embeddable":true,"href":"https:\/\/cycle.rizoma.com\/de\/wp-json\/wp\/v2\/media\/294572"}],"wp:attachment":[{"href":"https:\/\/cycle.rizoma.com\/de\/wp-json\/wp\/v2\/media?parent=314507"}],"wp:term":[{"taxonomy":"rizoma_assembly_time","embeddable":true,"href":"https:\/\/cycle.rizoma.com\/de\/wp-json\/wp\/v2\/rizoma_assembly_time?post=314507"},{"taxonomy":"rizoma_bike","embeddable":true,"href":"https:\/\/cycle.rizoma.com\/de\/wp-json\/wp\/v2\/rizoma_bike?post=314507"},{"taxonomy":"rizoma_division","embeddable":true,"href":"https:\/\/cycle.rizoma.com\/de\/wp-json\/wp\/v2\/rizoma_division?post=314507"},{"taxonomy":"rizoma_family","embeddable":true,"href":"https:\/\/cycle.rizoma.com\/de\/wp-json\/wp\/v2\/rizoma_family?post=314507"},{"taxonomy":"rizoma_model_category","embeddable":true,"href":"https:\/\/cycle.rizoma.com\/de\/wp-json\/wp\/v2\/rizoma_model_category?post=314507"},{"taxonomy":"rizoma_product_template","embeddable":true,"href":"https:\/\/cycle.rizoma.com\/de\/wp-json\/wp\/v2\/rizoma_product_template?post=314507"},{"taxonomy":"product_brand","embeddable":true,"href":"https:\/\/cycle.rizoma.com\/de\/wp-json\/wp\/v2\/product_brand?post=314507"},{"taxonomy":"product_cat","embeddable":true,"href":"https:\/\/cycle.rizoma.com\/de\/wp-json\/wp\/v2\/product_cat?post=314507"},{"taxonomy":"product_tag","embeddable":true,"href":"https:\/\/cycle.rizoma.com\/de\/wp-json\/wp\/v2\/product_tag?post=314507"}],"curies":[{"name":"wp","href":"https:\/\/api.w.org\/{rel}","templated":true}]}}