{"id":314527,"date":"2024-11-21T16:22:27","date_gmt":"2024-11-21T15:22:27","guid":{"rendered":"https:\/\/rwp.rizoma.com\/negozio\/obere-lenkerklemmung-fur-konische-lenker-az203\/"},"modified":"2025-12-28T16:36:23","modified_gmt":"2025-12-28T15:36:23","slug":"obere-lenkerklemmung-fur-konische-lenker-az203","status":"publish","type":"product","link":"https:\/\/cycle.rizoma.com\/de\/negozio\/lenker-kit\/AZ203\/obere-lenkerklemmung-fur-konische-lenker-az203\/motorbike\/5498\/triumph\/daytona-675\/","title":{"rendered":"Obere Lenkerklemmung f\u00fcr konische Lenker"},"content":{"rendered":"<p>Mit den Rizoma-Klemmb\u00f6cken k\u00f6nnen OEM-Lenker durch konische Lenker ersetzt und die Instrumente zentral positioniert werden. Fahrspa\u00df gepaart mit einer enormen optischen Aufwertung machen die Scrambler absolut einzigartig. Die Klemmb\u00f6cke verf\u00fcgen \u00fcber eine T\u00dcV-Zertifizierung. Lenkererh\u00f6hung \u00d8 29 mm<\/p>\n","protected":false},"excerpt":{"rendered":"<p>Mit den Rizoma-Klemmb\u00f6cken k\u00f6nnen OEM-Lenker durch konische Lenker ersetzt und die Instrumente zentral positioniert werden. Fahrspa\u00df gepaart mit einer enormen optischen Aufwertung machen die Scrambler absolut einzigartig. Die Klemmb\u00f6cke verf\u00fcgen \u00fcber eine T\u00dcV-Zertifizierung. Lenkererh\u00f6hung \u00d8 29 mm<\/p>\n","protected":false},"featured_media":296977,"template":"","meta":{"_acf_changed":false},"rizoma_assembly_time":[42789],"rizoma_bike":[41944,41876,42054,42005,42325,42388,41943,41877,42055,41878,42056,42198,42326,42217,42428,42066,42109,41879,42429],"rizoma_division":[42652],"rizoma_family":[42657],"rizoma_model_category":[],"rizoma_product_template":[],"product_brand":[],"product_cat":[42662],"product_tag":[],"class_list":{"0":"post-314527","1":"product","2":"type-product","3":"status-publish","4":"has-post-thumbnail","6":"rizoma_bike-scrambler-400-sixty-2-2016-21","7":"rizoma_bike-scrambler-800-classic-2015-16","8":"rizoma_bike-scrambler-800-classic-2017-18","9":"rizoma_bike-scrambler-800-desert-sled-2017-20","10":"rizoma_bike-scrambler-800-desert-sled-2021-22","11":"rizoma_bike-scrambler-800-desert-sled-fasthouse-2021-22","12":"rizoma_bike-scrambler-800-flat-track-pro-2016-17","13":"rizoma_bike-scrambler-800-full-throttle-2015-16","14":"rizoma_bike-scrambler-800-full-throttle-2017-21","15":"rizoma_bike-scrambler-800-icon-2015-16","16":"rizoma_bike-scrambler-800-icon-2017-20","17":"rizoma_bike-scrambler-800-icon-2019-20","18":"rizoma_bike-scrambler-800-icon-2021-22","19":"rizoma_bike-scrambler-800-icon-dark-2020","20":"rizoma_bike-scrambler-800-icon-dark-2021-22","21":"rizoma_bike-scrambler-800-mach-2-0-2017-19","22":"rizoma_bike-scrambler-800-street-classic-2017-18","23":"rizoma_bike-scrambler-800-urban-enduro-2015-16","24":"rizoma_bike-scrambler-800-urban-motard-2022","25":"product_cat-lenker-kit","27":"first","28":"instock","29":"taxable","30":"shipping-taxable","31":"purchasable","32":"product-type-variable"},"acf":[],"_links":{"self":[{"href":"https:\/\/cycle.rizoma.com\/de\/wp-json\/wp\/v2\/product\/314527","targetHints":{"allow":["GET"]}}],"collection":[{"href":"https:\/\/cycle.rizoma.com\/de\/wp-json\/wp\/v2\/product"}],"about":[{"href":"https:\/\/cycle.rizoma.com\/de\/wp-json\/wp\/v2\/types\/product"}],"wp:featuredmedia":[{"embeddable":true,"href":"https:\/\/cycle.rizoma.com\/de\/wp-json\/wp\/v2\/media\/296977"}],"wp:attachment":[{"href":"https:\/\/cycle.rizoma.com\/de\/wp-json\/wp\/v2\/media?parent=314527"}],"wp:term":[{"taxonomy":"rizoma_assembly_time","embeddable":true,"href":"https:\/\/cycle.rizoma.com\/de\/wp-json\/wp\/v2\/rizoma_assembly_time?post=314527"},{"taxonomy":"rizoma_bike","embeddable":true,"href":"https:\/\/cycle.rizoma.com\/de\/wp-json\/wp\/v2\/rizoma_bike?post=314527"},{"taxonomy":"rizoma_division","embeddable":true,"href":"https:\/\/cycle.rizoma.com\/de\/wp-json\/wp\/v2\/rizoma_division?post=314527"},{"taxonomy":"rizoma_family","embeddable":true,"href":"https:\/\/cycle.rizoma.com\/de\/wp-json\/wp\/v2\/rizoma_family?post=314527"},{"taxonomy":"rizoma_model_category","embeddable":true,"href":"https:\/\/cycle.rizoma.com\/de\/wp-json\/wp\/v2\/rizoma_model_category?post=314527"},{"taxonomy":"rizoma_product_template","embeddable":true,"href":"https:\/\/cycle.rizoma.com\/de\/wp-json\/wp\/v2\/rizoma_product_template?post=314527"},{"taxonomy":"product_brand","embeddable":true,"href":"https:\/\/cycle.rizoma.com\/de\/wp-json\/wp\/v2\/product_brand?post=314527"},{"taxonomy":"product_cat","embeddable":true,"href":"https:\/\/cycle.rizoma.com\/de\/wp-json\/wp\/v2\/product_cat?post=314527"},{"taxonomy":"product_tag","embeddable":true,"href":"https:\/\/cycle.rizoma.com\/de\/wp-json\/wp\/v2\/product_tag?post=314527"}],"curies":[{"name":"wp","href":"https:\/\/api.w.org\/{rel}","templated":true}]}}