{"id":314537,"date":"2024-11-21T16:22:40","date_gmt":"2024-11-21T15:22:40","guid":{"rendered":"https:\/\/rwp.rizoma.com\/negozio\/kennzeichentrager-kit-outside-street-pt527\/"},"modified":"2026-03-26T11:41:57","modified_gmt":"2026-03-26T10:41:57","slug":"kennzeichentrager-kit-outside-street-pt527","status":"publish","type":"product","link":"https:\/\/cycle.rizoma.com\/de\/negozio\/kennzeichentrager\/PT527\/kennzeichentrager-kit-outside-street-pt527\/","title":{"rendered":"Kennzeichentr\u00e4ger-Kit Outside Street"},"content":{"rendered":"<p>Das Kennzeichentr\u00e4ger-Kit Outside mit aus dem Vollen gearbeiteter Tragkonstruktion aus Aluminium ersetzt das OEM-Bauteil und kombiniert verschiedene Materialien und Bearbeitungsverfahren. Abgesehen von seiner ausgezeichneten strukturellen Performance verleiht es der Hinterachse einen schnittigen, auffallenden Look und macht Ihre Scrambler damit absolut einzigartig. Das speziell f\u00fcr das jeweilige Motorradmodell konzipierte Kit ist leicht zu montieren und umfasst zwei Kennzeichentr\u00e4gerplatten (173&#215;173 mm und US-Ma\u00df), eine stra\u00dfenzugelassene SMD-LED-Kennzeichenbeleuchtung und einen Reflektor. Der Kennzeichentr\u00e4ger Outside PT527B verf\u00fcgt \u00fcber eine ABE-Zertifizierung.<\/p>\n","protected":false},"excerpt":{"rendered":"<p>Das Kennzeichentr\u00e4ger-Kit Outside mit aus dem Vollen gearbeiteter Tragkonstruktion aus Aluminium ersetzt das OEM-Bauteil und kombiniert verschiedene Materialien und Bearbeitungsverfahren. Abgesehen von seiner ausgezeichneten strukturellen Performance verleiht es der Hinterachse einen schnittigen, auffallenden Look und macht Ihre Scrambler damit absolut einzigartig. Das speziell f\u00fcr das jeweilige Motorradmodell konzipierte Kit ist leicht zu montieren und umfasst [&hellip;]<\/p>\n","protected":false},"featured_media":307451,"template":"","meta":{"_acf_changed":false},"rizoma_assembly_time":[42691],"rizoma_bike":[42010,41876,42054,41877,42055,41878,42056,42198,42326,42217,42428,41958,42066,42327,42109,41879,42429],"rizoma_division":[42652],"rizoma_family":[],"rizoma_model_category":[],"rizoma_product_template":[],"product_brand":[],"product_cat":[42767],"product_tag":[],"class_list":{"0":"post-314537","1":"product","2":"type-product","3":"status-publish","4":"has-post-thumbnail","6":"rizoma_bike-scrambler-800-cafe-racer-2017-21","7":"rizoma_bike-scrambler-800-classic-2015-16","8":"rizoma_bike-scrambler-800-classic-2017-18","9":"rizoma_bike-scrambler-800-full-throttle-2015-16","10":"rizoma_bike-scrambler-800-full-throttle-2017-21","11":"rizoma_bike-scrambler-800-icon-2015-16","12":"rizoma_bike-scrambler-800-icon-2017-20","13":"rizoma_bike-scrambler-800-icon-2019-20","14":"rizoma_bike-scrambler-800-icon-2021-22","15":"rizoma_bike-scrambler-800-icon-dark-2020","16":"rizoma_bike-scrambler-800-icon-dark-2021-22","17":"rizoma_bike-scrambler-800-italia-independent-2015-16","18":"rizoma_bike-scrambler-800-mach-2-0-2017-19","19":"rizoma_bike-scrambler-800-night-shift-2021-22","20":"rizoma_bike-scrambler-800-street-classic-2017-18","21":"rizoma_bike-scrambler-800-urban-enduro-2015-16","22":"rizoma_bike-scrambler-800-urban-motard-2022","23":"product_cat-kennzeichentrager","25":"first","26":"instock","27":"taxable","28":"shipping-taxable","29":"purchasable","30":"product-type-variable"},"acf":[],"_links":{"self":[{"href":"https:\/\/cycle.rizoma.com\/de\/wp-json\/wp\/v2\/product\/314537","targetHints":{"allow":["GET"]}}],"collection":[{"href":"https:\/\/cycle.rizoma.com\/de\/wp-json\/wp\/v2\/product"}],"about":[{"href":"https:\/\/cycle.rizoma.com\/de\/wp-json\/wp\/v2\/types\/product"}],"wp:featuredmedia":[{"embeddable":true,"href":"https:\/\/cycle.rizoma.com\/de\/wp-json\/wp\/v2\/media\/307451"}],"wp:attachment":[{"href":"https:\/\/cycle.rizoma.com\/de\/wp-json\/wp\/v2\/media?parent=314537"}],"wp:term":[{"taxonomy":"rizoma_assembly_time","embeddable":true,"href":"https:\/\/cycle.rizoma.com\/de\/wp-json\/wp\/v2\/rizoma_assembly_time?post=314537"},{"taxonomy":"rizoma_bike","embeddable":true,"href":"https:\/\/cycle.rizoma.com\/de\/wp-json\/wp\/v2\/rizoma_bike?post=314537"},{"taxonomy":"rizoma_division","embeddable":true,"href":"https:\/\/cycle.rizoma.com\/de\/wp-json\/wp\/v2\/rizoma_division?post=314537"},{"taxonomy":"rizoma_family","embeddable":true,"href":"https:\/\/cycle.rizoma.com\/de\/wp-json\/wp\/v2\/rizoma_family?post=314537"},{"taxonomy":"rizoma_model_category","embeddable":true,"href":"https:\/\/cycle.rizoma.com\/de\/wp-json\/wp\/v2\/rizoma_model_category?post=314537"},{"taxonomy":"rizoma_product_template","embeddable":true,"href":"https:\/\/cycle.rizoma.com\/de\/wp-json\/wp\/v2\/rizoma_product_template?post=314537"},{"taxonomy":"product_brand","embeddable":true,"href":"https:\/\/cycle.rizoma.com\/de\/wp-json\/wp\/v2\/product_brand?post=314537"},{"taxonomy":"product_cat","embeddable":true,"href":"https:\/\/cycle.rizoma.com\/de\/wp-json\/wp\/v2\/product_cat?post=314537"},{"taxonomy":"product_tag","embeddable":true,"href":"https:\/\/cycle.rizoma.com\/de\/wp-json\/wp\/v2\/product_tag?post=314537"}],"curies":[{"name":"wp","href":"https:\/\/api.w.org\/{rel}","templated":true}]}}