{"id":314687,"date":"2024-11-21T16:25:46","date_gmt":"2024-11-21T15:25:46","guid":{"rendered":"https:\/\/rwp.rizoma.com\/negozio\/ausgleichsbehalterdeckel-bremse-vorn-zhd124\/"},"modified":"2025-06-06T05:29:07","modified_gmt":"2025-06-06T03:29:07","slug":"ausgleichsbehalterdeckel-bremse-vorn-zhd124","status":"publish","type":"product","link":"https:\/\/cycle.rizoma.com\/de\/negozio\/ausgleichsbehalter\/ZHD124\/ausgleichsbehalterdeckel-bremse-vorn-zhd124\/","title":{"rendered":"Ausgleichsbeh\u00e4lterdeckel Bremse vorn"},"content":{"rendered":"<p>Der Ausgleichsbeh\u00e4lterdeckel der Bremse vorn wurde eigens f\u00fcr die Softail-Produktlinie designt. Mit seinen abgeschr\u00e4gten Linien nimmt er die Optik der gesamten Produktlinie wieder auf und komplettiert zusammen mit dem Ausgleichsbeh\u00e4lterdeckel der Bremse hinten den Look der Vorderachse. Aus dem Vollen gearbeitetes, eloxiertes und hochglanzpoliertes Aluminium f\u00fcr ein perfektes Finish.<\/p>\n","protected":false},"excerpt":{"rendered":"<p>Der Ausgleichsbeh\u00e4lterdeckel der Bremse vorn wurde eigens f\u00fcr die Softail-Produktlinie designt. Mit seinen abgeschr\u00e4gten Linien nimmt er die Optik der gesamten Produktlinie wieder auf und komplettiert zusammen mit dem Ausgleichsbeh\u00e4lterdeckel der Bremse hinten den Look der Vorderachse. Aus dem Vollen gearbeitetes, eloxiertes und hochglanzpoliertes Aluminium f\u00fcr ein perfektes Finish.<\/p>\n","protected":false},"featured_media":294867,"template":"","meta":{"_acf_changed":false},"rizoma_assembly_time":[42753],"rizoma_bike":[43787,43808,43800,43796,43798,43811,43795,43781,43820,43812,43799,43810,43806,43816],"rizoma_division":[42652],"rizoma_family":[42818],"rizoma_model_category":[],"rizoma_product_template":[],"product_brand":[],"product_cat":[42689],"product_tag":[],"class_list":{"0":"post-314687","1":"product","2":"type-product","3":"status-publish","4":"has-post-thumbnail","6":"rizoma_bike-107-breakout-2018-19-fxbr","7":"rizoma_bike-107-fat-bob-2017-20-fxfb","8":"rizoma_bike-107-fat-boy-2017-20-flfb","9":"rizoma_bike-107-low-rider-2018-20-fxlr","10":"rizoma_bike-107-slim-2018-20-flsl","11":"rizoma_bike-107-street-bob-2018-20-fxbb","12":"rizoma_bike-114-breakout-2018-20-fxbrs","13":"rizoma_bike-114-fat-bob-2018-20-fxfbs","14":"rizoma_bike-114-fat-boy-2018-20-flfbs","15":"rizoma_bike-114-fxdr-2019-20","16":"rizoma_bike-114-low-rider-s-2020-fxlrs","17":"rizoma_bike-low-rider-s-2022-24","18":"rizoma_bike-low-rider-st-2022-24","19":"rizoma_bike-softail-slim-2011-17-fls","20":"product_cat-ausgleichsbehalter","22":"first","23":"instock","24":"sale","25":"taxable","26":"shipping-taxable","27":"purchasable","28":"product-type-variable"},"acf":[],"_links":{"self":[{"href":"https:\/\/cycle.rizoma.com\/de\/wp-json\/wp\/v2\/product\/314687","targetHints":{"allow":["GET"]}}],"collection":[{"href":"https:\/\/cycle.rizoma.com\/de\/wp-json\/wp\/v2\/product"}],"about":[{"href":"https:\/\/cycle.rizoma.com\/de\/wp-json\/wp\/v2\/types\/product"}],"wp:featuredmedia":[{"embeddable":true,"href":"https:\/\/cycle.rizoma.com\/de\/wp-json\/wp\/v2\/media\/294867"}],"wp:attachment":[{"href":"https:\/\/cycle.rizoma.com\/de\/wp-json\/wp\/v2\/media?parent=314687"}],"wp:term":[{"taxonomy":"rizoma_assembly_time","embeddable":true,"href":"https:\/\/cycle.rizoma.com\/de\/wp-json\/wp\/v2\/rizoma_assembly_time?post=314687"},{"taxonomy":"rizoma_bike","embeddable":true,"href":"https:\/\/cycle.rizoma.com\/de\/wp-json\/wp\/v2\/rizoma_bike?post=314687"},{"taxonomy":"rizoma_division","embeddable":true,"href":"https:\/\/cycle.rizoma.com\/de\/wp-json\/wp\/v2\/rizoma_division?post=314687"},{"taxonomy":"rizoma_family","embeddable":true,"href":"https:\/\/cycle.rizoma.com\/de\/wp-json\/wp\/v2\/rizoma_family?post=314687"},{"taxonomy":"rizoma_model_category","embeddable":true,"href":"https:\/\/cycle.rizoma.com\/de\/wp-json\/wp\/v2\/rizoma_model_category?post=314687"},{"taxonomy":"rizoma_product_template","embeddable":true,"href":"https:\/\/cycle.rizoma.com\/de\/wp-json\/wp\/v2\/rizoma_product_template?post=314687"},{"taxonomy":"product_brand","embeddable":true,"href":"https:\/\/cycle.rizoma.com\/de\/wp-json\/wp\/v2\/product_brand?post=314687"},{"taxonomy":"product_cat","embeddable":true,"href":"https:\/\/cycle.rizoma.com\/de\/wp-json\/wp\/v2\/product_cat?post=314687"},{"taxonomy":"product_tag","embeddable":true,"href":"https:\/\/cycle.rizoma.com\/de\/wp-json\/wp\/v2\/product_tag?post=314687"}],"curies":[{"name":"wp","href":"https:\/\/api.w.org\/{rel}","templated":true}]}}