{"id":314692,"date":"2024-11-21T16:25:52","date_gmt":"2024-11-21T15:25:52","guid":{"rendered":"https:\/\/rwp.rizoma.com\/negozio\/ausgleichsbehalterdeckel-bremse-hinten-zhd123\/"},"modified":"2025-12-18T00:37:24","modified_gmt":"2025-12-17T23:37:24","slug":"ausgleichsbehalterdeckel-bremse-hinten-zhd123","status":"publish","type":"product","link":"https:\/\/cycle.rizoma.com\/de\/negozio\/ausgleichsbehalter\/ZHD123\/ausgleichsbehalterdeckel-bremse-hinten-zhd123\/","title":{"rendered":"Ausgleichsbeh\u00e4lterdeckel Bremse hinten"},"content":{"rendered":"<p>Der Ausgleichsbeh\u00e4lterdeckel der Bremse hinten wurde eigens f\u00fcr die Softail-Produktlinie designt. Mit seinen abgeschr\u00e4gten Linien nimmt er die Optik der gesamten Produktlinie wieder auf und komplettiert zusammen mit dem Ausgleichsbeh\u00e4lterdeckel der Bremse vorn den Look der Vorderachse. Aus dem Vollen gearbeitetes, eloxiertes und hochglanzpoliertes Aluminium f\u00fcr ein perfektes Finish.<\/p>\n","protected":false},"excerpt":{"rendered":"<p>Der Ausgleichsbeh\u00e4lterdeckel der Bremse hinten wurde eigens f\u00fcr die Softail-Produktlinie designt. Mit seinen abgeschr\u00e4gten Linien nimmt er die Optik der gesamten Produktlinie wieder auf und komplettiert zusammen mit dem Ausgleichsbeh\u00e4lterdeckel der Bremse vorn den Look der Vorderachse. Aus dem Vollen gearbeitetes, eloxiertes und hochglanzpoliertes Aluminium f\u00fcr ein perfektes Finish.<\/p>\n","protected":false},"featured_media":294862,"template":"","meta":{"_acf_changed":false},"rizoma_assembly_time":[42753],"rizoma_bike":[43816],"rizoma_division":[42652],"rizoma_family":[42818],"rizoma_model_category":[],"rizoma_product_template":[],"product_brand":[],"product_cat":[42689],"product_tag":[],"class_list":{"0":"post-314692","1":"product","2":"type-product","3":"status-publish","4":"has-post-thumbnail","6":"rizoma_bike-softail-slim-2011-17-fls","7":"product_cat-ausgleichsbehalter","9":"first","10":"instock","11":"sale","12":"taxable","13":"shipping-taxable","14":"purchasable","15":"product-type-variable"},"acf":[],"_links":{"self":[{"href":"https:\/\/cycle.rizoma.com\/de\/wp-json\/wp\/v2\/product\/314692","targetHints":{"allow":["GET"]}}],"collection":[{"href":"https:\/\/cycle.rizoma.com\/de\/wp-json\/wp\/v2\/product"}],"about":[{"href":"https:\/\/cycle.rizoma.com\/de\/wp-json\/wp\/v2\/types\/product"}],"wp:featuredmedia":[{"embeddable":true,"href":"https:\/\/cycle.rizoma.com\/de\/wp-json\/wp\/v2\/media\/294862"}],"wp:attachment":[{"href":"https:\/\/cycle.rizoma.com\/de\/wp-json\/wp\/v2\/media?parent=314692"}],"wp:term":[{"taxonomy":"rizoma_assembly_time","embeddable":true,"href":"https:\/\/cycle.rizoma.com\/de\/wp-json\/wp\/v2\/rizoma_assembly_time?post=314692"},{"taxonomy":"rizoma_bike","embeddable":true,"href":"https:\/\/cycle.rizoma.com\/de\/wp-json\/wp\/v2\/rizoma_bike?post=314692"},{"taxonomy":"rizoma_division","embeddable":true,"href":"https:\/\/cycle.rizoma.com\/de\/wp-json\/wp\/v2\/rizoma_division?post=314692"},{"taxonomy":"rizoma_family","embeddable":true,"href":"https:\/\/cycle.rizoma.com\/de\/wp-json\/wp\/v2\/rizoma_family?post=314692"},{"taxonomy":"rizoma_model_category","embeddable":true,"href":"https:\/\/cycle.rizoma.com\/de\/wp-json\/wp\/v2\/rizoma_model_category?post=314692"},{"taxonomy":"rizoma_product_template","embeddable":true,"href":"https:\/\/cycle.rizoma.com\/de\/wp-json\/wp\/v2\/rizoma_product_template?post=314692"},{"taxonomy":"product_brand","embeddable":true,"href":"https:\/\/cycle.rizoma.com\/de\/wp-json\/wp\/v2\/product_brand?post=314692"},{"taxonomy":"product_cat","embeddable":true,"href":"https:\/\/cycle.rizoma.com\/de\/wp-json\/wp\/v2\/product_cat?post=314692"},{"taxonomy":"product_tag","embeddable":true,"href":"https:\/\/cycle.rizoma.com\/de\/wp-json\/wp\/v2\/product_tag?post=314692"}],"curies":[{"name":"wp","href":"https:\/\/api.w.org\/{rel}","templated":true}]}}