{"id":314697,"date":"2024-11-21T16:25:58","date_gmt":"2024-11-21T15:25:58","guid":{"rendered":"https:\/\/rwp.rizoma.com\/negozio\/rizoma-blinker-montagesatz-fur-die-vorne-fr552\/"},"modified":"2025-03-31T18:03:36","modified_gmt":"2025-03-31T16:03:36","slug":"rizoma-blinker-montagesatz-fur-die-vorne-fr552","status":"publish","type":"product","link":"https:\/\/cycle.rizoma.com\/de\/negozio\/blinker\/FR552\/rizoma-blinker-montagesatz-fur-die-vorne-fr552\/","title":{"rendered":"Rizoma Blinker Montagesatz f\u00fcr die (vorne)"},"content":{"rendered":"<p>Jeder Adapter wurde eigens f\u00fcr das entsprechende Motorradmodell entwickelt, um eine bestm\u00f6gliche Befestigung zu gew\u00e4hrleisten. Diese Adapter sind aus Aluminium gefertigt. Der FR552B Kit erm\u00f6glicht die Montage der Rizoma Frontblinker auf Lenkerararmaturen mittels OEM Spiegel Schraube oder mittlels Rizoma ONE Spiegel (Artikelnummer BS251B). END MOUNT Rizoma Spiegel k\u00f6nnen mittels der im FR522B Kit enthaltenden Schrauben montiert werden.<\/p>\n","protected":false},"excerpt":{"rendered":"<p>Jeder Adapter wurde eigens f\u00fcr das entsprechende Motorradmodell entwickelt, um eine bestm\u00f6gliche Befestigung zu gew\u00e4hrleisten. Diese Adapter sind aus Aluminium gefertigt. Der FR552B Kit erm\u00f6glicht die Montage der Rizoma Frontblinker auf Lenkerararmaturen mittels OEM Spiegel Schraube oder mittlels Rizoma ONE Spiegel (Artikelnummer BS251B). END MOUNT Rizoma Spiegel k\u00f6nnen mittels der im FR522B Kit enthaltenden Schrauben [&hellip;]<\/p>\n","protected":false},"featured_media":295787,"template":"","meta":{"_acf_changed":false},"rizoma_assembly_time":[42675],"rizoma_bike":[43787,43808,43800,43798,43811,43795,43781,43820,43785,43816],"rizoma_division":[42652],"rizoma_family":[42710],"rizoma_model_category":[],"rizoma_product_template":[],"product_brand":[],"product_cat":[42715],"product_tag":[],"class_list":{"0":"post-314697","1":"product","2":"type-product","3":"status-publish","4":"has-post-thumbnail","6":"rizoma_bike-107-breakout-2018-19-fxbr","7":"rizoma_bike-107-fat-bob-2017-20-fxfb","8":"rizoma_bike-107-fat-boy-2017-20-flfb","9":"rizoma_bike-107-slim-2018-20-flsl","10":"rizoma_bike-107-street-bob-2018-20-fxbb","11":"rizoma_bike-114-breakout-2018-20-fxbrs","12":"rizoma_bike-114-fat-bob-2018-20-fxfbs","13":"rizoma_bike-114-fat-boy-2018-20-flfbs","14":"rizoma_bike-1200-forty-eight-2016-20","15":"rizoma_bike-softail-slim-2011-17-fls","16":"product_cat-blinker","18":"first","19":"instock","20":"taxable","21":"shipping-taxable","22":"purchasable","23":"product-type-variable"},"acf":[],"_links":{"self":[{"href":"https:\/\/cycle.rizoma.com\/de\/wp-json\/wp\/v2\/product\/314697","targetHints":{"allow":["GET"]}}],"collection":[{"href":"https:\/\/cycle.rizoma.com\/de\/wp-json\/wp\/v2\/product"}],"about":[{"href":"https:\/\/cycle.rizoma.com\/de\/wp-json\/wp\/v2\/types\/product"}],"wp:featuredmedia":[{"embeddable":true,"href":"https:\/\/cycle.rizoma.com\/de\/wp-json\/wp\/v2\/media\/295787"}],"wp:attachment":[{"href":"https:\/\/cycle.rizoma.com\/de\/wp-json\/wp\/v2\/media?parent=314697"}],"wp:term":[{"taxonomy":"rizoma_assembly_time","embeddable":true,"href":"https:\/\/cycle.rizoma.com\/de\/wp-json\/wp\/v2\/rizoma_assembly_time?post=314697"},{"taxonomy":"rizoma_bike","embeddable":true,"href":"https:\/\/cycle.rizoma.com\/de\/wp-json\/wp\/v2\/rizoma_bike?post=314697"},{"taxonomy":"rizoma_division","embeddable":true,"href":"https:\/\/cycle.rizoma.com\/de\/wp-json\/wp\/v2\/rizoma_division?post=314697"},{"taxonomy":"rizoma_family","embeddable":true,"href":"https:\/\/cycle.rizoma.com\/de\/wp-json\/wp\/v2\/rizoma_family?post=314697"},{"taxonomy":"rizoma_model_category","embeddable":true,"href":"https:\/\/cycle.rizoma.com\/de\/wp-json\/wp\/v2\/rizoma_model_category?post=314697"},{"taxonomy":"rizoma_product_template","embeddable":true,"href":"https:\/\/cycle.rizoma.com\/de\/wp-json\/wp\/v2\/rizoma_product_template?post=314697"},{"taxonomy":"product_brand","embeddable":true,"href":"https:\/\/cycle.rizoma.com\/de\/wp-json\/wp\/v2\/product_brand?post=314697"},{"taxonomy":"product_cat","embeddable":true,"href":"https:\/\/cycle.rizoma.com\/de\/wp-json\/wp\/v2\/product_cat?post=314697"},{"taxonomy":"product_tag","embeddable":true,"href":"https:\/\/cycle.rizoma.com\/de\/wp-json\/wp\/v2\/product_tag?post=314697"}],"curies":[{"name":"wp","href":"https:\/\/api.w.org\/{rel}","templated":true}]}}