{"id":314912,"date":"2024-11-21T16:30:32","date_gmt":"2024-11-21T15:30:32","guid":{"rendered":"https:\/\/rwp.rizoma.com\/negozio\/lenker-klemmbocke-erhoht-und-versetzt-az453\/"},"modified":"2025-01-14T11:40:50","modified_gmt":"2025-01-14T10:40:50","slug":"lenker-klemmbocke-erhoht-und-versetzt-az453","status":"publish","type":"product","link":"https:\/\/cycle.rizoma.com\/de\/negozio\/lenker-kit\/AZ453\/lenker-klemmbocke-erhoht-und-versetzt-az453\/","title":{"rendered":"Lenker-Klemmb\u00f6cke erh\u00f6ht und versetzt"},"content":{"rendered":"<p>Die Klemmb\u00f6cke sind aus Aluminium gearbeitet. Die um 10 mm erh\u00f6hte und um 30 mm zur\u00fcckversetzte Position sorgt f\u00fcr noch mehr Komfort und Fahrspa\u00df.<br \/>Die Klemmb\u00f6cke sind mit den OEM-Klemmbockoberschalen kompatibel.<\/p>\n","protected":false},"excerpt":{"rendered":"<p>Die Klemmb\u00f6cke sind aus Aluminium gearbeitet. Die um 10 mm erh\u00f6hte und um 30 mm zur\u00fcckversetzte Position sorgt f\u00fcr noch mehr Komfort und Fahrspa\u00df.Die Klemmb\u00f6cke sind mit den OEM-Klemmbockoberschalen kompatibel.<\/p>\n","protected":false},"featured_media":297007,"template":"","meta":{"_acf_changed":false},"rizoma_assembly_time":[42855],"rizoma_bike":[41953,42298,42299,42372,42003],"rizoma_division":[42652],"rizoma_family":[42657],"rizoma_model_category":[],"rizoma_product_template":[],"product_brand":[],"product_cat":[42662],"product_tag":[],"class_list":{"0":"post-314912","1":"product","2":"type-product","3":"status-publish","4":"has-post-thumbnail","6":"rizoma_bike-r-ninet-1200-scrambler-2016-20","7":"rizoma_bike-r-ninet-scrambler-2021-24","8":"rizoma_bike-r-ninet-urban-gs-2021-24","9":"rizoma_bike-r-ninet-urban-gs-1200-edition-40-years-gs-2021","10":"rizoma_bike-r-ninet-urban-gs-1200-2017-20","11":"product_cat-lenker-kit","13":"first","14":"instock","15":"taxable","16":"shipping-taxable","17":"purchasable","18":"product-type-variable"},"acf":[],"_links":{"self":[{"href":"https:\/\/cycle.rizoma.com\/de\/wp-json\/wp\/v2\/product\/314912","targetHints":{"allow":["GET"]}}],"collection":[{"href":"https:\/\/cycle.rizoma.com\/de\/wp-json\/wp\/v2\/product"}],"about":[{"href":"https:\/\/cycle.rizoma.com\/de\/wp-json\/wp\/v2\/types\/product"}],"wp:featuredmedia":[{"embeddable":true,"href":"https:\/\/cycle.rizoma.com\/de\/wp-json\/wp\/v2\/media\/297007"}],"wp:attachment":[{"href":"https:\/\/cycle.rizoma.com\/de\/wp-json\/wp\/v2\/media?parent=314912"}],"wp:term":[{"taxonomy":"rizoma_assembly_time","embeddable":true,"href":"https:\/\/cycle.rizoma.com\/de\/wp-json\/wp\/v2\/rizoma_assembly_time?post=314912"},{"taxonomy":"rizoma_bike","embeddable":true,"href":"https:\/\/cycle.rizoma.com\/de\/wp-json\/wp\/v2\/rizoma_bike?post=314912"},{"taxonomy":"rizoma_division","embeddable":true,"href":"https:\/\/cycle.rizoma.com\/de\/wp-json\/wp\/v2\/rizoma_division?post=314912"},{"taxonomy":"rizoma_family","embeddable":true,"href":"https:\/\/cycle.rizoma.com\/de\/wp-json\/wp\/v2\/rizoma_family?post=314912"},{"taxonomy":"rizoma_model_category","embeddable":true,"href":"https:\/\/cycle.rizoma.com\/de\/wp-json\/wp\/v2\/rizoma_model_category?post=314912"},{"taxonomy":"rizoma_product_template","embeddable":true,"href":"https:\/\/cycle.rizoma.com\/de\/wp-json\/wp\/v2\/rizoma_product_template?post=314912"},{"taxonomy":"product_brand","embeddable":true,"href":"https:\/\/cycle.rizoma.com\/de\/wp-json\/wp\/v2\/product_brand?post=314912"},{"taxonomy":"product_cat","embeddable":true,"href":"https:\/\/cycle.rizoma.com\/de\/wp-json\/wp\/v2\/product_cat?post=314912"},{"taxonomy":"product_tag","embeddable":true,"href":"https:\/\/cycle.rizoma.com\/de\/wp-json\/wp\/v2\/product_tag?post=314912"}],"curies":[{"name":"wp","href":"https:\/\/api.w.org\/{rel}","templated":true}]}}