{"id":315037,"date":"2024-11-21T16:33:11","date_gmt":"2024-11-21T15:33:11","guid":{"rendered":"https:\/\/rwp.rizoma.com\/negozio\/ausgleichsbehalterdeckel-bremse-vorn-tp049\/"},"modified":"2026-04-10T07:37:18","modified_gmt":"2026-04-10T05:37:18","slug":"ausgleichsbehalterdeckel-bremse-vorn-tp049","status":"publish","type":"product","link":"https:\/\/cycle.rizoma.com\/de\/negozio\/ausgleichsbehalter\/TP049\/ausgleichsbehalterdeckel-bremse-vorn-tp049\/","title":{"rendered":"Ausgleichsbeh\u00e4lterdeckel Bremse vorn"},"content":{"rendered":"<p>Das bis ins kleinste Detail durchdachte Design der aus dem Vollen gearbeiteten Rizoma-Bremsausgleichsbeh\u00e4lterdeckel aus reinem Aluminium rundet die Optik Ihrer Motorrad perfekt ab. Die eloxierte Oberfl\u00e4che sorgt dar\u00fcber hinaus f\u00fcr eine langlebige Optik.<\/p>\n","protected":false},"excerpt":{"rendered":"<p>Das bis ins kleinste Detail durchdachte Design der aus dem Vollen gearbeiteten Rizoma-Bremsausgleichsbeh\u00e4lterdeckel aus reinem Aluminium rundet die Optik Ihrer Motorrad perfekt ab. Die eloxierte Oberfl\u00e4che sorgt dar\u00fcber hinaus f\u00fcr eine langlebige Optik.<\/p>\n","protected":false},"featured_media":296212,"template":"","meta":{"_acf_changed":false},"rizoma_assembly_time":[42753],"rizoma_bike":[42100,42243,44421,42026,42114,42122,42105,42106,42012,42013,42168,42189,42241,44423,44428,41778,42359,44426,42360,44430,44424],"rizoma_division":[42652],"rizoma_family":[42818],"rizoma_model_category":[],"rizoma_product_template":[],"product_brand":[],"product_cat":[42689],"product_tag":[],"class_list":{"0":"post-315037","1":"product","2":"type-product","3":"status-publish","4":"has-post-thumbnail","6":"rizoma_bike-svartpilen-401-2018-19","7":"rizoma_bike-svartpilen-401-2020","8":"rizoma_bike-v7-850-stone-special-abs-2021","9":"rizoma_bike-v7-iii-anniversario-2017-18","10":"rizoma_bike-v7-iii-carbon-2018-20","11":"rizoma_bike-v7-iii-limited-2018","12":"rizoma_bike-v7-iii-milano-2018-20","13":"rizoma_bike-v7-iii-rough-2018-20","14":"rizoma_bike-v7-iii-special-2017-20","15":"rizoma_bike-v7-iii-stone-2017-20","16":"rizoma_bike-v7-iii-stone-2019","17":"rizoma_bike-v7-iii-stone-night-pack-2019-20","18":"rizoma_bike-v7-iii-stone-s-2020","19":"rizoma_bike-v7-special-2021-24","20":"rizoma_bike-v7-special-2025-26","21":"rizoma_bike-v7-stone-2012-15","22":"rizoma_bike-v7-stone-2021-24","23":"rizoma_bike-v7-stone-2025-26","24":"rizoma_bike-v7-stone-centenario-2021-22","25":"rizoma_bike-v7-stone-special-edition-2022-25","26":"rizoma_bike-v7-stone-ten-2024-25","27":"product_cat-ausgleichsbehalter","29":"first","30":"instock","31":"taxable","32":"shipping-taxable","33":"purchasable","34":"product-type-variable"},"acf":[],"_links":{"self":[{"href":"https:\/\/cycle.rizoma.com\/de\/wp-json\/wp\/v2\/product\/315037","targetHints":{"allow":["GET"]}}],"collection":[{"href":"https:\/\/cycle.rizoma.com\/de\/wp-json\/wp\/v2\/product"}],"about":[{"href":"https:\/\/cycle.rizoma.com\/de\/wp-json\/wp\/v2\/types\/product"}],"wp:featuredmedia":[{"embeddable":true,"href":"https:\/\/cycle.rizoma.com\/de\/wp-json\/wp\/v2\/media\/296212"}],"wp:attachment":[{"href":"https:\/\/cycle.rizoma.com\/de\/wp-json\/wp\/v2\/media?parent=315037"}],"wp:term":[{"taxonomy":"rizoma_assembly_time","embeddable":true,"href":"https:\/\/cycle.rizoma.com\/de\/wp-json\/wp\/v2\/rizoma_assembly_time?post=315037"},{"taxonomy":"rizoma_bike","embeddable":true,"href":"https:\/\/cycle.rizoma.com\/de\/wp-json\/wp\/v2\/rizoma_bike?post=315037"},{"taxonomy":"rizoma_division","embeddable":true,"href":"https:\/\/cycle.rizoma.com\/de\/wp-json\/wp\/v2\/rizoma_division?post=315037"},{"taxonomy":"rizoma_family","embeddable":true,"href":"https:\/\/cycle.rizoma.com\/de\/wp-json\/wp\/v2\/rizoma_family?post=315037"},{"taxonomy":"rizoma_model_category","embeddable":true,"href":"https:\/\/cycle.rizoma.com\/de\/wp-json\/wp\/v2\/rizoma_model_category?post=315037"},{"taxonomy":"rizoma_product_template","embeddable":true,"href":"https:\/\/cycle.rizoma.com\/de\/wp-json\/wp\/v2\/rizoma_product_template?post=315037"},{"taxonomy":"product_brand","embeddable":true,"href":"https:\/\/cycle.rizoma.com\/de\/wp-json\/wp\/v2\/product_brand?post=315037"},{"taxonomy":"product_cat","embeddable":true,"href":"https:\/\/cycle.rizoma.com\/de\/wp-json\/wp\/v2\/product_cat?post=315037"},{"taxonomy":"product_tag","embeddable":true,"href":"https:\/\/cycle.rizoma.com\/de\/wp-json\/wp\/v2\/product_tag?post=315037"}],"curies":[{"name":"wp","href":"https:\/\/api.w.org\/{rel}","templated":true}]}}