{"id":315092,"date":"2024-11-21T16:34:21","date_gmt":"2024-11-21T15:34:21","guid":{"rendered":"https:\/\/rwp.rizoma.com\/negozio\/lufteinlassgitter-zvp012\/"},"modified":"2026-02-27T17:11:14","modified_gmt":"2026-02-27T16:11:14","slug":"lufteinlassgitter-zvp012","status":"publish","type":"product","link":"https:\/\/cycle.rizoma.com\/de\/negozio\/mehr-fur-ihre-vespa\/ZVP012\/lufteinlassgitter-zvp012\/","title":{"rendered":"Lufteinlassgitter"},"content":{"rendered":"<p>Machen Sie Ihre Vespa zu einer echten Augenweide mit dem Rizoma Lufteinlassgitter. Das Gitter verbessert nicht nur das Seitenprofil Ihrer Vespa, sondern verleiht ihr auch einen leichteren und minimalistischen Look. Dieses auff\u00e4llige, sportliche und funktionelle Element besteht aus einem Strukturk\u00f6rper aus Billet-Aluminium und rautenf\u00f6rmigen Edelstahlgittern, die perfekt verschmelzen. Das Ergebnis ist ein unglaublich stylisches Lufteinlassgitter, das den einzigartigen Charakter Ihrer Vespa unterstreicht. G\u00f6nnen Sie sich das Beste f\u00fcr Ihr Zweirad und machen Sie es mit Rizoma zum Hingucker auf jeder Stra\u00dfe.<\/p>\n","protected":false},"excerpt":{"rendered":"<p>Machen Sie Ihre Vespa zu einer echten Augenweide mit dem Rizoma Lufteinlassgitter. Das Gitter verbessert nicht nur das Seitenprofil Ihrer Vespa, sondern verleiht ihr auch einen leichteren und minimalistischen Look. Dieses auff\u00e4llige, sportliche und funktionelle Element besteht aus einem Strukturk\u00f6rper aus Billet-Aluminium und rautenf\u00f6rmigen Edelstahlgittern, die perfekt verschmelzen. Das Ergebnis ist ein unglaublich stylisches Lufteinlassgitter, [&hellip;]<\/p>\n","protected":false},"featured_media":343103,"template":"","meta":{"_acf_changed":false},"rizoma_assembly_time":[42675],"rizoma_bike":[42558,42557,42561,42560,42567,42566],"rizoma_division":[42652],"rizoma_family":[],"rizoma_model_category":[],"rizoma_product_template":[],"product_brand":[],"product_cat":[42946],"product_tag":[],"class_list":{"0":"post-315092","1":"product","2":"type-product","3":"status-publish","4":"has-post-thumbnail","6":"rizoma_bike-gts-2015-2017","7":"rizoma_bike-gts-2018-2022","8":"rizoma_bike-gts-super-2015-2017","9":"rizoma_bike-gts-super-2018-2022","10":"rizoma_bike-sei-giorni-2016-2017","11":"rizoma_bike-sei-giorni-2018-2022","12":"product_cat-mehr-fur-ihre-vespa","14":"first","15":"instock","16":"sale","17":"taxable","18":"shipping-taxable","19":"purchasable","20":"product-type-variable"},"acf":[],"_links":{"self":[{"href":"https:\/\/cycle.rizoma.com\/de\/wp-json\/wp\/v2\/product\/315092","targetHints":{"allow":["GET"]}}],"collection":[{"href":"https:\/\/cycle.rizoma.com\/de\/wp-json\/wp\/v2\/product"}],"about":[{"href":"https:\/\/cycle.rizoma.com\/de\/wp-json\/wp\/v2\/types\/product"}],"wp:featuredmedia":[{"embeddable":true,"href":"https:\/\/cycle.rizoma.com\/de\/wp-json\/wp\/v2\/media\/343103"}],"wp:attachment":[{"href":"https:\/\/cycle.rizoma.com\/de\/wp-json\/wp\/v2\/media?parent=315092"}],"wp:term":[{"taxonomy":"rizoma_assembly_time","embeddable":true,"href":"https:\/\/cycle.rizoma.com\/de\/wp-json\/wp\/v2\/rizoma_assembly_time?post=315092"},{"taxonomy":"rizoma_bike","embeddable":true,"href":"https:\/\/cycle.rizoma.com\/de\/wp-json\/wp\/v2\/rizoma_bike?post=315092"},{"taxonomy":"rizoma_division","embeddable":true,"href":"https:\/\/cycle.rizoma.com\/de\/wp-json\/wp\/v2\/rizoma_division?post=315092"},{"taxonomy":"rizoma_family","embeddable":true,"href":"https:\/\/cycle.rizoma.com\/de\/wp-json\/wp\/v2\/rizoma_family?post=315092"},{"taxonomy":"rizoma_model_category","embeddable":true,"href":"https:\/\/cycle.rizoma.com\/de\/wp-json\/wp\/v2\/rizoma_model_category?post=315092"},{"taxonomy":"rizoma_product_template","embeddable":true,"href":"https:\/\/cycle.rizoma.com\/de\/wp-json\/wp\/v2\/rizoma_product_template?post=315092"},{"taxonomy":"product_brand","embeddable":true,"href":"https:\/\/cycle.rizoma.com\/de\/wp-json\/wp\/v2\/product_brand?post=315092"},{"taxonomy":"product_cat","embeddable":true,"href":"https:\/\/cycle.rizoma.com\/de\/wp-json\/wp\/v2\/product_cat?post=315092"},{"taxonomy":"product_tag","embeddable":true,"href":"https:\/\/cycle.rizoma.com\/de\/wp-json\/wp\/v2\/product_tag?post=315092"}],"curies":[{"name":"wp","href":"https:\/\/api.w.org\/{rel}","templated":true}]}}