{"id":315102,"date":"2024-11-21T16:34:33","date_gmt":"2024-11-21T15:34:33","guid":{"rendered":"https:\/\/rwp.rizoma.com\/negozio\/kaskade-zvp011\/"},"modified":"2026-02-27T07:59:28","modified_gmt":"2026-02-27T06:59:28","slug":"kaskade-zvp011","status":"publish","type":"product","link":"https:\/\/cycle.rizoma.com\/de\/negozio\/mehr-fur-ihre-vespa\/ZVP011\/kaskade-zvp011\/","title":{"rendered":"Kaskade"},"content":{"rendered":"<p>Die Rizoma Kaskade ist eine Ode an das unverwechselbare Design der legend\u00e4ren Vespa. Sie ist aus hochwertigem Aluminium gefertigt und wird aus einem einzigen massiven Block von 10,5 kg auf nur 0,45 kg bearbeitet. Das Ergebnis ist eine erstklassige Qualit\u00e4t und eine \u00e4sthetische Erscheinung, die sich im Laufe der Zeit nicht verschlechtert. Die eloxierte Oberfl\u00e4che gibt der Kaskade nicht nur einen ansprechenden Look, sondern betont auch die feine Handwerkskunst, die bei ihrer Herstellung angewendet wurde. Verf\u00fcgbar in verschiedenen Farben, passt diese Kaskade perfekt zu Ihrer Vespa und wird Sie immer wieder aufs Neue begeistern. Machen Sie Ihre Vespa zu einem wahren Hingucker auf der Stra\u00dfe mit der Rizoma Kaskade.<\/p>\n","protected":false},"excerpt":{"rendered":"<p>Die Rizoma Kaskade ist eine Ode an das unverwechselbare Design der legend\u00e4ren Vespa. Sie ist aus hochwertigem Aluminium gefertigt und wird aus einem einzigen massiven Block von 10,5 kg auf nur 0,45 kg bearbeitet. Das Ergebnis ist eine erstklassige Qualit\u00e4t und eine \u00e4sthetische Erscheinung, die sich im Laufe der Zeit nicht verschlechtert. Die eloxierte Oberfl\u00e4che [&hellip;]<\/p>\n","protected":false},"featured_media":343105,"template":"","meta":{"_acf_changed":false},"rizoma_assembly_time":[42675],"rizoma_bike":[42557,42560,42636,44397,44437,42566],"rizoma_division":[42652],"rizoma_family":[],"rizoma_model_category":[],"rizoma_product_template":[],"product_brand":[],"product_cat":[42946],"product_tag":[],"class_list":{"0":"post-315102","1":"product","2":"type-product","3":"status-publish","4":"has-post-thumbnail","6":"rizoma_bike-gts-2018-2022","7":"rizoma_bike-gts-super-2018-2022","8":"rizoma_bike-gtv-2023-2024","9":"rizoma_bike-gtv-310-2025-2026","10":"rizoma_bike-gtv-310-officina-8-2026","11":"rizoma_bike-sei-giorni-2018-2022","12":"product_cat-mehr-fur-ihre-vespa","14":"first","15":"instock","16":"sale","17":"taxable","18":"shipping-taxable","19":"purchasable","20":"product-type-variable"},"acf":[],"_links":{"self":[{"href":"https:\/\/cycle.rizoma.com\/de\/wp-json\/wp\/v2\/product\/315102","targetHints":{"allow":["GET"]}}],"collection":[{"href":"https:\/\/cycle.rizoma.com\/de\/wp-json\/wp\/v2\/product"}],"about":[{"href":"https:\/\/cycle.rizoma.com\/de\/wp-json\/wp\/v2\/types\/product"}],"wp:featuredmedia":[{"embeddable":true,"href":"https:\/\/cycle.rizoma.com\/de\/wp-json\/wp\/v2\/media\/343105"}],"wp:attachment":[{"href":"https:\/\/cycle.rizoma.com\/de\/wp-json\/wp\/v2\/media?parent=315102"}],"wp:term":[{"taxonomy":"rizoma_assembly_time","embeddable":true,"href":"https:\/\/cycle.rizoma.com\/de\/wp-json\/wp\/v2\/rizoma_assembly_time?post=315102"},{"taxonomy":"rizoma_bike","embeddable":true,"href":"https:\/\/cycle.rizoma.com\/de\/wp-json\/wp\/v2\/rizoma_bike?post=315102"},{"taxonomy":"rizoma_division","embeddable":true,"href":"https:\/\/cycle.rizoma.com\/de\/wp-json\/wp\/v2\/rizoma_division?post=315102"},{"taxonomy":"rizoma_family","embeddable":true,"href":"https:\/\/cycle.rizoma.com\/de\/wp-json\/wp\/v2\/rizoma_family?post=315102"},{"taxonomy":"rizoma_model_category","embeddable":true,"href":"https:\/\/cycle.rizoma.com\/de\/wp-json\/wp\/v2\/rizoma_model_category?post=315102"},{"taxonomy":"rizoma_product_template","embeddable":true,"href":"https:\/\/cycle.rizoma.com\/de\/wp-json\/wp\/v2\/rizoma_product_template?post=315102"},{"taxonomy":"product_brand","embeddable":true,"href":"https:\/\/cycle.rizoma.com\/de\/wp-json\/wp\/v2\/product_brand?post=315102"},{"taxonomy":"product_cat","embeddable":true,"href":"https:\/\/cycle.rizoma.com\/de\/wp-json\/wp\/v2\/product_cat?post=315102"},{"taxonomy":"product_tag","embeddable":true,"href":"https:\/\/cycle.rizoma.com\/de\/wp-json\/wp\/v2\/product_tag?post=315102"}],"curies":[{"name":"wp","href":"https:\/\/api.w.org\/{rel}","templated":true}]}}