{"id":315137,"date":"2024-11-21T16:35:17","date_gmt":"2024-11-21T15:35:17","guid":{"rendered":"https:\/\/rwp.rizoma.com\/negozio\/ansaugtrichter-zhd082\/"},"modified":"2025-12-18T00:39:20","modified_gmt":"2025-12-17T23:39:20","slug":"ansaugtrichter-zhd082","status":"publish","type":"product","link":"https:\/\/cycle.rizoma.com\/de\/negozio\/mehr-fur-ihre-harley-davidson\/ZHD082\/ansaugtrichter-zhd082\/motorbike\/6002\/honda\/cb-1000-r\/","title":{"rendered":"Ansaugtrichter"},"content":{"rendered":"<p>Der Rizoma Ansaugtrichter ersetzt den OEM-Luftfilterkasten. Hergestellt aus eloxiertem Aluminium und anschlie\u00dfend poliert um ein perfektes, dauerhaftes Endergebnis zu gew\u00e4hrleisten. Dieses sowohl technische als auch stilvolle Accessoire erg\u00e4nzt das einzigartige Design der Forty-Eight optimal.<br \/>Hinzu ist es dank der entwickelten Rizoma Luftfilterh\u00fclle (AF002B, separat erh\u00e4ltlich) m\u00f6glich, den Ansaugtrichter von Wassertropfen zu sch\u00fctzen und somit das versehentliche Eindringen von Wasser in den Motor, wie z.B. bei pl\u00f6tzlichen Gewittern, zu verhindern.<\/p>\n","protected":false},"excerpt":{"rendered":"<p>Der Rizoma Ansaugtrichter ersetzt den OEM-Luftfilterkasten. Hergestellt aus eloxiertem Aluminium und anschlie\u00dfend poliert um ein perfektes, dauerhaftes Endergebnis zu gew\u00e4hrleisten. Dieses sowohl technische als auch stilvolle Accessoire erg\u00e4nzt das einzigartige Design der Forty-Eight optimal.Hinzu ist es dank der entwickelten Rizoma Luftfilterh\u00fclle (AF002B, separat erh\u00e4ltlich) m\u00f6glich, den Ansaugtrichter von Wassertropfen zu sch\u00fctzen und somit das versehentliche [&hellip;]<\/p>\n","protected":false},"featured_media":294892,"template":"","meta":{"_acf_changed":false},"rizoma_assembly_time":[42742],"rizoma_bike":[43785],"rizoma_division":[42652],"rizoma_family":[],"rizoma_model_category":[],"rizoma_product_template":[],"product_brand":[],"product_cat":[42787],"product_tag":[],"class_list":{"0":"post-315137","1":"product","2":"type-product","3":"status-publish","4":"has-post-thumbnail","6":"rizoma_bike-1200-forty-eight-2016-20","7":"product_cat-mehr-fur-ihre-harley-davidson","9":"first","10":"instock","11":"sale","12":"taxable","13":"shipping-taxable","14":"purchasable","15":"product-type-variable"},"acf":[],"_links":{"self":[{"href":"https:\/\/cycle.rizoma.com\/de\/wp-json\/wp\/v2\/product\/315137","targetHints":{"allow":["GET"]}}],"collection":[{"href":"https:\/\/cycle.rizoma.com\/de\/wp-json\/wp\/v2\/product"}],"about":[{"href":"https:\/\/cycle.rizoma.com\/de\/wp-json\/wp\/v2\/types\/product"}],"wp:featuredmedia":[{"embeddable":true,"href":"https:\/\/cycle.rizoma.com\/de\/wp-json\/wp\/v2\/media\/294892"}],"wp:attachment":[{"href":"https:\/\/cycle.rizoma.com\/de\/wp-json\/wp\/v2\/media?parent=315137"}],"wp:term":[{"taxonomy":"rizoma_assembly_time","embeddable":true,"href":"https:\/\/cycle.rizoma.com\/de\/wp-json\/wp\/v2\/rizoma_assembly_time?post=315137"},{"taxonomy":"rizoma_bike","embeddable":true,"href":"https:\/\/cycle.rizoma.com\/de\/wp-json\/wp\/v2\/rizoma_bike?post=315137"},{"taxonomy":"rizoma_division","embeddable":true,"href":"https:\/\/cycle.rizoma.com\/de\/wp-json\/wp\/v2\/rizoma_division?post=315137"},{"taxonomy":"rizoma_family","embeddable":true,"href":"https:\/\/cycle.rizoma.com\/de\/wp-json\/wp\/v2\/rizoma_family?post=315137"},{"taxonomy":"rizoma_model_category","embeddable":true,"href":"https:\/\/cycle.rizoma.com\/de\/wp-json\/wp\/v2\/rizoma_model_category?post=315137"},{"taxonomy":"rizoma_product_template","embeddable":true,"href":"https:\/\/cycle.rizoma.com\/de\/wp-json\/wp\/v2\/rizoma_product_template?post=315137"},{"taxonomy":"product_brand","embeddable":true,"href":"https:\/\/cycle.rizoma.com\/de\/wp-json\/wp\/v2\/product_brand?post=315137"},{"taxonomy":"product_cat","embeddable":true,"href":"https:\/\/cycle.rizoma.com\/de\/wp-json\/wp\/v2\/product_cat?post=315137"},{"taxonomy":"product_tag","embeddable":true,"href":"https:\/\/cycle.rizoma.com\/de\/wp-json\/wp\/v2\/product_tag?post=315137"}],"curies":[{"name":"wp","href":"https:\/\/api.w.org\/{rel}","templated":true}]}}