{"id":315167,"date":"2024-11-21T16:35:53","date_gmt":"2024-11-21T15:35:53","guid":{"rendered":"https:\/\/rwp.rizoma.com\/negozio\/montagesatz-fur-rizoma-blinker-fur-den-oem-kennzeichentrager-fr246\/"},"modified":"2026-01-15T20:17:55","modified_gmt":"2026-01-15T19:17:55","slug":"montagesatz-fur-rizoma-blinker-fur-den-oem-kennzeichentrager-fr246","status":"publish","type":"product","link":"https:\/\/cycle.rizoma.com\/de\/negozio\/blinker\/FR246\/montagesatz-fur-rizoma-blinker-fur-den-oem-kennzeichentrager-fr246\/","title":{"rendered":"Montagesatz f\u00fcr Rizoma-Blinker f\u00fcr den OEM-Kennzeichentr\u00e4ger"},"content":{"rendered":"<p>Jeder Adapter wurde eigens f\u00fcr das entsprechende Motorradmodell entwickelt, um eine bestm\u00f6gliche Befestigung zu gew\u00e4hrleisten. Die montagesatz ist aus Delrin gefertigt.<\/p>\n","protected":false},"excerpt":{"rendered":"<p>Jeder Adapter wurde eigens f\u00fcr das entsprechende Motorradmodell entwickelt, um eine bestm\u00f6gliche Befestigung zu gew\u00e4hrleisten. Die montagesatz ist aus Delrin gefertigt.<\/p>\n","protected":false},"featured_media":295692,"template":"","meta":{"_acf_changed":false},"rizoma_assembly_time":[42742],"rizoma_bike":[42150,42324,42338,42151,42339,41945,42328,42329,42473,41955,42330],"rizoma_division":[42652],"rizoma_family":[42710],"rizoma_model_category":[],"rizoma_product_template":[],"product_brand":[],"product_cat":[42715],"product_tag":[],"class_list":{"0":"post-315167","1":"product","2":"type-product","3":"status-publish","4":"has-post-thumbnail","6":"rizoma_bike-diavel-1260-2019-20","7":"rizoma_bike-diavel-1260-2021-22","8":"rizoma_bike-diavel-1260-lamborghini-2021","9":"rizoma_bike-diavel-1260-s-2019-20","10":"rizoma_bike-diavel-1260-s-2021-22","11":"rizoma_bike-xdiavel-1262-2016-20","12":"rizoma_bike-xdiavel-1262-black-star-2021","13":"rizoma_bike-xdiavel-1262-dark-2021-24","14":"rizoma_bike-xdiavel-1262-nera-2022-23","15":"rizoma_bike-xdiavel-1262-s-2016-20","16":"rizoma_bike-xdiavel-1262-s-2021-24","17":"product_cat-blinker","19":"first","20":"instock","21":"taxable","22":"shipping-taxable","23":"purchasable","24":"product-type-variable"},"acf":[],"_links":{"self":[{"href":"https:\/\/cycle.rizoma.com\/de\/wp-json\/wp\/v2\/product\/315167","targetHints":{"allow":["GET"]}}],"collection":[{"href":"https:\/\/cycle.rizoma.com\/de\/wp-json\/wp\/v2\/product"}],"about":[{"href":"https:\/\/cycle.rizoma.com\/de\/wp-json\/wp\/v2\/types\/product"}],"wp:featuredmedia":[{"embeddable":true,"href":"https:\/\/cycle.rizoma.com\/de\/wp-json\/wp\/v2\/media\/295692"}],"wp:attachment":[{"href":"https:\/\/cycle.rizoma.com\/de\/wp-json\/wp\/v2\/media?parent=315167"}],"wp:term":[{"taxonomy":"rizoma_assembly_time","embeddable":true,"href":"https:\/\/cycle.rizoma.com\/de\/wp-json\/wp\/v2\/rizoma_assembly_time?post=315167"},{"taxonomy":"rizoma_bike","embeddable":true,"href":"https:\/\/cycle.rizoma.com\/de\/wp-json\/wp\/v2\/rizoma_bike?post=315167"},{"taxonomy":"rizoma_division","embeddable":true,"href":"https:\/\/cycle.rizoma.com\/de\/wp-json\/wp\/v2\/rizoma_division?post=315167"},{"taxonomy":"rizoma_family","embeddable":true,"href":"https:\/\/cycle.rizoma.com\/de\/wp-json\/wp\/v2\/rizoma_family?post=315167"},{"taxonomy":"rizoma_model_category","embeddable":true,"href":"https:\/\/cycle.rizoma.com\/de\/wp-json\/wp\/v2\/rizoma_model_category?post=315167"},{"taxonomy":"rizoma_product_template","embeddable":true,"href":"https:\/\/cycle.rizoma.com\/de\/wp-json\/wp\/v2\/rizoma_product_template?post=315167"},{"taxonomy":"product_brand","embeddable":true,"href":"https:\/\/cycle.rizoma.com\/de\/wp-json\/wp\/v2\/product_brand?post=315167"},{"taxonomy":"product_cat","embeddable":true,"href":"https:\/\/cycle.rizoma.com\/de\/wp-json\/wp\/v2\/product_cat?post=315167"},{"taxonomy":"product_tag","embeddable":true,"href":"https:\/\/cycle.rizoma.com\/de\/wp-json\/wp\/v2\/product_tag?post=315167"}],"curies":[{"name":"wp","href":"https:\/\/api.w.org\/{rel}","templated":true}]}}