{"id":315172,"date":"2024-11-21T16:35:59","date_gmt":"2024-11-21T15:35:59","guid":{"rendered":"https:\/\/rwp.rizoma.com\/negozio\/montagesatz-fur-rizoma-bremsflussigkeitsbehalter-hinten-ct460\/"},"modified":"2025-01-14T11:59:14","modified_gmt":"2025-01-14T10:59:14","slug":"montagesatz-fur-rizoma-bremsflussigkeitsbehalter-hinten-ct460","status":"publish","type":"product","link":"https:\/\/cycle.rizoma.com\/de\/negozio\/ausgleichsbehalter\/CT460\/montagesatz-fur-rizoma-bremsflussigkeitsbehalter-hinten-ct460\/","title":{"rendered":"Montagesatz f\u00fcr Rizoma Bremsfl\u00fcssigkeitsbeh\u00e4lter (hinten)"},"content":{"rendered":"<p>Die Adapter f\u00fcr Rizoma-Ausgleichsbeh\u00e4lter stellen im Fall eines Ersatzes des OEM-Ausgleichsbeh\u00e4lters durch einen von Rizoma die optimale Montagel\u00f6sung dar.<\/p>\n","protected":false},"excerpt":{"rendered":"<p>Die Adapter f\u00fcr Rizoma-Ausgleichsbeh\u00e4lter stellen im Fall eines Ersatzes des OEM-Ausgleichsbeh\u00e4lters durch einen von Rizoma die optimale Montagel\u00f6sung dar.<\/p>\n","protected":false},"featured_media":293572,"template":"","meta":{"_acf_changed":false},"rizoma_assembly_time":[42664],"rizoma_bike":[42150,42324,42338,42151,42339,41945,42328,42329,42473,41955,42330],"rizoma_division":[42652],"rizoma_family":[42705],"rizoma_model_category":[],"rizoma_product_template":[],"product_brand":[],"product_cat":[42689],"product_tag":[],"class_list":{"0":"post-315172","1":"product","2":"type-product","3":"status-publish","4":"has-post-thumbnail","6":"rizoma_bike-diavel-1260-2019-20","7":"rizoma_bike-diavel-1260-2021-22","8":"rizoma_bike-diavel-1260-lamborghini-2021","9":"rizoma_bike-diavel-1260-s-2019-20","10":"rizoma_bike-diavel-1260-s-2021-22","11":"rizoma_bike-xdiavel-1262-2016-20","12":"rizoma_bike-xdiavel-1262-black-star-2021","13":"rizoma_bike-xdiavel-1262-dark-2021-24","14":"rizoma_bike-xdiavel-1262-nera-2022-23","15":"rizoma_bike-xdiavel-1262-s-2016-20","16":"rizoma_bike-xdiavel-1262-s-2021-24","17":"product_cat-ausgleichsbehalter","19":"first","20":"instock","21":"taxable","22":"shipping-taxable","23":"purchasable","24":"product-type-variable"},"acf":[],"_links":{"self":[{"href":"https:\/\/cycle.rizoma.com\/de\/wp-json\/wp\/v2\/product\/315172","targetHints":{"allow":["GET"]}}],"collection":[{"href":"https:\/\/cycle.rizoma.com\/de\/wp-json\/wp\/v2\/product"}],"about":[{"href":"https:\/\/cycle.rizoma.com\/de\/wp-json\/wp\/v2\/types\/product"}],"wp:featuredmedia":[{"embeddable":true,"href":"https:\/\/cycle.rizoma.com\/de\/wp-json\/wp\/v2\/media\/293572"}],"wp:attachment":[{"href":"https:\/\/cycle.rizoma.com\/de\/wp-json\/wp\/v2\/media?parent=315172"}],"wp:term":[{"taxonomy":"rizoma_assembly_time","embeddable":true,"href":"https:\/\/cycle.rizoma.com\/de\/wp-json\/wp\/v2\/rizoma_assembly_time?post=315172"},{"taxonomy":"rizoma_bike","embeddable":true,"href":"https:\/\/cycle.rizoma.com\/de\/wp-json\/wp\/v2\/rizoma_bike?post=315172"},{"taxonomy":"rizoma_division","embeddable":true,"href":"https:\/\/cycle.rizoma.com\/de\/wp-json\/wp\/v2\/rizoma_division?post=315172"},{"taxonomy":"rizoma_family","embeddable":true,"href":"https:\/\/cycle.rizoma.com\/de\/wp-json\/wp\/v2\/rizoma_family?post=315172"},{"taxonomy":"rizoma_model_category","embeddable":true,"href":"https:\/\/cycle.rizoma.com\/de\/wp-json\/wp\/v2\/rizoma_model_category?post=315172"},{"taxonomy":"rizoma_product_template","embeddable":true,"href":"https:\/\/cycle.rizoma.com\/de\/wp-json\/wp\/v2\/rizoma_product_template?post=315172"},{"taxonomy":"product_brand","embeddable":true,"href":"https:\/\/cycle.rizoma.com\/de\/wp-json\/wp\/v2\/product_brand?post=315172"},{"taxonomy":"product_cat","embeddable":true,"href":"https:\/\/cycle.rizoma.com\/de\/wp-json\/wp\/v2\/product_cat?post=315172"},{"taxonomy":"product_tag","embeddable":true,"href":"https:\/\/cycle.rizoma.com\/de\/wp-json\/wp\/v2\/product_tag?post=315172"}],"curies":[{"name":"wp","href":"https:\/\/api.w.org\/{rel}","templated":true}]}}