{"id":315237,"date":"2024-11-21T16:37:21","date_gmt":"2024-11-21T15:37:21","guid":{"rendered":"https:\/\/rwp.rizoma.com\/negozio\/luftfilterhulle-af002\/"},"modified":"2026-02-13T01:34:56","modified_gmt":"2026-02-13T00:34:56","slug":"luftfilterhulle-af002","status":"publish","type":"product","link":"https:\/\/cycle.rizoma.com\/de\/negozio\/mehr-fur-ihre-harley-davidson\/AF002\/luftfilterhulle-af002\/","title":{"rendered":"Luftfilterh\u00fclle"},"content":{"rendered":"<p>Die besten Motorradtouren erfordern maximale Sicherheit. Dank der Rizoma Luftfilterh\u00fclle ist es m\u00f6glich den Ansaugtrichter zu sch\u00fctzen indem das versehentliche Eindringen von Wasser in den Motor, zum Beispiel bei pl\u00f6tzlichen Gewittern, verhindert wird.<br \/>Die H\u00fclle besteht n\u00e4mlich aus einem technischem Gewebe und beinhaltet im oberen Teil ein wasserabweisendes Material, was das Eindringen von Wassertropfen in der \u00d6ffnung des Trichters verhindert, ohne dass der notwendige Lufteintritt verhindert wird.<\/p>\n","protected":false},"excerpt":{"rendered":"<p>Die besten Motorradtouren erfordern maximale Sicherheit. Dank der Rizoma Luftfilterh\u00fclle ist es m\u00f6glich den Ansaugtrichter zu sch\u00fctzen indem das versehentliche Eindringen von Wasser in den Motor, zum Beispiel bei pl\u00f6tzlichen Gewittern, verhindert wird.Die H\u00fclle besteht n\u00e4mlich aus einem technischem Gewebe und beinhaltet im oberen Teil ein wasserabweisendes Material, was das Eindringen von Wassertropfen in der [&hellip;]<\/p>\n","protected":false},"featured_media":297302,"template":"","meta":{"_acf_changed":false},"rizoma_assembly_time":[42753],"rizoma_bike":[43785],"rizoma_division":[42652],"rizoma_family":[],"rizoma_model_category":[],"rizoma_product_template":[],"product_brand":[],"product_cat":[42787],"product_tag":[],"class_list":{"0":"post-315237","1":"product","2":"type-product","3":"status-publish","4":"has-post-thumbnail","6":"rizoma_bike-1200-forty-eight-2016-20","7":"product_cat-mehr-fur-ihre-harley-davidson","9":"first","10":"instock","11":"sale","12":"taxable","13":"shipping-taxable","14":"purchasable","15":"product-type-variable"},"acf":[],"_links":{"self":[{"href":"https:\/\/cycle.rizoma.com\/de\/wp-json\/wp\/v2\/product\/315237","targetHints":{"allow":["GET"]}}],"collection":[{"href":"https:\/\/cycle.rizoma.com\/de\/wp-json\/wp\/v2\/product"}],"about":[{"href":"https:\/\/cycle.rizoma.com\/de\/wp-json\/wp\/v2\/types\/product"}],"wp:featuredmedia":[{"embeddable":true,"href":"https:\/\/cycle.rizoma.com\/de\/wp-json\/wp\/v2\/media\/297302"}],"wp:attachment":[{"href":"https:\/\/cycle.rizoma.com\/de\/wp-json\/wp\/v2\/media?parent=315237"}],"wp:term":[{"taxonomy":"rizoma_assembly_time","embeddable":true,"href":"https:\/\/cycle.rizoma.com\/de\/wp-json\/wp\/v2\/rizoma_assembly_time?post=315237"},{"taxonomy":"rizoma_bike","embeddable":true,"href":"https:\/\/cycle.rizoma.com\/de\/wp-json\/wp\/v2\/rizoma_bike?post=315237"},{"taxonomy":"rizoma_division","embeddable":true,"href":"https:\/\/cycle.rizoma.com\/de\/wp-json\/wp\/v2\/rizoma_division?post=315237"},{"taxonomy":"rizoma_family","embeddable":true,"href":"https:\/\/cycle.rizoma.com\/de\/wp-json\/wp\/v2\/rizoma_family?post=315237"},{"taxonomy":"rizoma_model_category","embeddable":true,"href":"https:\/\/cycle.rizoma.com\/de\/wp-json\/wp\/v2\/rizoma_model_category?post=315237"},{"taxonomy":"rizoma_product_template","embeddable":true,"href":"https:\/\/cycle.rizoma.com\/de\/wp-json\/wp\/v2\/rizoma_product_template?post=315237"},{"taxonomy":"product_brand","embeddable":true,"href":"https:\/\/cycle.rizoma.com\/de\/wp-json\/wp\/v2\/product_brand?post=315237"},{"taxonomy":"product_cat","embeddable":true,"href":"https:\/\/cycle.rizoma.com\/de\/wp-json\/wp\/v2\/product_cat?post=315237"},{"taxonomy":"product_tag","embeddable":true,"href":"https:\/\/cycle.rizoma.com\/de\/wp-json\/wp\/v2\/product_tag?post=315237"}],"curies":[{"name":"wp","href":"https:\/\/api.w.org\/{rel}","templated":true}]}}