{"id":315247,"date":"2024-11-21T16:37:37","date_gmt":"2024-11-21T15:37:37","guid":{"rendered":"https:\/\/rwp.rizoma.com\/negozio\/ducati-by-rizoma-einstellbare-fusrastenanlage-dm-per219\/"},"modified":"2025-11-22T00:07:09","modified_gmt":"2025-11-21T23:07:09","slug":"ducati-by-rizoma-einstellbare-fusrastenanlage-dm-per219","status":"publish","type":"product","link":"https:\/\/cycle.rizoma.com\/de\/negozio\/ducati-by-rizoma-zubehor\/DM-PER219\/ducati-by-rizoma-einstellbare-fusrastenanlage-dm-per219\/","title":{"rendered":"Ducati by Rizoma Einstellbare Fu\u00dfrastenanlage"},"content":{"rendered":"<p>2018 machte Ducati Rizoma zum offiziellen Partner. Diese beiden f\u00fchrenden italienischen Hersteller haben sich zusammengetan, um ein besonderes Projekt mit Schwerpunkt auf Stil, Qualit\u00e4t und Leistung zu schaffen.<br \/>Rizoma entwirft und produziert Zubeh\u00f6r der Marke Ducati\u00ae by Rizoma\u00ae exklusiv f\u00fcr Ducati Motor Holding Spa. Die exklusive Produktpalette kann nur im offiziellen Ducati Store oder \u00fcber den Ducati Online-Shop erworben werden.<\/p>\n","protected":false},"excerpt":{"rendered":"<p>2018 machte Ducati Rizoma zum offiziellen Partner. Diese beiden f\u00fchrenden italienischen Hersteller haben sich zusammengetan, um ein besonderes Projekt mit Schwerpunkt auf Stil, Qualit\u00e4t und Leistung zu schaffen.Rizoma entwirft und produziert Zubeh\u00f6r der Marke Ducati\u00ae by Rizoma\u00ae exklusiv f\u00fcr Ducati Motor Holding Spa. Die exklusive Produktpalette kann nur im offiziellen Ducati Store oder \u00fcber den [&hellip;]<\/p>\n","protected":false},"featured_media":290332,"template":"","meta":{"_acf_changed":false},"rizoma_assembly_time":[42753],"rizoma_bike":[42311,42214,42401],"rizoma_division":[42652],"rizoma_family":[],"rizoma_model_category":[],"rizoma_product_template":[],"product_brand":[],"product_cat":[42961],"product_tag":[],"class_list":{"0":"post-315247","1":"product","2":"type-product","3":"status-publish","4":"has-post-thumbnail","6":"rizoma_bike-panigale-v2-2021-24","7":"rizoma_bike-panigale-v2-955-2020","8":"rizoma_bike-panigale-v2-bayliss-1st-championship-20th-anniversary-2021-24","9":"product_cat-ducati-by-rizoma-zubehor","11":"first","12":"outofstock","13":"taxable","14":"shipping-taxable","15":"purchasable","16":"product-type-variable"},"acf":[],"_links":{"self":[{"href":"https:\/\/cycle.rizoma.com\/de\/wp-json\/wp\/v2\/product\/315247","targetHints":{"allow":["GET"]}}],"collection":[{"href":"https:\/\/cycle.rizoma.com\/de\/wp-json\/wp\/v2\/product"}],"about":[{"href":"https:\/\/cycle.rizoma.com\/de\/wp-json\/wp\/v2\/types\/product"}],"wp:featuredmedia":[{"embeddable":true,"href":"https:\/\/cycle.rizoma.com\/de\/wp-json\/wp\/v2\/media\/290332"}],"wp:attachment":[{"href":"https:\/\/cycle.rizoma.com\/de\/wp-json\/wp\/v2\/media?parent=315247"}],"wp:term":[{"taxonomy":"rizoma_assembly_time","embeddable":true,"href":"https:\/\/cycle.rizoma.com\/de\/wp-json\/wp\/v2\/rizoma_assembly_time?post=315247"},{"taxonomy":"rizoma_bike","embeddable":true,"href":"https:\/\/cycle.rizoma.com\/de\/wp-json\/wp\/v2\/rizoma_bike?post=315247"},{"taxonomy":"rizoma_division","embeddable":true,"href":"https:\/\/cycle.rizoma.com\/de\/wp-json\/wp\/v2\/rizoma_division?post=315247"},{"taxonomy":"rizoma_family","embeddable":true,"href":"https:\/\/cycle.rizoma.com\/de\/wp-json\/wp\/v2\/rizoma_family?post=315247"},{"taxonomy":"rizoma_model_category","embeddable":true,"href":"https:\/\/cycle.rizoma.com\/de\/wp-json\/wp\/v2\/rizoma_model_category?post=315247"},{"taxonomy":"rizoma_product_template","embeddable":true,"href":"https:\/\/cycle.rizoma.com\/de\/wp-json\/wp\/v2\/rizoma_product_template?post=315247"},{"taxonomy":"product_brand","embeddable":true,"href":"https:\/\/cycle.rizoma.com\/de\/wp-json\/wp\/v2\/product_brand?post=315247"},{"taxonomy":"product_cat","embeddable":true,"href":"https:\/\/cycle.rizoma.com\/de\/wp-json\/wp\/v2\/product_cat?post=315247"},{"taxonomy":"product_tag","embeddable":true,"href":"https:\/\/cycle.rizoma.com\/de\/wp-json\/wp\/v2\/product_tag?post=315247"}],"curies":[{"name":"wp","href":"https:\/\/api.w.org\/{rel}","templated":true}]}}