{"id":315347,"date":"2024-11-21T16:39:51","date_gmt":"2024-11-21T15:39:51","guid":{"rendered":"https:\/\/rwp.rizoma.com\/negozio\/veloce-l-naked-bs306\/"},"modified":"2026-04-02T17:51:32","modified_gmt":"2026-04-02T15:51:32","slug":"veloce-l-naked-bs306","status":"publish","type":"product","link":"https:\/\/cycle.rizoma.com\/de\/negozio\/spiegel\/BS306\/veloce-l-naked-bs306\/","title":{"rendered":"Veloce L Naked"},"content":{"rendered":"<p>Der Spiegel Veloce L mit integriertem LED-Blinker zeichnet sich durch die spezielle Kombination von zwei unterschiedlichen Materialien aus. Aus dem Vollen mittels 3D-Verfahren gearbeitetes Tr\u00e4gerelement aus Aluminium und Aerodynamik-H\u00fclle aus Polymer. Der Einsatz von zwei unterschiedlichen Materialien sorgt nicht nur f\u00fcr eine atemberaubende Optik, sondern auch f\u00fcr eine Gewichtsreduzierung. Die aerodynamische Form tr\u00e4gt zur Vermeidung von Turbulenzen bei hohen Geschwindigkeiten bei. Die gro\u00dfe Spiegelfl\u00e4che gew\u00e4hrleistet in Verbindung mit dem Verstellsystem und dem konvexen, blendfreien Spiegelglas eine optimale Sicht. Mit E-Zulassung. Atemberaubendes Design, wie gemacht f\u00fcr aufregende Naked-Bikes.<\/p>\n","protected":false},"excerpt":{"rendered":"<p>Der Spiegel Veloce L mit integriertem LED-Blinker zeichnet sich durch die spezielle Kombination von zwei unterschiedlichen Materialien aus. Aus dem Vollen mittels 3D-Verfahren gearbeitetes Tr\u00e4gerelement aus Aluminium und Aerodynamik-H\u00fclle aus Polymer. Der Einsatz von zwei unterschiedlichen Materialien sorgt nicht nur f\u00fcr eine atemberaubende Optik, sondern auch f\u00fcr eine Gewichtsreduzierung. Die aerodynamische Form tr\u00e4gt zur Vermeidung [&hellip;]<\/p>\n","protected":false},"featured_media":298257,"template":"","meta":{"_acf_changed":false},"rizoma_assembly_time":[42742],"rizoma_bike":[43823,43788,41537,41820,43792,41538,41533,41534,41569,41935,44379,44380,42598,42601,42552,43391,43392,42602,41515,42145,41516,42099,41938,42011,41845,42165,42315,41539,41540,41541,41351,41352,43763,43762,42150,42324,42338,42151,42339,41525,41750,41759,41817,41439,42246,41590,41576,41578,41581,42019,41956,41535,41536,41517,41518,41519,41520,41521,41522,41523,41389,41730,41804,41805,41951,41952,42154,42280,42163,41795,42057,41420,41440,41448,41449,41450,41451,41452,41453,41454,41458,41819,41459,41463,41464,41465,41466,41467,41468,41469,41470,41471,41472,41473,41475,41474,41476,41479,41480,41478,41481,41482,41844,41484,42082,41870,41923,42152,41924,44468,44469,41485,41486,41487,41488,41489,41490,41491,41492,41493,41494,41495,41496,41498,41497,42341,42342,42587,42635,42518,41499,41500,41501,41502,41503,41504,41882,41815,41505,41421,41422,41888,41889,42069,42085,42088,42086,42087,42213,41772,43759,43760,43761,41407,41408,41409,41441,41442,41742,41353,41354,41355,41356,41357,41410,41411,41412,41809,41970,41413,41838,41971,42111,41443,41444,41893,41445,42289,42301,42290,42305,42575,41414,41839,41794,42089,42292,42281,42249,42090,42091,42427,41349,41736,41737,41738,41739,41740,41741,42430,43893,42499,43894,42527,43755,42218,42313,42219,42314,42431,42580,42523,43756,42524,41563,41564,41565,41566,42243,41390,41391,41392,41393,41394,41395,41396,41397,41398,41399,41400,41401,41575,41886,41419,41764,42303,42648,43896,41988,41989,42017,42035,42036,42042,41773,42020,42244,43804,41402,41403,41404,41405,41406,41945,42328,42329,42473,41955,42330,41584,41917,41825,41830,41832,41887,41962,41826,41973,41526,41527,41528,42051,41784,41846,42001,41909,41530,41785,41788,41531,41800,41803],"rizoma_division":[42652],"rizoma_family":[42921],"rizoma_model_category":[],"rizoma_product_template":[],"product_brand":[],"product_cat":[42673],"product_tag":[],"class_list":{"0":"post-315347","1":"product","2":"type-product","3":"status-publish","4":"has-post-thumbnail","6":"rizoma_bike-1130-v-rod-2006-vrsca","7":"rizoma_bike-1130-v-rod-2007-vrscaw","8":"rizoma_bike-1200-sport-1","9":"rizoma_bike-125-duke-abs-2013-16","10":"rizoma_bike-1250-v-rod-2008-12-vrscaw","11":"rizoma_bike-9-1-2-2006-13","12":"rizoma_bike-990-super-duke-2005-07","13":"rizoma_bike-990-super-duke-r-2009-11","14":"rizoma_bike-bonneville-t100-2008-16","15":"rizoma_bike-bonneville-t120-2016-20","16":"rizoma_bike-bonneville-t120-2026","17":"rizoma_bike-bonneville-t120-black-2026","18":"rizoma_bike-bonneville-t120-black-dgr-limited-edition-2023","19":"rizoma_bike-bonneville-t120-black-stealth-edition-2024","20":"rizoma_bike-bonneville-t120-chrome-edition-2023","21":"rizoma_bike-bonneville-t120-elvis-2024-26","22":"rizoma_bike-bonneville-t120-icon-edition-2025-26","23":"rizoma_bike-bonneville-t120-stealth-edition-2024","24":"rizoma_bike-cb-1000-r-2008-10","25":"rizoma_bike-cb-1000-r-neo-sport-cafe-2019-20","26":"rizoma_bike-cb-1000-r-abs-2011-17","27":"rizoma_bike-cb-1000-r-neo-sport-cafe-2018-20","28":"rizoma_bike-cb-500-f-abs-2016","29":"rizoma_bike-cb-650-f-2017-18","30":"rizoma_bike-cb-650-f-abs-2014-17","31":"rizoma_bike-cb-650-r-2019-20","32":"rizoma_bike-cb-650-r-2021-23","33":"rizoma_bike-corsaro-1200-2005-11","34":"rizoma_bike-corsaro-1200-avio-2008-11","35":"rizoma_bike-corsaro-1200-veloce-2006-16","36":"rizoma_bike-cr-125-2006","37":"rizoma_bike-cr-125-2007","38":"rizoma_bike-cvo-pan-america-2024","39":"rizoma_bike-cvo-pan-america-2025","40":"rizoma_bike-diavel-1260-2019-20","41":"rizoma_bike-diavel-1260-2021-22","42":"rizoma_bike-diavel-1260-lamborghini-2021","43":"rizoma_bike-diavel-1260-s-2019-20","44":"rizoma_bike-diavel-1260-s-2021-22","45":"rizoma_bike-er-6n-2005-08","46":"rizoma_bike-er-6n-2009-11","47":"rizoma_bike-er-6n-abs-2012-16","48":"rizoma_bike-f-800-gs-adventure-2013-17","49":"rizoma_bike-f-800-r-2009-11","50":"rizoma_bike-f-900-r-2021-24","51":"rizoma_bike-firebolt-xb9r-1000-1","52":"rizoma_bike-fz1-2006-16","53":"rizoma_bike-fz6-2004-07","54":"rizoma_bike-fz8-2010-12","55":"rizoma_bike-g-310-gs-2017-20","56":"rizoma_bike-g-310-r-2016-20","57":"rizoma_bike-griso-1100-2005-11","58":"rizoma_bike-griso-850-1","59":"rizoma_bike-hornet-600-2000-02","60":"rizoma_bike-hornet-600-2003-04","61":"rizoma_bike-hornet-600-2005-06","62":"rizoma_bike-hornet-600-2007-10","63":"rizoma_bike-hornet-600-2011-13","64":"rizoma_bike-hornet-600-abs-2011-13","65":"rizoma_bike-hornet-900-1","66":"rizoma_bike-hp2-enduro-1","67":"rizoma_bike-hp2-megamoto-1","68":"rizoma_bike-hypermotard-821-2013-15","69":"rizoma_bike-hypermotard-821-sp-2013-15","70":"rizoma_bike-hypermotard-939-2016-18","71":"rizoma_bike-hypermotard-939-sp-2016-18","72":"rizoma_bike-hypermotard-950-2019-20","73":"rizoma_bike-hypermotard-950-rve-2020","74":"rizoma_bike-hypermotard-950-sp-2019-20","75":"rizoma_bike-hyperstrada-821-2013-15","76":"rizoma_bike-hyperstrada-939-2016-18","77":"rizoma_bike-k-1200-r-1","78":"rizoma_bike-k-1300-r-2009-16","79":"rizoma_bike-lightning-cityx-xb9-sx-2005-09","80":"rizoma_bike-lightning-cityx-xb9-sx-total-black-2009-11","81":"rizoma_bike-lightning-long-xb12ss-1","82":"rizoma_bike-lightning-super-tt-xb12stt-1","83":"rizoma_bike-lightning-x1-1200","84":"rizoma_bike-lightning-xb-12s-1","85":"rizoma_bike-lightning-xb-9s","86":"rizoma_bike-monster-1000-dark-2003-05","87":"rizoma_bike-monster-1000-ds-2003-05","88":"rizoma_bike-monster-1000-s-2003-05","89":"rizoma_bike-monster-400-2000-02","90":"rizoma_bike-monster-600-1994-02","91":"rizoma_bike-monster-600-city-1998-02","92":"rizoma_bike-monster-600-city-dark-1998-02","93":"rizoma_bike-monster-600-dark-1998-01","94":"rizoma_bike-monster-600-dark-2002","95":"rizoma_bike-monster-620-2003-06","96":"rizoma_bike-monster-620-dark-2003-06","97":"rizoma_bike-monster-620-dark-sd-2003-05","98":"rizoma_bike-monster-620-i-e-2002","99":"rizoma_bike-monster-620-i-e-dark-2002","100":"rizoma_bike-monster-620-s-2003","101":"rizoma_bike-monster-620-s-i-e-2002","102":"rizoma_bike-monster-695-2006-08","103":"rizoma_bike-monster-750-1996-02","104":"rizoma_bike-monster-750-city-1998-02","105":"rizoma_bike-monster-750-city-dark-1999-02","106":"rizoma_bike-monster-750-dark-1999-02","107":"rizoma_bike-monster-750-i-e-2002","108":"rizoma_bike-monster-796-abs-2010-14","109":"rizoma_bike-monster-800-2003-05","110":"rizoma_bike-monster-821-2018-20","111":"rizoma_bike-monster-821-abs-2014-17","112":"rizoma_bike-monster-821-dark-abs-2014-16","113":"rizoma_bike-monster-821-stealth-2019-20","114":"rizoma_bike-monster-821-stripe-abs-2015-17","115":"rizoma_bike-monster-890-2026","116":"rizoma_bike-monster-890-2026-1","117":"rizoma_bike-monster-900-1993-96","118":"rizoma_bike-monster-900-1997-98","119":"rizoma_bike-monster-900-city-1998-02","120":"rizoma_bike-monster-900-city-dark-1999-02","121":"rizoma_bike-monster-900-city-dark-i-e-1999-02","122":"rizoma_bike-monster-900-city-i-e-1999-02","123":"rizoma_bike-monster-900-cromo-i-e-1999-02","124":"rizoma_bike-monster-900-dark-1999-02","125":"rizoma_bike-monster-900-dark-i-e-1999-02","126":"rizoma_bike-monster-900-i-e-1999-02","127":"rizoma_bike-monster-900-i-e-2002","128":"rizoma_bike-monster-900-s-1998-01","129":"rizoma_bike-monster-900-s4-2001-02","130":"rizoma_bike-monster-900-special-i-e-1999-02","131":"rizoma_bike-monster-937-2021-25","132":"rizoma_bike-monster-937-2021-25-1","133":"rizoma_bike-monster-937-30-anniversario-2023-24","134":"rizoma_bike-monster-937-senna-2024","135":"rizoma_bike-monster-937-sp-2023-25","136":"rizoma_bike-monster-s2-r-2004-07","137":"rizoma_bike-monster-s2-r-dark-2004-06","138":"rizoma_bike-monster-s2r-1000-1","139":"rizoma_bike-monster-s4-2001-03","140":"rizoma_bike-monster-s4-fogarty-2002","141":"rizoma_bike-monster-s4r-2003-05","142":"rizoma_bike-monster-s4r-2006-08","143":"rizoma_bike-monster-s4r-testastretta","144":"rizoma_bike-monster-s4rs-testastretta-1","145":"rizoma_bike-multistrada-1000-ds-2003-06","146":"rizoma_bike-multistrada-1000-s-ds-2003-06","147":"rizoma_bike-multistrada-1200-abs-2015-17","148":"rizoma_bike-multistrada-1200-s-2015-17","149":"rizoma_bike-multistrada-1200-s-d-air-2017-18","150":"rizoma_bike-multistrada-1260-2018-20","151":"rizoma_bike-multistrada-1260-pikes-peak-2018-20","152":"rizoma_bike-multistrada-1260-s-2018-20","153":"rizoma_bike-multistrada-1260-s-d-air-2018-20","154":"rizoma_bike-multistrada-1260-s-grand-tour-2020","155":"rizoma_bike-nc700x-abs-2012-13","156":"rizoma_bike-pan-america-1250-2020-25","157":"rizoma_bike-pan-america-1250-special-2020-25","158":"rizoma_bike-pan-america-1250-st-2025","159":"rizoma_bike-r-1150-gs-1999-03","160":"rizoma_bike-r-1150-gs-abs-1999-03","161":"rizoma_bike-r-1150-gs-adventure-2002-06","162":"rizoma_bike-r-1150-r-2000-07","163":"rizoma_bike-r-1150-r-rockster-2003-06","164":"rizoma_bike-r-1150-rs-2001-06","165":"rizoma_bike-r-1200-c-abs-1997-2001","166":"rizoma_bike-r-1200-c-avantgarde-1999-02","167":"rizoma_bike-r-1200-c-classic","168":"rizoma_bike-r-1200-c-independent","169":"rizoma_bike-r-1200-c-montauk","170":"rizoma_bike-r-1200-gs-2004-07","171":"rizoma_bike-r-1200-gs-2008-09","172":"rizoma_bike-r-1200-gs-2010-12","173":"rizoma_bike-r-1200-gs-2013-16","174":"rizoma_bike-r-1200-gs-2017-18","175":"rizoma_bike-r-1200-gs-adventure-2010-13","176":"rizoma_bike-r-1200-gs-adventure-2013-16","177":"rizoma_bike-r-1200-gs-adventure-2017-18","178":"rizoma_bike-r-1200-gs-rallye-2017-18","179":"rizoma_bike-r-1200-r-2006-11","180":"rizoma_bike-r-1200-r-2011-14","181":"rizoma_bike-r-1200-r-2015-16","182":"rizoma_bike-r-1200-r-classic-2011-12","183":"rizoma_bike-r-1250-gs-edition-40-years-gs-2021","184":"rizoma_bike-r-1250-gs-2021-24","185":"rizoma_bike-r-1250-gs-adventure-edition-40-years-gs-2020-21","186":"rizoma_bike-r-1250-gs-adventure-2021-24","187":"rizoma_bike-r-1250-gs-ultimate-edition-2023","188":"rizoma_bike-r-850-gs-1","189":"rizoma_bike-r-ninet-1200-2014-16","190":"rizoma_bike-rivale-800-eas-2013-15","191":"rizoma_bike-scrambler-1100-2018-20","192":"rizoma_bike-scrambler-1100-dark-pro-2020-24","193":"rizoma_bike-scrambler-1100-ducati-club-italia-2020","194":"rizoma_bike-scrambler-1100-pro-2020-22","195":"rizoma_bike-scrambler-1100-special-2018-20","196":"rizoma_bike-scrambler-1100-sport-2018-20","197":"rizoma_bike-scrambler-1100-tribute-pro-2022-24","198":"rizoma_bike-scrambler-1200-2009-17","199":"rizoma_bike-sm-450-r-2006","200":"rizoma_bike-sm-450-r-2007","201":"rizoma_bike-sm-510-r-2005","202":"rizoma_bike-sm-510-r-2006","203":"rizoma_bike-sm-510-r-2007","204":"rizoma_bike-smr-450-2003-04","205":"rizoma_bike-streetfighter-v2-2022-24","206":"rizoma_bike-streetfighter-v2-2025-26","207":"rizoma_bike-streetfighter-v2-955-green-2022-23","208":"rizoma_bike-streetfighter-v2-s-2025-26","209":"rizoma_bike-streetfighter-v4-2023-24","210":"rizoma_bike-streetfighter-v4-2025-26","211":"rizoma_bike-streetfighter-v4-1100-2020","212":"rizoma_bike-streetfighter-v4-1100-2021-22","213":"rizoma_bike-streetfighter-v4-1100-s-2020","214":"rizoma_bike-streetfighter-v4-1100-s-2021-22","215":"rizoma_bike-streetfighter-v4-1100-sp-2022","216":"rizoma_bike-streetfighter-v4-lamborghini-2023-24","217":"rizoma_bike-streetfighter-v4-s-2023-24","218":"rizoma_bike-streetfighter-v4-s-2025-26","219":"rizoma_bike-streetfighter-v4-sp2-2023-24","220":"rizoma_bike-sv-1000-1","221":"rizoma_bike-sv-650-1999-02","222":"rizoma_bike-sv-650-2003-06","223":"rizoma_bike-sv-650-2006-11","224":"rizoma_bike-svartpilen-401-2020","225":"rizoma_bike-te-250-2002-04","226":"rizoma_bike-te-250-2005","227":"rizoma_bike-te-250-2006","228":"rizoma_bike-te-250-2007","229":"rizoma_bike-te-450-2003-04","230":"rizoma_bike-te-450-2005","231":"rizoma_bike-te-450-2006","232":"rizoma_bike-te-450-2007","233":"rizoma_bike-te-510-2003-04","234":"rizoma_bike-te-510-2005","235":"rizoma_bike-te-510-2006","236":"rizoma_bike-te-510-2007","237":"rizoma_bike-thruxton-900-2004-15","238":"rizoma_bike-thruxton-900-ace-2014-15","239":"rizoma_bike-tiger-800-abs-2010-14","240":"rizoma_bike-tiger-explorer-1215-abs-2011-14","241":"rizoma_bike-trident-660-2021-24","242":"rizoma_bike-trident-660-2025","243":"rizoma_bike-trident-660-triple-tribute-edition-2025-26","244":"rizoma_bike-v-strom-1000-2017-20","245":"rizoma_bike-v-strom-1000xt-2017-20","246":"rizoma_bike-v-strom-250-2017-20","247":"rizoma_bike-v-strom-650-abs-2017-20","248":"rizoma_bike-v-strom-650xt-abs-2017-20","249":"rizoma_bike-versys-1000-2017-18","250":"rizoma_bike-versys-1000-abs-2011-14","251":"rizoma_bike-versys-x-300-2017-20","252":"rizoma_bike-vitpilen-701-2020","253":"rizoma_bike-vrscx-2007","254":"rizoma_bike-wr-125-2002-04","255":"rizoma_bike-wr-125-2005","256":"rizoma_bike-wr-125-2006","257":"rizoma_bike-wr-125-2007","258":"rizoma_bike-wr-125-2008","259":"rizoma_bike-xdiavel-1262-2016-20","260":"rizoma_bike-xdiavel-1262-black-star-2021","261":"rizoma_bike-xdiavel-1262-dark-2021-24","262":"rizoma_bike-xdiavel-1262-nera-2022-23","263":"rizoma_bike-xdiavel-1262-s-2016-20","264":"rizoma_bike-xdiavel-1262-s-2021-24","265":"rizoma_bike-xj6-2008-15","266":"rizoma_bike-xjr-1300-2015-17","267":"rizoma_bike-xv-950-2014-16","268":"rizoma_bike-xv-950-abs","269":"rizoma_bike-xv-950-abs-2014-17","270":"rizoma_bike-xv-950-abs-racer-2015-18","271":"rizoma_bike-xv-950-abs-racer-60th-anniversary-2015-17","272":"rizoma_bike-xv-950-r-abs-2014-16","273":"rizoma_bike-xv-950-r-abs-2017-20","274":"rizoma_bike-z-1000-2003-06","275":"rizoma_bike-z-1000-2007-09","276":"rizoma_bike-z-1000-2010-13","277":"rizoma_bike-z-1000-2017-20","278":"rizoma_bike-z-1000-abs-2010-13","279":"rizoma_bike-z-1000-abs-2014-16","280":"rizoma_bike-z-1000-r-2017-20","281":"rizoma_bike-z-300-abs-2015-16","282":"rizoma_bike-z-750-2007-14","283":"rizoma_bike-z-750-abs-2007-14","284":"rizoma_bike-z-750-r-2011-14","285":"rizoma_bike-z-750-r-abs-2011-12","286":"rizoma_bike-z-800-2012-13","287":"rizoma_bike-z-800-abs-2012-16","288":"product_cat-spiegel","290":"first","291":"instock","292":"taxable","293":"shipping-taxable","294":"purchasable","295":"product-type-variable"},"acf":[],"_links":{"self":[{"href":"https:\/\/cycle.rizoma.com\/de\/wp-json\/wp\/v2\/product\/315347","targetHints":{"allow":["GET"]}}],"collection":[{"href":"https:\/\/cycle.rizoma.com\/de\/wp-json\/wp\/v2\/product"}],"about":[{"href":"https:\/\/cycle.rizoma.com\/de\/wp-json\/wp\/v2\/types\/product"}],"wp:featuredmedia":[{"embeddable":true,"href":"https:\/\/cycle.rizoma.com\/de\/wp-json\/wp\/v2\/media\/298257"}],"wp:attachment":[{"href":"https:\/\/cycle.rizoma.com\/de\/wp-json\/wp\/v2\/media?parent=315347"}],"wp:term":[{"taxonomy":"rizoma_assembly_time","embeddable":true,"href":"https:\/\/cycle.rizoma.com\/de\/wp-json\/wp\/v2\/rizoma_assembly_time?post=315347"},{"taxonomy":"rizoma_bike","embeddable":true,"href":"https:\/\/cycle.rizoma.com\/de\/wp-json\/wp\/v2\/rizoma_bike?post=315347"},{"taxonomy":"rizoma_division","embeddable":true,"href":"https:\/\/cycle.rizoma.com\/de\/wp-json\/wp\/v2\/rizoma_division?post=315347"},{"taxonomy":"rizoma_family","embeddable":true,"href":"https:\/\/cycle.rizoma.com\/de\/wp-json\/wp\/v2\/rizoma_family?post=315347"},{"taxonomy":"rizoma_model_category","embeddable":true,"href":"https:\/\/cycle.rizoma.com\/de\/wp-json\/wp\/v2\/rizoma_model_category?post=315347"},{"taxonomy":"rizoma_product_template","embeddable":true,"href":"https:\/\/cycle.rizoma.com\/de\/wp-json\/wp\/v2\/rizoma_product_template?post=315347"},{"taxonomy":"product_brand","embeddable":true,"href":"https:\/\/cycle.rizoma.com\/de\/wp-json\/wp\/v2\/product_brand?post=315347"},{"taxonomy":"product_cat","embeddable":true,"href":"https:\/\/cycle.rizoma.com\/de\/wp-json\/wp\/v2\/product_cat?post=315347"},{"taxonomy":"product_tag","embeddable":true,"href":"https:\/\/cycle.rizoma.com\/de\/wp-json\/wp\/v2\/product_tag?post=315347"}],"curies":[{"name":"wp","href":"https:\/\/api.w.org\/{rel}","templated":true}]}}