{"id":315437,"date":"2024-11-21T16:41:52","date_gmt":"2024-11-21T15:41:52","guid":{"rendered":"https:\/\/rwp.rizoma.com\/negozio\/verkabelung-fur-spiegel-mit-integrierten-blinkern-ee074\/"},"modified":"2026-01-28T17:01:23","modified_gmt":"2026-01-28T16:01:23","slug":"verkabelung-fur-spiegel-mit-integrierten-blinkern-ee074","status":"publish","type":"product","link":"https:\/\/cycle.rizoma.com\/de\/negozio\/blinker\/EE074\/verkabelung-fur-spiegel-mit-integrierten-blinkern-ee074\/","title":{"rendered":"Verkabelung f\u00fcr Spiegel mit integrierten Blinkern"},"content":{"rendered":"<p>Die Rizoma-Verkabelung wird f\u00fcr die Montage von Rizoma-Blinkern sowie f\u00fcr Rizoma-Spiegel mit integrierten Blinkern ben\u00f6tigt.<br \/>Es wird empfohlen, vor der Bestellung die technischen Zeichnungen zu kontrollieren. Jedes Kit enth\u00e4lt 2 Verkabelungen. F\u00fcr die Montage von 4 Blinkern werden 2 Kits ben\u00f6tigt.<\/p>\n","protected":false},"excerpt":{"rendered":"<p>Die Rizoma-Verkabelung wird f\u00fcr die Montage von Rizoma-Blinkern sowie f\u00fcr Rizoma-Spiegel mit integrierten Blinkern ben\u00f6tigt.Es wird empfohlen, vor der Bestellung die technischen Zeichnungen zu kontrollieren. Jedes Kit enth\u00e4lt 2 Verkabelungen. F\u00fcr die Montage von 4 Blinkern werden 2 Kits ben\u00f6tigt.<\/p>\n","protected":false},"featured_media":298502,"template":"","meta":{"_acf_changed":false},"rizoma_assembly_time":[42675],"rizoma_bike":[41760,41787,41750,41759,41934,41984,42048,42126,42117,42129,41954,41985,42130,41922,41688,41791,42142,42209,42170,42254,42255,41982,42042,41773,42020,41526,41527,41528,42051,41784,41846,42001,43993,41869,41909,42037,41530,41785,41788,41531,41800,41803,42038,42171,42172,42173,42174,42083,42104,42257],"rizoma_division":[42652],"rizoma_family":[42859],"rizoma_model_category":[],"rizoma_product_template":[],"product_brand":[],"product_cat":[42715],"product_tag":[],"class_list":{"0":"post-315437","1":"product","2":"type-product","3":"status-publish","4":"has-post-thumbnail","6":"rizoma_bike-er-6f-2012-13","7":"rizoma_bike-er-6f-abs-2012-16","8":"rizoma_bike-er-6n-2009-11","9":"rizoma_bike-er-6n-abs-2012-16","10":"rizoma_bike-ninja-1000-zx-10r-2016","11":"rizoma_bike-ninja-1000-zx-10r-2017-18","12":"rizoma_bike-ninja-1000-zx-10r-krt-replica-2017-18","13":"rizoma_bike-ninja-1000-zx-10r-krt-replica-2019-20","14":"rizoma_bike-ninja-1000-zx-10r-se-2018","15":"rizoma_bike-ninja-1000-zx-10r-se-2019-20","16":"rizoma_bike-ninja-1000-zx-10r-winter-edition-2016","17":"rizoma_bike-ninja-1000-zx-10rr-2017-18","18":"rizoma_bike-ninja-1000-zx-10rr-2019-20","19":"rizoma_bike-ninja-300-abs-2012-16","20":"rizoma_bike-ninja-600-zx-6r-2009-16","21":"rizoma_bike-ninja-636-zx-6r-2013","22":"rizoma_bike-ninja-636-zx-6r-2019-20","23":"rizoma_bike-ninja-636-zx-6r-2020","24":"rizoma_bike-ninja-636-zx-6r-krt-2019-20","25":"rizoma_bike-ninja-636-zx-6r-krt-performance-2019-20","26":"rizoma_bike-ninja-636-zx-6r-performance-2019-20","27":"rizoma_bike-ninja-650-2017-19","28":"rizoma_bike-versys-1000-2017-18","29":"rizoma_bike-versys-1000-abs-2011-14","30":"rizoma_bike-versys-x-300-2017-20","31":"rizoma_bike-z-1000-2003-06","32":"rizoma_bike-z-1000-2007-09","33":"rizoma_bike-z-1000-2010-13","34":"rizoma_bike-z-1000-2017-20","35":"rizoma_bike-z-1000-abs-2010-13","36":"rizoma_bike-z-1000-abs-2014-16","37":"rizoma_bike-z-1000-r-2017-20","38":"rizoma_bike-z-1000-sx-abs-2011-13","39":"rizoma_bike-z-1000-sx-abs-2014-16","40":"rizoma_bike-z-300-abs-2015-16","41":"rizoma_bike-z-650-2017-19","42":"rizoma_bike-z-750-2007-14","43":"rizoma_bike-z-750-abs-2007-14","44":"rizoma_bike-z-750-r-2011-14","45":"rizoma_bike-z-750-r-abs-2011-12","46":"rizoma_bike-z-800-2012-13","47":"rizoma_bike-z-800-abs-2012-16","48":"rizoma_bike-z-900-2017-18","49":"rizoma_bike-z-900-2019","50":"rizoma_bike-z-900-a2-2019","51":"rizoma_bike-z-900-performance-2019","52":"rizoma_bike-z-900-performance-a2-2019","53":"rizoma_bike-z-900-rs-2018-20","54":"rizoma_bike-z-900-rs-cafe-2018-21","55":"rizoma_bike-z-900-rs-cafe-performance-2020-21","56":"product_cat-blinker","58":"first","59":"instock","60":"taxable","61":"shipping-taxable","62":"purchasable","63":"product-type-variable"},"acf":[],"_links":{"self":[{"href":"https:\/\/cycle.rizoma.com\/de\/wp-json\/wp\/v2\/product\/315437","targetHints":{"allow":["GET"]}}],"collection":[{"href":"https:\/\/cycle.rizoma.com\/de\/wp-json\/wp\/v2\/product"}],"about":[{"href":"https:\/\/cycle.rizoma.com\/de\/wp-json\/wp\/v2\/types\/product"}],"wp:featuredmedia":[{"embeddable":true,"href":"https:\/\/cycle.rizoma.com\/de\/wp-json\/wp\/v2\/media\/298502"}],"wp:attachment":[{"href":"https:\/\/cycle.rizoma.com\/de\/wp-json\/wp\/v2\/media?parent=315437"}],"wp:term":[{"taxonomy":"rizoma_assembly_time","embeddable":true,"href":"https:\/\/cycle.rizoma.com\/de\/wp-json\/wp\/v2\/rizoma_assembly_time?post=315437"},{"taxonomy":"rizoma_bike","embeddable":true,"href":"https:\/\/cycle.rizoma.com\/de\/wp-json\/wp\/v2\/rizoma_bike?post=315437"},{"taxonomy":"rizoma_division","embeddable":true,"href":"https:\/\/cycle.rizoma.com\/de\/wp-json\/wp\/v2\/rizoma_division?post=315437"},{"taxonomy":"rizoma_family","embeddable":true,"href":"https:\/\/cycle.rizoma.com\/de\/wp-json\/wp\/v2\/rizoma_family?post=315437"},{"taxonomy":"rizoma_model_category","embeddable":true,"href":"https:\/\/cycle.rizoma.com\/de\/wp-json\/wp\/v2\/rizoma_model_category?post=315437"},{"taxonomy":"rizoma_product_template","embeddable":true,"href":"https:\/\/cycle.rizoma.com\/de\/wp-json\/wp\/v2\/rizoma_product_template?post=315437"},{"taxonomy":"product_brand","embeddable":true,"href":"https:\/\/cycle.rizoma.com\/de\/wp-json\/wp\/v2\/product_brand?post=315437"},{"taxonomy":"product_cat","embeddable":true,"href":"https:\/\/cycle.rizoma.com\/de\/wp-json\/wp\/v2\/product_cat?post=315437"},{"taxonomy":"product_tag","embeddable":true,"href":"https:\/\/cycle.rizoma.com\/de\/wp-json\/wp\/v2\/product_tag?post=315437"}],"curies":[{"name":"wp","href":"https:\/\/api.w.org\/{rel}","templated":true}]}}