{"id":315559,"date":"2024-11-21T16:44:34","date_gmt":"2024-11-21T15:44:34","guid":{"rendered":"https:\/\/rwp.rizoma.com\/negozio\/verkabelung-mit-widerstands-kit-fur-rizoma-blinker-ee155\/"},"modified":"2026-04-04T10:39:01","modified_gmt":"2026-04-04T08:39:01","slug":"verkabelung-mit-widerstands-kit-fur-rizoma-blinker-ee155","status":"publish","type":"product","link":"https:\/\/cycle.rizoma.com\/de\/negozio\/blinker\/EE155\/verkabelung-mit-widerstands-kit-fur-rizoma-blinker-ee155\/motorbike\/9635\/kawasaki\/ninja-1000-zx-10r\/","title":{"rendered":"Verkabelung mit Widerstands-Kit f\u00fcr Rizoma Blinker"},"content":{"rendered":"<p>Die Rizoma-Verkabelung mit Widerstands-Kit wird f\u00fcr die Montage von Rizoma-Blinkern sowie f\u00fcr Rizoma-Spiegel mit integrierten Blinkern ben\u00f6tigt.<br \/>Es wird empfohlen, vor der Bestellung die technischen Zeichnungen zu kontrollieren. Jedes Kit enth\u00e4lt 2 Verkabelungen. F\u00fcr die Montage von 4 Blinkern werden 2 Kits ben\u00f6tigt.<br \/>Ohne diese besonderen Sicherungs-Kits ist eine korrekte Blinkfrequenz der Blinker nicht m\u00f6glich.<\/p>\n","protected":false},"excerpt":{"rendered":"<p>Die Rizoma-Verkabelung mit Widerstands-Kit wird f\u00fcr die Montage von Rizoma-Blinkern sowie f\u00fcr Rizoma-Spiegel mit integrierten Blinkern ben\u00f6tigt.Es wird empfohlen, vor der Bestellung die technischen Zeichnungen zu kontrollieren. Jedes Kit enth\u00e4lt 2 Verkabelungen. F\u00fcr die Montage von 4 Blinkern werden 2 Kits ben\u00f6tigt.Ohne diese besonderen Sicherungs-Kits ist eine korrekte Blinkfrequenz der Blinker nicht m\u00f6glich.<\/p>\n","protected":false},"featured_media":297682,"template":"","meta":{"_acf_changed":false},"rizoma_assembly_time":[42753],"rizoma_bike":[42367,42515,42613,42572,43689,42629,42368,42644,43688,42595,42614,43972,42596,43973,42597,42615,43974,42051,42001,44399,44400,42502,43687,44370,44458,44460,44459,44371,42238,42317,42500,43745,42465,42318,42503,43746,42344,42319,42343,43916,42320,42083,42366,42504,42478,42104,42257,42258,42370,42505,42501,42443,43747,42583,43917],"rizoma_division":[42652],"rizoma_family":[42859],"rizoma_model_category":[],"rizoma_product_template":[],"product_brand":[],"product_cat":[42715],"product_tag":[],"class_list":{"0":"post-315559","1":"product","2":"type-product","3":"status-publish","4":"has-post-thumbnail","6":"rizoma_bike-ninja-1000-zx-10r-2021-22","7":"rizoma_bike-ninja-1000-zx-10r-2021-25","8":"rizoma_bike-ninja-1000-zx-10r-40th-anniversary-edition-2024","9":"rizoma_bike-ninja-1000-zx-10r-performance-2021-24","10":"rizoma_bike-ninja-1000-zx-10r-performance-2025","11":"rizoma_bike-ninja-1000-zx-10rr-winter-test-limited-edition-2024","12":"rizoma_bike-ninja-1000-zx-10rr-2021-23","13":"rizoma_bike-ninja-1000-zx-10rr-2025","14":"rizoma_bike-ninja-1000-zx-10rr-performance-2025","15":"rizoma_bike-ninja-636-zx-6r-2024-26","16":"rizoma_bike-ninja-636-zx-6r-40th-anniversary-edition-2024","17":"rizoma_bike-ninja-636-zx-6r-performance-2025-26","18":"rizoma_bike-ninja-zx-4r-2024-26","19":"rizoma_bike-ninja-zx-4r-performance-2025-26","20":"rizoma_bike-ninja-zx-4rr-2024-26","21":"rizoma_bike-ninja-zx-4rr-40th-anniversay-edition-2024","22":"rizoma_bike-ninja-zx-4rr-performance-2025-26","23":"rizoma_bike-z-1000-2017-20","24":"rizoma_bike-z-1000-r-2017-20","25":"rizoma_bike-z-1100-2026","26":"rizoma_bike-z-1100-se-2026","27":"rizoma_bike-z-650-2023-24","28":"rizoma_bike-z-650-2025-26","29":"rizoma_bike-z-650-performance-arrow-2025-26","30":"rizoma_bike-z-650-rs-2022-24","31":"rizoma_bike-z-650-rs-2025-26","32":"rizoma_bike-z-650-rs-50th-anniversary-2022","33":"rizoma_bike-z-650-sport-2025-26","34":"rizoma_bike-z-900-2020-22","35":"rizoma_bike-z-900-2020","36":"rizoma_bike-z-900-2023-24","37":"rizoma_bike-z-900-2025-26","38":"rizoma_bike-z-900-50th-anniversary-2022-23","39":"rizoma_bike-z-900-a2-2020","40":"rizoma_bike-z-900-a2-2021-24","41":"rizoma_bike-z-900-a2-2025-26","42":"rizoma_bike-z-900-a2-performance-2021-24","43":"rizoma_bike-z-900-performance-2020","44":"rizoma_bike-z-900-performance-2021-24","45":"rizoma_bike-z-900-performance-2025-26","46":"rizoma_bike-z-900-performance-a2-2020","47":"rizoma_bike-z-900-rs-2018-20","48":"rizoma_bike-z-900-rs-2021","49":"rizoma_bike-z-900-rs-2022-25","50":"rizoma_bike-z-900-rs-50th-anniversary-2022","51":"rizoma_bike-z-900-rs-cafe-2018-21","52":"rizoma_bike-z-900-rs-cafe-performance-2020-21","53":"rizoma_bike-z-900-rs-performance-2020","54":"rizoma_bike-z-900-rs-performance-2021-22","55":"rizoma_bike-z-900-rs-se-2022-25","56":"rizoma_bike-z-900-se-2022-24","57":"rizoma_bike-z-900-se-2022","58":"rizoma_bike-z-900-se-2025-26","59":"rizoma_bike-z-900-se-performance-2023-24","60":"rizoma_bike-z-900-se-performance-2025-26","61":"product_cat-blinker","63":"first","64":"instock","65":"taxable","66":"shipping-taxable","67":"purchasable","68":"product-type-variable"},"acf":[],"_links":{"self":[{"href":"https:\/\/cycle.rizoma.com\/de\/wp-json\/wp\/v2\/product\/315559","targetHints":{"allow":["GET"]}}],"collection":[{"href":"https:\/\/cycle.rizoma.com\/de\/wp-json\/wp\/v2\/product"}],"about":[{"href":"https:\/\/cycle.rizoma.com\/de\/wp-json\/wp\/v2\/types\/product"}],"wp:featuredmedia":[{"embeddable":true,"href":"https:\/\/cycle.rizoma.com\/de\/wp-json\/wp\/v2\/media\/297682"}],"wp:attachment":[{"href":"https:\/\/cycle.rizoma.com\/de\/wp-json\/wp\/v2\/media?parent=315559"}],"wp:term":[{"taxonomy":"rizoma_assembly_time","embeddable":true,"href":"https:\/\/cycle.rizoma.com\/de\/wp-json\/wp\/v2\/rizoma_assembly_time?post=315559"},{"taxonomy":"rizoma_bike","embeddable":true,"href":"https:\/\/cycle.rizoma.com\/de\/wp-json\/wp\/v2\/rizoma_bike?post=315559"},{"taxonomy":"rizoma_division","embeddable":true,"href":"https:\/\/cycle.rizoma.com\/de\/wp-json\/wp\/v2\/rizoma_division?post=315559"},{"taxonomy":"rizoma_family","embeddable":true,"href":"https:\/\/cycle.rizoma.com\/de\/wp-json\/wp\/v2\/rizoma_family?post=315559"},{"taxonomy":"rizoma_model_category","embeddable":true,"href":"https:\/\/cycle.rizoma.com\/de\/wp-json\/wp\/v2\/rizoma_model_category?post=315559"},{"taxonomy":"rizoma_product_template","embeddable":true,"href":"https:\/\/cycle.rizoma.com\/de\/wp-json\/wp\/v2\/rizoma_product_template?post=315559"},{"taxonomy":"product_brand","embeddable":true,"href":"https:\/\/cycle.rizoma.com\/de\/wp-json\/wp\/v2\/product_brand?post=315559"},{"taxonomy":"product_cat","embeddable":true,"href":"https:\/\/cycle.rizoma.com\/de\/wp-json\/wp\/v2\/product_cat?post=315559"},{"taxonomy":"product_tag","embeddable":true,"href":"https:\/\/cycle.rizoma.com\/de\/wp-json\/wp\/v2\/product_tag?post=315559"}],"curies":[{"name":"wp","href":"https:\/\/api.w.org\/{rel}","templated":true}]}}