{"id":315574,"date":"2024-11-21T16:44:52","date_gmt":"2024-11-21T15:44:52","guid":{"rendered":"https:\/\/rwp.rizoma.com\/negozio\/verkabelung-fur-die-rizoma-blinker-ee164\/"},"modified":"2025-07-01T18:32:54","modified_gmt":"2025-07-01T16:32:54","slug":"verkabelung-mit-widerstands-kit-fur-rizoma-blinker-ee164","status":"publish","type":"product","link":"https:\/\/cycle.rizoma.com\/de\/negozio\/blinker\/EE164\/verkabelung-mit-widerstands-kit-fur-rizoma-blinker-ee164\/","title":{"rendered":"Verkabelung mit Widerstands-Kit f\u00fcr Rizoma Blinker"},"content":{"rendered":"<p>Die Rizoma-Verkabelung mit Widerstands-Kit (2 W \/ 100 \u2126 e 3 W \/ 47 \u2126) wird f\u00fcr die Montage von Rizoma-Blinkern sowie f\u00fcr Rizoma-Spiegel mit integrierten Blinkern ben\u00f6tigt.<br \/>Es wird empfohlen, vor der Bestellung die technischen Zeichnungen zu kontrollieren. Jedes Kit enth\u00e4lt 2 Verkabelungen. F\u00fcr die Montage von 4 Blinkern werden 2 Kits ben\u00f6tigt.<br \/>Ohne diese besonderen Sicherungs-Kits ist eine korrekte Blinkfrequenz der Blinker nicht m\u00f6glich.<\/p>\n","protected":false},"excerpt":{"rendered":"<p>Die Rizoma-Verkabelung mit Widerstands-Kit (2 W \/ 100 \u2126 e 3 W \/ 47 \u2126) wird f\u00fcr die Montage von Rizoma-Blinkern sowie f\u00fcr Rizoma-Spiegel mit integrierten Blinkern ben\u00f6tigt.Es wird empfohlen, vor der Bestellung die technischen Zeichnungen zu kontrollieren. Jedes Kit enth\u00e4lt 2 Verkabelungen. F\u00fcr die Montage von 4 Blinkern werden 2 Kits ben\u00f6tigt.Ohne diese besonderen [&hellip;]<\/p>\n","protected":false},"featured_media":297642,"template":"","meta":{"_acf_changed":false},"rizoma_assembly_time":[42753],"rizoma_bike":[42138,42239,42371,42445,42446,42094,42199,43690,42399,42479,42351,42474,42377,42240,42352,42469,42084,42244],"rizoma_division":[42652],"rizoma_family":[42859],"rizoma_model_category":[],"rizoma_product_template":[],"product_brand":[],"product_cat":[42715],"product_tag":[],"class_list":{"0":"post-315574","1":"product","2":"type-product","3":"status-publish","4":"has-post-thumbnail","6":"rizoma_bike-1290-super-duke-r-2019","7":"rizoma_bike-1290-super-duke-r-2020","8":"rizoma_bike-1290-super-duke-r-2021","9":"rizoma_bike-1290-super-duke-r-2022-23","10":"rizoma_bike-1290-super-duke-r-evo-2022-23","11":"rizoma_bike-790-duke-2018-20","12":"rizoma_bike-790-duke-2019","13":"rizoma_bike-790-duke-2025-26","14":"rizoma_bike-790-duke-l-2019-20","15":"rizoma_bike-790-duke-l-2023-24","16":"rizoma_bike-890-duke-2021-23","17":"rizoma_bike-890-duke-gp-2022-23","18":"rizoma_bike-890-duke-l-2021","19":"rizoma_bike-890-duke-r-2020","20":"rizoma_bike-890-duke-r-2021","21":"rizoma_bike-890-duke-r-2022-23","22":"rizoma_bike-vitpilen-701-2018-19","23":"rizoma_bike-vitpilen-701-2020","24":"product_cat-blinker","26":"first","27":"instock","28":"taxable","29":"shipping-taxable","30":"purchasable","31":"product-type-variable"},"acf":[],"_links":{"self":[{"href":"https:\/\/cycle.rizoma.com\/de\/wp-json\/wp\/v2\/product\/315574","targetHints":{"allow":["GET"]}}],"collection":[{"href":"https:\/\/cycle.rizoma.com\/de\/wp-json\/wp\/v2\/product"}],"about":[{"href":"https:\/\/cycle.rizoma.com\/de\/wp-json\/wp\/v2\/types\/product"}],"wp:featuredmedia":[{"embeddable":true,"href":"https:\/\/cycle.rizoma.com\/de\/wp-json\/wp\/v2\/media\/297642"}],"wp:attachment":[{"href":"https:\/\/cycle.rizoma.com\/de\/wp-json\/wp\/v2\/media?parent=315574"}],"wp:term":[{"taxonomy":"rizoma_assembly_time","embeddable":true,"href":"https:\/\/cycle.rizoma.com\/de\/wp-json\/wp\/v2\/rizoma_assembly_time?post=315574"},{"taxonomy":"rizoma_bike","embeddable":true,"href":"https:\/\/cycle.rizoma.com\/de\/wp-json\/wp\/v2\/rizoma_bike?post=315574"},{"taxonomy":"rizoma_division","embeddable":true,"href":"https:\/\/cycle.rizoma.com\/de\/wp-json\/wp\/v2\/rizoma_division?post=315574"},{"taxonomy":"rizoma_family","embeddable":true,"href":"https:\/\/cycle.rizoma.com\/de\/wp-json\/wp\/v2\/rizoma_family?post=315574"},{"taxonomy":"rizoma_model_category","embeddable":true,"href":"https:\/\/cycle.rizoma.com\/de\/wp-json\/wp\/v2\/rizoma_model_category?post=315574"},{"taxonomy":"rizoma_product_template","embeddable":true,"href":"https:\/\/cycle.rizoma.com\/de\/wp-json\/wp\/v2\/rizoma_product_template?post=315574"},{"taxonomy":"product_brand","embeddable":true,"href":"https:\/\/cycle.rizoma.com\/de\/wp-json\/wp\/v2\/product_brand?post=315574"},{"taxonomy":"product_cat","embeddable":true,"href":"https:\/\/cycle.rizoma.com\/de\/wp-json\/wp\/v2\/product_cat?post=315574"},{"taxonomy":"product_tag","embeddable":true,"href":"https:\/\/cycle.rizoma.com\/de\/wp-json\/wp\/v2\/product_tag?post=315574"}],"curies":[{"name":"wp","href":"https:\/\/api.w.org\/{rel}","templated":true}]}}