{"id":315679,"date":"2024-11-21T16:47:12","date_gmt":"2024-11-21T15:47:12","guid":{"rendered":"https:\/\/rwp.rizoma.com\/negozio\/montagesatz-fur-blinker-hinten-fr218\/"},"modified":"2025-07-01T18:23:25","modified_gmt":"2025-07-01T16:23:25","slug":"montagesatz-fur-blinker-hinten-fr218","status":"publish","type":"product","link":"https:\/\/cycle.rizoma.com\/de\/negozio\/blinker\/FR218\/montagesatz-fur-blinker-hinten-fr218\/","title":{"rendered":"Montagesatz f\u00fcr Blinker hinten"},"content":{"rendered":"<p>Jeder Adapter wurde eigens f\u00fcr das entsprechende Motorradmodell entwickelt, um eine bestm\u00f6gliche Befestigung zu gew\u00e4hrleisten. Diese Adapter sind aus PVC gefertigt.<\/p>\n","protected":false},"excerpt":{"rendered":"<p>Jeder Adapter wurde eigens f\u00fcr das entsprechende Motorradmodell entwickelt, um eine bestm\u00f6gliche Befestigung zu gew\u00e4hrleisten. Diese Adapter sind aus PVC gefertigt.<\/p>\n","protected":false},"featured_media":295592,"template":"","meta":{"_acf_changed":false},"rizoma_assembly_time":[42675],"rizoma_bike":[42534,43697,41715,41716,41865,41841,41842,41896,41870,41571,41833,41765,41834,41940,41941,41573,41754,41835,41866,41755,41936],"rizoma_division":[42652],"rizoma_family":[42710],"rizoma_model_category":[],"rizoma_product_template":[],"product_brand":[],"product_cat":[42715],"product_tag":[],"class_list":{"0":"post-315679","1":"product","2":"type-product","3":"status-publish","4":"has-post-thumbnail","6":"rizoma_bike-cb-750-hornet-2023-24","7":"rizoma_bike-cb-750-hornet-2025","8":"rizoma_bike-daytona-675-abs-2009-13","9":"rizoma_bike-daytona-675-r-2010-12","10":"rizoma_bike-daytona-675-r-abs-2009-16","11":"rizoma_bike-monster-1200-2014-16","12":"rizoma_bike-monster-1200-s-2014-16","13":"rizoma_bike-monster-1200-s-stripe-2014-15","14":"rizoma_bike-monster-821-abs-2014-17","15":"rizoma_bike-speed-triple-1050-2011-13","16":"rizoma_bike-speed-triple-1050-abs-2011-15","17":"rizoma_bike-speed-triple-1050-r-2011-13","18":"rizoma_bike-speed-triple-1050-r-abs-2011-15","19":"rizoma_bike-speed-triple-1050-r-abs-2016-17","20":"rizoma_bike-speed-triple-1050-s-abs-2016-17","21":"rizoma_bike-street-triple-2007-12","22":"rizoma_bike-street-triple-2013","23":"rizoma_bike-street-triple-abs-2013-17","24":"rizoma_bike-street-triple-r-2013-14","25":"rizoma_bike-street-triple-r-abs-2013-17","26":"rizoma_bike-street-twin-900-2016","27":"product_cat-blinker","29":"first","30":"instock","31":"taxable","32":"shipping-taxable","33":"purchasable","34":"product-type-variable"},"acf":[],"_links":{"self":[{"href":"https:\/\/cycle.rizoma.com\/de\/wp-json\/wp\/v2\/product\/315679","targetHints":{"allow":["GET"]}}],"collection":[{"href":"https:\/\/cycle.rizoma.com\/de\/wp-json\/wp\/v2\/product"}],"about":[{"href":"https:\/\/cycle.rizoma.com\/de\/wp-json\/wp\/v2\/types\/product"}],"wp:featuredmedia":[{"embeddable":true,"href":"https:\/\/cycle.rizoma.com\/de\/wp-json\/wp\/v2\/media\/295592"}],"wp:attachment":[{"href":"https:\/\/cycle.rizoma.com\/de\/wp-json\/wp\/v2\/media?parent=315679"}],"wp:term":[{"taxonomy":"rizoma_assembly_time","embeddable":true,"href":"https:\/\/cycle.rizoma.com\/de\/wp-json\/wp\/v2\/rizoma_assembly_time?post=315679"},{"taxonomy":"rizoma_bike","embeddable":true,"href":"https:\/\/cycle.rizoma.com\/de\/wp-json\/wp\/v2\/rizoma_bike?post=315679"},{"taxonomy":"rizoma_division","embeddable":true,"href":"https:\/\/cycle.rizoma.com\/de\/wp-json\/wp\/v2\/rizoma_division?post=315679"},{"taxonomy":"rizoma_family","embeddable":true,"href":"https:\/\/cycle.rizoma.com\/de\/wp-json\/wp\/v2\/rizoma_family?post=315679"},{"taxonomy":"rizoma_model_category","embeddable":true,"href":"https:\/\/cycle.rizoma.com\/de\/wp-json\/wp\/v2\/rizoma_model_category?post=315679"},{"taxonomy":"rizoma_product_template","embeddable":true,"href":"https:\/\/cycle.rizoma.com\/de\/wp-json\/wp\/v2\/rizoma_product_template?post=315679"},{"taxonomy":"product_brand","embeddable":true,"href":"https:\/\/cycle.rizoma.com\/de\/wp-json\/wp\/v2\/product_brand?post=315679"},{"taxonomy":"product_cat","embeddable":true,"href":"https:\/\/cycle.rizoma.com\/de\/wp-json\/wp\/v2\/product_cat?post=315679"},{"taxonomy":"product_tag","embeddable":true,"href":"https:\/\/cycle.rizoma.com\/de\/wp-json\/wp\/v2\/product_tag?post=315679"}],"curies":[{"name":"wp","href":"https:\/\/api.w.org\/{rel}","templated":true}]}}