{"id":315794,"date":"2024-11-21T16:49:36","date_gmt":"2024-11-21T15:49:36","guid":{"rendered":"https:\/\/rwp.rizoma.com\/negozio\/montagesatz-fur-blinker-fr416\/"},"modified":"2026-02-07T12:31:04","modified_gmt":"2026-02-07T11:31:04","slug":"montagesatz-fur-blinker-fr416","status":"publish","type":"product","link":"https:\/\/cycle.rizoma.com\/de\/negozio\/blinker\/FR416\/montagesatz-fur-blinker-fr416\/","title":{"rendered":"Montagesatz f\u00fcr Blinker"},"content":{"rendered":"<p>Jeder Adapter wurde eigens f\u00fcr das entsprechende Motorradmodell entwickelt, um eine bestm\u00f6gliche Befestigung zu gew\u00e4hrleisten. Diese Adapter sind aus PVC gefertigt.<\/p>\n","protected":false},"excerpt":{"rendered":"<p>Jeder Adapter wurde eigens f\u00fcr das entsprechende Motorradmodell entwickelt, um eine bestm\u00f6gliche Befestigung zu gew\u00e4hrleisten. Diese Adapter sind aus PVC gefertigt.<\/p>\n","protected":false},"featured_media":295732,"template":"","meta":{"_acf_changed":false},"rizoma_assembly_time":[42675],"rizoma_bike":[41827,41762,41828,41847,41801,41829,41950,41848,42040,42578,44369,42391,44366,44377],"rizoma_division":[42652],"rizoma_family":[42710],"rizoma_model_category":[],"rizoma_product_template":[],"product_brand":[],"product_cat":[42715],"product_tag":[],"class_list":{"0":"post-315794","1":"product","2":"type-product","3":"status-publish","4":"has-post-thumbnail","6":"rizoma_bike-brutale-1090-rr-abs-2009-19","7":"rizoma_bike-brutale-675-2011-15","8":"rizoma_bike-brutale-675-eas-2011-14","9":"rizoma_bike-brutale-675-eas-abs-2011-16","10":"rizoma_bike-brutale-800-2012-15","11":"rizoma_bike-brutale-800-eas-2012-14","12":"rizoma_bike-brutale-800-eas-2015","13":"rizoma_bike-brutale-800-eas-abs-2012-15","14":"rizoma_bike-f3-800-eas-abs-2017-20","15":"rizoma_bike-f3-800-r-2023-26","16":"rizoma_bike-f3-800-rc-2022-25","17":"rizoma_bike-f3-800-rosso-2021-23","18":"rizoma_bike-f3-800-rr-2022-25","19":"rizoma_bike-f3-800-rr-ottantesimo-2025-26","20":"product_cat-blinker","22":"first","23":"instock","24":"taxable","25":"shipping-taxable","26":"purchasable","27":"product-type-variable"},"acf":[],"_links":{"self":[{"href":"https:\/\/cycle.rizoma.com\/de\/wp-json\/wp\/v2\/product\/315794","targetHints":{"allow":["GET"]}}],"collection":[{"href":"https:\/\/cycle.rizoma.com\/de\/wp-json\/wp\/v2\/product"}],"about":[{"href":"https:\/\/cycle.rizoma.com\/de\/wp-json\/wp\/v2\/types\/product"}],"wp:featuredmedia":[{"embeddable":true,"href":"https:\/\/cycle.rizoma.com\/de\/wp-json\/wp\/v2\/media\/295732"}],"wp:attachment":[{"href":"https:\/\/cycle.rizoma.com\/de\/wp-json\/wp\/v2\/media?parent=315794"}],"wp:term":[{"taxonomy":"rizoma_assembly_time","embeddable":true,"href":"https:\/\/cycle.rizoma.com\/de\/wp-json\/wp\/v2\/rizoma_assembly_time?post=315794"},{"taxonomy":"rizoma_bike","embeddable":true,"href":"https:\/\/cycle.rizoma.com\/de\/wp-json\/wp\/v2\/rizoma_bike?post=315794"},{"taxonomy":"rizoma_division","embeddable":true,"href":"https:\/\/cycle.rizoma.com\/de\/wp-json\/wp\/v2\/rizoma_division?post=315794"},{"taxonomy":"rizoma_family","embeddable":true,"href":"https:\/\/cycle.rizoma.com\/de\/wp-json\/wp\/v2\/rizoma_family?post=315794"},{"taxonomy":"rizoma_model_category","embeddable":true,"href":"https:\/\/cycle.rizoma.com\/de\/wp-json\/wp\/v2\/rizoma_model_category?post=315794"},{"taxonomy":"rizoma_product_template","embeddable":true,"href":"https:\/\/cycle.rizoma.com\/de\/wp-json\/wp\/v2\/rizoma_product_template?post=315794"},{"taxonomy":"product_brand","embeddable":true,"href":"https:\/\/cycle.rizoma.com\/de\/wp-json\/wp\/v2\/product_brand?post=315794"},{"taxonomy":"product_cat","embeddable":true,"href":"https:\/\/cycle.rizoma.com\/de\/wp-json\/wp\/v2\/product_cat?post=315794"},{"taxonomy":"product_tag","embeddable":true,"href":"https:\/\/cycle.rizoma.com\/de\/wp-json\/wp\/v2\/product_tag?post=315794"}],"curies":[{"name":"wp","href":"https:\/\/api.w.org\/{rel}","templated":true}]}}