{"id":316514,"date":"2024-11-21T17:05:41","date_gmt":"2024-11-21T16:05:41","guid":{"rendered":"https:\/\/rwp.rizoma.com\/negozio\/oldeckel-tp030\/"},"modified":"2025-11-04T08:03:40","modified_gmt":"2025-11-04T07:03:40","slug":"oldeckel-tp030","status":"publish","type":"product","link":"https:\/\/cycle.rizoma.com\/de\/negozio\/oldeckel\/TP030\/oldeckel-tp030\/","title":{"rendered":"\u00d6ldeckel"},"content":{"rendered":"<p>Der zur G\u00e4nze aus Aluminium gearbeitete Rizoma-\u00d6ldeckel zeichnet sich dank eloxierter Oberfl\u00e4che durch eine hervorragende Qualit\u00e4t und Langlebigkeit aus und verf\u00fcgt \u00fcber ein Entriegelungssystem mit Steckschl\u00fcssel. Verschmelzung von Technik und Design im perfekten BMW-Stil f\u00fcr eine edle Motorradoptik bei gleichzeitig h\u00f6chster Funktionalit\u00e4t.<\/p>\n","protected":false},"excerpt":{"rendered":"<p>Der zur G\u00e4nze aus Aluminium gearbeitete Rizoma-\u00d6ldeckel zeichnet sich dank eloxierter Oberfl\u00e4che durch eine hervorragende Qualit\u00e4t und Langlebigkeit aus und verf\u00fcgt \u00fcber ein Entriegelungssystem mit Steckschl\u00fcssel. Verschmelzung von Technik und Design im perfekten BMW-Stil f\u00fcr eine edle Motorradoptik bei gleichzeitig h\u00f6chster Funktionalit\u00e4t.<\/p>\n","protected":false},"featured_media":296132,"template":"","meta":{"_acf_changed":false},"rizoma_assembly_time":[42664],"rizoma_bike":[41389,41730,43897,43723,43725,43724,41410,41411,41412,41809,41970,41413,41838,41971,42111,41443,41444,41893,41445,41908,41589,42289,42128,42301,42290,42283,42305,42177,42575,42296,42551,41839,42006,41979,42248,41981,41953,42297,42298,42299,42372,42003,42178],"rizoma_division":[42652],"rizoma_family":[],"rizoma_model_category":[],"rizoma_product_template":[],"product_brand":[],"product_cat":[42899],"product_tag":[],"class_list":{"0":"post-316514","1":"product","2":"type-product","3":"status-publish","4":"has-post-thumbnail","6":"rizoma_bike-hp2-enduro-1","7":"rizoma_bike-hp2-megamoto-1","8":"rizoma_bike-r-12-g-s-2026","9":"rizoma_bike-r-12-ninet-2023-26","10":"rizoma_bike-r-12-ninet-option-719-2023-24","11":"rizoma_bike-r-12-ninet-san-remo-2023-24","12":"rizoma_bike-r-1200-gs-2004-07","13":"rizoma_bike-r-1200-gs-2008-09","14":"rizoma_bike-r-1200-gs-2010-12","15":"rizoma_bike-r-1200-gs-2013-16","16":"rizoma_bike-r-1200-gs-2017-18","17":"rizoma_bike-r-1200-gs-adventure-2010-13","18":"rizoma_bike-r-1200-gs-adventure-2013-16","19":"rizoma_bike-r-1200-gs-adventure-2017-18","20":"rizoma_bike-r-1200-gs-rallye-2017-18","21":"rizoma_bike-r-1200-r-2006-11","22":"rizoma_bike-r-1200-r-2011-14","23":"rizoma_bike-r-1200-r-2015-16","24":"rizoma_bike-r-1200-r-classic-2011-12","25":"rizoma_bike-r-1200-rs-2015-16","26":"rizoma_bike-r-1200-s-1","27":"rizoma_bike-r-1250-gs-edition-40-years-gs-2021","28":"rizoma_bike-r-1250-gs-2019-20","29":"rizoma_bike-r-1250-gs-2021-24","30":"rizoma_bike-r-1250-gs-adventure-edition-40-years-gs-2020-21","31":"rizoma_bike-r-1250-gs-adventure-2019-20","32":"rizoma_bike-r-1250-gs-adventure-2021-24","33":"rizoma_bike-r-1250-gs-hp-2019","34":"rizoma_bike-r-1250-gs-ultimate-edition-2023","35":"rizoma_bike-r-ninet-2021-24","36":"rizoma_bike-r-ninet-100-years-2023","37":"rizoma_bike-r-ninet-1200-2014-16","38":"rizoma_bike-r-ninet-1200-2017-20","39":"rizoma_bike-r-ninet-1200-pure-2017-20","40":"rizoma_bike-r-ninet-1200-pure-2020","41":"rizoma_bike-r-ninet-1200-racer-2017-20","42":"rizoma_bike-r-ninet-1200-scrambler-2016-20","43":"rizoma_bike-r-ninet-pure-2021-24","44":"rizoma_bike-r-ninet-scrambler-2021-24","45":"rizoma_bike-r-ninet-urban-gs-2021-24","46":"rizoma_bike-r-ninet-urban-gs-1200-edition-40-years-gs-2021","47":"rizoma_bike-r-ninet-urban-gs-1200-2017-20","48":"rizoma_bike-r-ninet-5-1200-2019-20","49":"product_cat-oldeckel","51":"first","52":"instock","53":"taxable","54":"shipping-taxable","55":"purchasable","56":"product-type-variable"},"acf":[],"_links":{"self":[{"href":"https:\/\/cycle.rizoma.com\/de\/wp-json\/wp\/v2\/product\/316514","targetHints":{"allow":["GET"]}}],"collection":[{"href":"https:\/\/cycle.rizoma.com\/de\/wp-json\/wp\/v2\/product"}],"about":[{"href":"https:\/\/cycle.rizoma.com\/de\/wp-json\/wp\/v2\/types\/product"}],"wp:featuredmedia":[{"embeddable":true,"href":"https:\/\/cycle.rizoma.com\/de\/wp-json\/wp\/v2\/media\/296132"}],"wp:attachment":[{"href":"https:\/\/cycle.rizoma.com\/de\/wp-json\/wp\/v2\/media?parent=316514"}],"wp:term":[{"taxonomy":"rizoma_assembly_time","embeddable":true,"href":"https:\/\/cycle.rizoma.com\/de\/wp-json\/wp\/v2\/rizoma_assembly_time?post=316514"},{"taxonomy":"rizoma_bike","embeddable":true,"href":"https:\/\/cycle.rizoma.com\/de\/wp-json\/wp\/v2\/rizoma_bike?post=316514"},{"taxonomy":"rizoma_division","embeddable":true,"href":"https:\/\/cycle.rizoma.com\/de\/wp-json\/wp\/v2\/rizoma_division?post=316514"},{"taxonomy":"rizoma_family","embeddable":true,"href":"https:\/\/cycle.rizoma.com\/de\/wp-json\/wp\/v2\/rizoma_family?post=316514"},{"taxonomy":"rizoma_model_category","embeddable":true,"href":"https:\/\/cycle.rizoma.com\/de\/wp-json\/wp\/v2\/rizoma_model_category?post=316514"},{"taxonomy":"rizoma_product_template","embeddable":true,"href":"https:\/\/cycle.rizoma.com\/de\/wp-json\/wp\/v2\/rizoma_product_template?post=316514"},{"taxonomy":"product_brand","embeddable":true,"href":"https:\/\/cycle.rizoma.com\/de\/wp-json\/wp\/v2\/product_brand?post=316514"},{"taxonomy":"product_cat","embeddable":true,"href":"https:\/\/cycle.rizoma.com\/de\/wp-json\/wp\/v2\/product_cat?post=316514"},{"taxonomy":"product_tag","embeddable":true,"href":"https:\/\/cycle.rizoma.com\/de\/wp-json\/wp\/v2\/product_tag?post=316514"}],"curies":[{"name":"wp","href":"https:\/\/api.w.org\/{rel}","templated":true}]}}