{"id":316524,"date":"2024-11-21T17:05:53","date_gmt":"2024-11-21T16:05:53","guid":{"rendered":"https:\/\/rwp.rizoma.com\/negozio\/oldeckel-tp046\/"},"modified":"2025-12-18T00:37:17","modified_gmt":"2025-12-17T23:37:17","slug":"oldeckel-tp046","status":"publish","type":"product","link":"https:\/\/cycle.rizoma.com\/de\/negozio\/oldeckel\/TP046\/oldeckel-tp046\/","title":{"rendered":"\u00d6ldeckel"},"content":{"rendered":"<p>Der zur G\u00e4nze aus Aluminium gearbeitete Rizoma-\u00d6ldeckel zeichnet sich dank polierter und eloxierter Oberfl\u00e4che durch eine hervorragende Qualit\u00e4t und Langlebigkeit aus. Im Custom-Style f\u00fcr eine edle Motorradoptik.<\/p>\n","protected":false},"excerpt":{"rendered":"<p>Der zur G\u00e4nze aus Aluminium gearbeitete Rizoma-\u00d6ldeckel zeichnet sich dank polierter und eloxierter Oberfl\u00e4che durch eine hervorragende Qualit\u00e4t und Langlebigkeit aus. Im Custom-Style f\u00fcr eine edle Motorradoptik.<\/p>\n","protected":false},"featured_media":296202,"template":"","meta":{"_acf_changed":false},"rizoma_assembly_time":[42664],"rizoma_bike":[43816],"rizoma_division":[42652],"rizoma_family":[42976],"rizoma_model_category":[],"rizoma_product_template":[],"product_brand":[],"product_cat":[42899],"product_tag":[],"class_list":{"0":"post-316524","1":"product","2":"type-product","3":"status-publish","4":"has-post-thumbnail","6":"rizoma_bike-softail-slim-2011-17-fls","7":"product_cat-oldeckel","9":"first","10":"instock","11":"sale","12":"taxable","13":"shipping-taxable","14":"purchasable","15":"product-type-variable"},"acf":[],"_links":{"self":[{"href":"https:\/\/cycle.rizoma.com\/de\/wp-json\/wp\/v2\/product\/316524","targetHints":{"allow":["GET"]}}],"collection":[{"href":"https:\/\/cycle.rizoma.com\/de\/wp-json\/wp\/v2\/product"}],"about":[{"href":"https:\/\/cycle.rizoma.com\/de\/wp-json\/wp\/v2\/types\/product"}],"wp:featuredmedia":[{"embeddable":true,"href":"https:\/\/cycle.rizoma.com\/de\/wp-json\/wp\/v2\/media\/296202"}],"wp:attachment":[{"href":"https:\/\/cycle.rizoma.com\/de\/wp-json\/wp\/v2\/media?parent=316524"}],"wp:term":[{"taxonomy":"rizoma_assembly_time","embeddable":true,"href":"https:\/\/cycle.rizoma.com\/de\/wp-json\/wp\/v2\/rizoma_assembly_time?post=316524"},{"taxonomy":"rizoma_bike","embeddable":true,"href":"https:\/\/cycle.rizoma.com\/de\/wp-json\/wp\/v2\/rizoma_bike?post=316524"},{"taxonomy":"rizoma_division","embeddable":true,"href":"https:\/\/cycle.rizoma.com\/de\/wp-json\/wp\/v2\/rizoma_division?post=316524"},{"taxonomy":"rizoma_family","embeddable":true,"href":"https:\/\/cycle.rizoma.com\/de\/wp-json\/wp\/v2\/rizoma_family?post=316524"},{"taxonomy":"rizoma_model_category","embeddable":true,"href":"https:\/\/cycle.rizoma.com\/de\/wp-json\/wp\/v2\/rizoma_model_category?post=316524"},{"taxonomy":"rizoma_product_template","embeddable":true,"href":"https:\/\/cycle.rizoma.com\/de\/wp-json\/wp\/v2\/rizoma_product_template?post=316524"},{"taxonomy":"product_brand","embeddable":true,"href":"https:\/\/cycle.rizoma.com\/de\/wp-json\/wp\/v2\/product_brand?post=316524"},{"taxonomy":"product_cat","embeddable":true,"href":"https:\/\/cycle.rizoma.com\/de\/wp-json\/wp\/v2\/product_cat?post=316524"},{"taxonomy":"product_tag","embeddable":true,"href":"https:\/\/cycle.rizoma.com\/de\/wp-json\/wp\/v2\/product_tag?post=316524"}],"curies":[{"name":"wp","href":"https:\/\/api.w.org\/{rel}","templated":true}]}}