{"id":316539,"date":"2024-11-21T17:06:14","date_gmt":"2024-11-21T16:06:14","guid":{"rendered":"https:\/\/rwp.rizoma.com\/negozio\/montagesatz-fur-niedriges-windschild-zdm130\/"},"modified":"2025-09-16T16:34:58","modified_gmt":"2025-09-16T14:34:58","slug":"montagesatz-fur-niedriges-windschild-zdm130","status":"publish","type":"product","link":"https:\/\/cycle.rizoma.com\/de\/negozio\/windschilde\/ZDM130\/montagesatz-fur-niedriges-windschild-zdm130\/","title":{"rendered":"Montagesatz f\u00fcr Niedriges Windschild"},"content":{"rendered":"<p>Der Adapter ZDM130 erm\u00f6glicht die Montage des tiefen Rizoma-Windschilds CF011 auf einem konischen Lenker in Verbindung mit der oberen Lenkerklemmung AZ203. Jeder Adapter wurde eigens f\u00fcr das entsprechende Motorradmodell entwickelt, um eine bestm\u00f6gliche Befestigung zu gew\u00e4hrleisten.<\/p>\n","protected":false},"excerpt":{"rendered":"<p>Der Adapter ZDM130 erm\u00f6glicht die Montage des tiefen Rizoma-Windschilds CF011 auf einem konischen Lenker in Verbindung mit der oberen Lenkerklemmung AZ203. Jeder Adapter wurde eigens f\u00fcr das entsprechende Motorradmodell entwickelt, um eine bestm\u00f6gliche Befestigung zu gew\u00e4hrleisten.<\/p>\n","protected":false},"featured_media":339395,"template":"","meta":{"_acf_changed":false},"rizoma_assembly_time":[42742],"rizoma_bike":[41876,42054,42005,42325,42388,41943,41877,42055,41878,42056,42198,42326,42217,42428,42066,42109],"rizoma_division":[42652],"rizoma_family":[42823],"rizoma_model_category":[],"rizoma_product_template":[],"product_brand":[],"product_cat":[42828],"product_tag":[],"class_list":{"0":"post-316539","1":"product","2":"type-product","3":"status-publish","4":"has-post-thumbnail","6":"rizoma_bike-scrambler-800-classic-2015-16","7":"rizoma_bike-scrambler-800-classic-2017-18","8":"rizoma_bike-scrambler-800-desert-sled-2017-20","9":"rizoma_bike-scrambler-800-desert-sled-2021-22","10":"rizoma_bike-scrambler-800-desert-sled-fasthouse-2021-22","11":"rizoma_bike-scrambler-800-flat-track-pro-2016-17","12":"rizoma_bike-scrambler-800-full-throttle-2015-16","13":"rizoma_bike-scrambler-800-full-throttle-2017-21","14":"rizoma_bike-scrambler-800-icon-2015-16","15":"rizoma_bike-scrambler-800-icon-2017-20","16":"rizoma_bike-scrambler-800-icon-2019-20","17":"rizoma_bike-scrambler-800-icon-2021-22","18":"rizoma_bike-scrambler-800-icon-dark-2020","19":"rizoma_bike-scrambler-800-icon-dark-2021-22","20":"rizoma_bike-scrambler-800-mach-2-0-2017-19","21":"rizoma_bike-scrambler-800-street-classic-2017-18","22":"product_cat-windschilde","24":"first","25":"instock","26":"taxable","27":"shipping-taxable","28":"purchasable","29":"product-type-variable"},"acf":[],"_links":{"self":[{"href":"https:\/\/cycle.rizoma.com\/de\/wp-json\/wp\/v2\/product\/316539","targetHints":{"allow":["GET"]}}],"collection":[{"href":"https:\/\/cycle.rizoma.com\/de\/wp-json\/wp\/v2\/product"}],"about":[{"href":"https:\/\/cycle.rizoma.com\/de\/wp-json\/wp\/v2\/types\/product"}],"wp:featuredmedia":[{"embeddable":true,"href":"https:\/\/cycle.rizoma.com\/de\/wp-json\/wp\/v2\/media\/339395"}],"wp:attachment":[{"href":"https:\/\/cycle.rizoma.com\/de\/wp-json\/wp\/v2\/media?parent=316539"}],"wp:term":[{"taxonomy":"rizoma_assembly_time","embeddable":true,"href":"https:\/\/cycle.rizoma.com\/de\/wp-json\/wp\/v2\/rizoma_assembly_time?post=316539"},{"taxonomy":"rizoma_bike","embeddable":true,"href":"https:\/\/cycle.rizoma.com\/de\/wp-json\/wp\/v2\/rizoma_bike?post=316539"},{"taxonomy":"rizoma_division","embeddable":true,"href":"https:\/\/cycle.rizoma.com\/de\/wp-json\/wp\/v2\/rizoma_division?post=316539"},{"taxonomy":"rizoma_family","embeddable":true,"href":"https:\/\/cycle.rizoma.com\/de\/wp-json\/wp\/v2\/rizoma_family?post=316539"},{"taxonomy":"rizoma_model_category","embeddable":true,"href":"https:\/\/cycle.rizoma.com\/de\/wp-json\/wp\/v2\/rizoma_model_category?post=316539"},{"taxonomy":"rizoma_product_template","embeddable":true,"href":"https:\/\/cycle.rizoma.com\/de\/wp-json\/wp\/v2\/rizoma_product_template?post=316539"},{"taxonomy":"product_brand","embeddable":true,"href":"https:\/\/cycle.rizoma.com\/de\/wp-json\/wp\/v2\/product_brand?post=316539"},{"taxonomy":"product_cat","embeddable":true,"href":"https:\/\/cycle.rizoma.com\/de\/wp-json\/wp\/v2\/product_cat?post=316539"},{"taxonomy":"product_tag","embeddable":true,"href":"https:\/\/cycle.rizoma.com\/de\/wp-json\/wp\/v2\/product_tag?post=316539"}],"curies":[{"name":"wp","href":"https:\/\/api.w.org\/{rel}","templated":true}]}}