{"id":316724,"date":"2024-11-21T17:10:28","date_gmt":"2024-11-21T16:10:28","guid":{"rendered":"https:\/\/rwp.rizoma.com\/negozio\/taschenhaken-zvp016\/"},"modified":"2026-02-12T08:12:53","modified_gmt":"2026-02-12T07:12:53","slug":"taschenhaken-zvp016","status":"publish","type":"product","link":"https:\/\/cycle.rizoma.com\/de\/negozio\/mehr-fur-ihre-vespa\/ZVP016\/taschenhaken-zvp016\/","title":{"rendered":"Taschenhaken"},"content":{"rendered":"<p>Der Rizoma Taschenhaken ist das perfekte Accessoire f\u00fcr jeden Vespa Fahrer. Mit dem innovativen Design und der einfachen Handhabung erm\u00f6glicht der Taschenhaken eine bequeme Befestigung von Taschen oder Rucks\u00e4cken am Roller. Der Haken verf\u00fcgt \u00fcber ein Feder-\u00d6ffnungs- und Schlie\u00dfsystem und ist aus hochwertigem Aluminium gefertigt. Dank seiner ergonomischen Profile lassen sich die Griffe von Taschen oder Rucks\u00e4cken m\u00fchelos einsetzen. Die kontrastierenden Lasergravuren sorgen f\u00fcr einen einzigartigen Look, der perfekt zum Stil der Vespa passt. Mit dem Rizoma Taschenhaken ist es jetzt leichter denn je, alles sicher und stilvoll auf der Vespa zu transportieren.<\/p>\n","protected":false},"excerpt":{"rendered":"<p>Der Rizoma Taschenhaken ist das perfekte Accessoire f\u00fcr jeden Vespa Fahrer. Mit dem innovativen Design und der einfachen Handhabung erm\u00f6glicht der Taschenhaken eine bequeme Befestigung von Taschen oder Rucks\u00e4cken am Roller. Der Haken verf\u00fcgt \u00fcber ein Feder-\u00d6ffnungs- und Schlie\u00dfsystem und ist aus hochwertigem Aluminium gefertigt. Dank seiner ergonomischen Profile lassen sich die Griffe von Taschen [&hellip;]<\/p>\n","protected":false},"featured_media":302022,"template":"","meta":{"_acf_changed":false},"rizoma_assembly_time":[42664],"rizoma_bike":[42558,42557,42561,42560,42567,42566],"rizoma_division":[42652],"rizoma_family":[],"rizoma_model_category":[],"rizoma_product_template":[],"product_brand":[],"product_cat":[42946],"product_tag":[],"class_list":{"0":"post-316724","1":"product","2":"type-product","3":"status-publish","4":"has-post-thumbnail","6":"rizoma_bike-gts-2015-2017","7":"rizoma_bike-gts-2018-2022","8":"rizoma_bike-gts-super-2015-2017","9":"rizoma_bike-gts-super-2018-2022","10":"rizoma_bike-sei-giorni-2016-2017","11":"rizoma_bike-sei-giorni-2018-2022","12":"product_cat-mehr-fur-ihre-vespa","14":"first","15":"instock","16":"taxable","17":"shipping-taxable","18":"purchasable","19":"product-type-variable"},"acf":[],"_links":{"self":[{"href":"https:\/\/cycle.rizoma.com\/de\/wp-json\/wp\/v2\/product\/316724","targetHints":{"allow":["GET"]}}],"collection":[{"href":"https:\/\/cycle.rizoma.com\/de\/wp-json\/wp\/v2\/product"}],"about":[{"href":"https:\/\/cycle.rizoma.com\/de\/wp-json\/wp\/v2\/types\/product"}],"wp:featuredmedia":[{"embeddable":true,"href":"https:\/\/cycle.rizoma.com\/de\/wp-json\/wp\/v2\/media\/302022"}],"wp:attachment":[{"href":"https:\/\/cycle.rizoma.com\/de\/wp-json\/wp\/v2\/media?parent=316724"}],"wp:term":[{"taxonomy":"rizoma_assembly_time","embeddable":true,"href":"https:\/\/cycle.rizoma.com\/de\/wp-json\/wp\/v2\/rizoma_assembly_time?post=316724"},{"taxonomy":"rizoma_bike","embeddable":true,"href":"https:\/\/cycle.rizoma.com\/de\/wp-json\/wp\/v2\/rizoma_bike?post=316724"},{"taxonomy":"rizoma_division","embeddable":true,"href":"https:\/\/cycle.rizoma.com\/de\/wp-json\/wp\/v2\/rizoma_division?post=316724"},{"taxonomy":"rizoma_family","embeddable":true,"href":"https:\/\/cycle.rizoma.com\/de\/wp-json\/wp\/v2\/rizoma_family?post=316724"},{"taxonomy":"rizoma_model_category","embeddable":true,"href":"https:\/\/cycle.rizoma.com\/de\/wp-json\/wp\/v2\/rizoma_model_category?post=316724"},{"taxonomy":"rizoma_product_template","embeddable":true,"href":"https:\/\/cycle.rizoma.com\/de\/wp-json\/wp\/v2\/rizoma_product_template?post=316724"},{"taxonomy":"product_brand","embeddable":true,"href":"https:\/\/cycle.rizoma.com\/de\/wp-json\/wp\/v2\/product_brand?post=316724"},{"taxonomy":"product_cat","embeddable":true,"href":"https:\/\/cycle.rizoma.com\/de\/wp-json\/wp\/v2\/product_cat?post=316724"},{"taxonomy":"product_tag","embeddable":true,"href":"https:\/\/cycle.rizoma.com\/de\/wp-json\/wp\/v2\/product_tag?post=316724"}],"curies":[{"name":"wp","href":"https:\/\/api.w.org\/{rel}","templated":true}]}}