{"id":316841,"date":"2024-11-21T17:13:12","date_gmt":"2024-11-21T16:13:12","guid":{"rendered":"https:\/\/rwp.rizoma.com\/negozio\/oldeckel-tp041\/"},"modified":"2026-01-11T11:27:22","modified_gmt":"2026-01-11T10:27:22","slug":"oldeckel-tp041","status":"publish","type":"product","link":"https:\/\/cycle.rizoma.com\/de\/negozio\/oldeckel\/TP041\/oldeckel-tp041\/","title":{"rendered":"\u00d6ldeckel"},"content":{"rendered":"<p>Technik und Stil in einer souver\u00e4nen Kombination f\u00fcr eine edle Motorradoptik bei gleichzeitig h\u00f6chster Funktionalit\u00e4t.<br \/>Der aus dem Rennsport abgeleitete Rizoma-\u00d6ldeckel ist mit einem lockerungsfreien Sicherheitsverschluss und einem Schnellentriegelungssystem ausgestattet. Er ist zur G\u00e4nze aus Aluminium gearbeitet und bietet durch die eloxierte Oberfl\u00e4che eine hervorragende Qualit\u00e4t und Langlebigkeit.<\/p>\n","protected":false},"excerpt":{"rendered":"<p>Technik und Stil in einer souver\u00e4nen Kombination f\u00fcr eine edle Motorradoptik bei gleichzeitig h\u00f6chster Funktionalit\u00e4t.Der aus dem Rennsport abgeleitete Rizoma-\u00d6ldeckel ist mit einem lockerungsfreien Sicherheitsverschluss und einem Schnellentriegelungssystem ausgestattet. Er ist zur G\u00e4nze aus Aluminium gearbeitet und bietet durch die eloxierte Oberfl\u00e4che eine hervorragende Qualit\u00e4t und Langlebigkeit.<\/p>\n","protected":false},"featured_media":296107,"template":"","meta":{"_acf_changed":false},"rizoma_assembly_time":[42664],"rizoma_bike":[42138,42239,42371,41837,42021,41939,42094,42199,43690,42399,42479,42351,42474,42377,42240,42469,42084,42244],"rizoma_division":[42652],"rizoma_family":[],"rizoma_model_category":[],"rizoma_product_template":[],"product_brand":[],"product_cat":[42899],"product_tag":[],"class_list":{"0":"post-316841","1":"product","2":"type-product","3":"status-publish","4":"has-post-thumbnail","6":"rizoma_bike-1290-super-duke-r-2019","7":"rizoma_bike-1290-super-duke-r-2020","8":"rizoma_bike-1290-super-duke-r-2021","9":"rizoma_bike-1290-super-duke-r-abs-2014-16","10":"rizoma_bike-1290-super-duke-r-abs-2017-18","11":"rizoma_bike-1290-super-duke-r-se-abs-2016","12":"rizoma_bike-790-duke-2018-20","13":"rizoma_bike-790-duke-2019","14":"rizoma_bike-790-duke-2025-26","15":"rizoma_bike-790-duke-l-2019-20","16":"rizoma_bike-790-duke-l-2023-24","17":"rizoma_bike-890-duke-2021-23","18":"rizoma_bike-890-duke-gp-2022-23","19":"rizoma_bike-890-duke-l-2021","20":"rizoma_bike-890-duke-r-2020","21":"rizoma_bike-890-duke-r-2022-23","22":"rizoma_bike-vitpilen-701-2018-19","23":"rizoma_bike-vitpilen-701-2020","24":"product_cat-oldeckel","26":"first","27":"instock","28":"sale","29":"taxable","30":"shipping-taxable","31":"purchasable","32":"product-type-variable"},"acf":[],"_links":{"self":[{"href":"https:\/\/cycle.rizoma.com\/de\/wp-json\/wp\/v2\/product\/316841","targetHints":{"allow":["GET"]}}],"collection":[{"href":"https:\/\/cycle.rizoma.com\/de\/wp-json\/wp\/v2\/product"}],"about":[{"href":"https:\/\/cycle.rizoma.com\/de\/wp-json\/wp\/v2\/types\/product"}],"wp:featuredmedia":[{"embeddable":true,"href":"https:\/\/cycle.rizoma.com\/de\/wp-json\/wp\/v2\/media\/296107"}],"wp:attachment":[{"href":"https:\/\/cycle.rizoma.com\/de\/wp-json\/wp\/v2\/media?parent=316841"}],"wp:term":[{"taxonomy":"rizoma_assembly_time","embeddable":true,"href":"https:\/\/cycle.rizoma.com\/de\/wp-json\/wp\/v2\/rizoma_assembly_time?post=316841"},{"taxonomy":"rizoma_bike","embeddable":true,"href":"https:\/\/cycle.rizoma.com\/de\/wp-json\/wp\/v2\/rizoma_bike?post=316841"},{"taxonomy":"rizoma_division","embeddable":true,"href":"https:\/\/cycle.rizoma.com\/de\/wp-json\/wp\/v2\/rizoma_division?post=316841"},{"taxonomy":"rizoma_family","embeddable":true,"href":"https:\/\/cycle.rizoma.com\/de\/wp-json\/wp\/v2\/rizoma_family?post=316841"},{"taxonomy":"rizoma_model_category","embeddable":true,"href":"https:\/\/cycle.rizoma.com\/de\/wp-json\/wp\/v2\/rizoma_model_category?post=316841"},{"taxonomy":"rizoma_product_template","embeddable":true,"href":"https:\/\/cycle.rizoma.com\/de\/wp-json\/wp\/v2\/rizoma_product_template?post=316841"},{"taxonomy":"product_brand","embeddable":true,"href":"https:\/\/cycle.rizoma.com\/de\/wp-json\/wp\/v2\/product_brand?post=316841"},{"taxonomy":"product_cat","embeddable":true,"href":"https:\/\/cycle.rizoma.com\/de\/wp-json\/wp\/v2\/product_cat?post=316841"},{"taxonomy":"product_tag","embeddable":true,"href":"https:\/\/cycle.rizoma.com\/de\/wp-json\/wp\/v2\/product_tag?post=316841"}],"curies":[{"name":"wp","href":"https:\/\/api.w.org\/{rel}","templated":true}]}}