{"id":316906,"date":"2024-11-21T17:14:42","date_gmt":"2024-11-21T16:14:42","guid":{"rendered":"https:\/\/rwp.rizoma.com\/negozio\/verkabelung-fur-die-rizoma-blinker-ee191\/"},"modified":"2025-08-22T15:39:21","modified_gmt":"2025-08-22T13:39:21","slug":"verkabelung-mit-widerstands-kit-fur-rizoma-blinker-ee191","status":"publish","type":"product","link":"https:\/\/cycle.rizoma.com\/de\/negozio\/blinker\/EE191\/verkabelung-mit-widerstands-kit-fur-rizoma-blinker-ee191\/motorbike\/3981\/kawasaki\/ninja-900-zx-9r\/","title":{"rendered":"Verkabelung mit Widerstands-Kit f\u00fcr Rizoma Blinker"},"content":{"rendered":"<p>Die Rizoma-Verkabelung wird f\u00fcr die Montage von Rizoma-Blinkern sowie f\u00fcr Rizoma-Spiegel mit integrierten Blinkern ben\u00f6tigt.<br \/>Es wird empfohlen, vor der Bestellung die technischen Zeichnungen zu kontrollieren. Jedes Kit enth\u00e4lt 2 Verkabelungen und 4 T-Tap-Anschl\u00fcsse. F\u00fcr die Montage von 4 Blinkern werden 2 Kits ben\u00f6tigt.<\/p>\n","protected":false},"excerpt":{"rendered":"<p>Die Rizoma-Verkabelung wird f\u00fcr die Montage von Rizoma-Blinkern sowie f\u00fcr Rizoma-Spiegel mit integrierten Blinkern ben\u00f6tigt.Es wird empfohlen, vor der Bestellung die technischen Zeichnungen zu kontrollieren. Jedes Kit enth\u00e4lt 2 Verkabelungen und 4 T-Tap-Anschl\u00fcsse. F\u00fcr die Montage von 4 Blinkern werden 2 Kits ben\u00f6tigt.<\/p>\n","protected":false},"featured_media":306261,"template":"","meta":{"_acf_changed":false},"rizoma_assembly_time":[42664],"rizoma_bike":[42300,43871,42506,42590,42507,42508,42509,42414,42415,42416,42323,42484,43872,43873,42510,42417,42418,42419,43874,44012,43875],"rizoma_division":[42652],"rizoma_family":[42859],"rizoma_model_category":[],"rizoma_product_template":[],"product_brand":[],"product_cat":[42715],"product_tag":[],"class_list":{"0":"post-316906","1":"product","2":"type-product","3":"status-publish","4":"has-post-thumbnail","6":"rizoma_bike-forza-750-2021-22","7":"rizoma_bike-forza-750-2025-26","8":"rizoma_bike-forza-750-dct-2021-24","9":"rizoma_bike-forza-750-dct-special-edition-2024","10":"rizoma_bike-forza-750-dct-style-2021-24","11":"rizoma_bike-forza-750-dct-travel-2021-24","12":"rizoma_bike-forza-750-dct-urban-2021-24","13":"rizoma_bike-forza-750-style-2021-22","14":"rizoma_bike-forza-750-travel-2021-22","15":"rizoma_bike-forza-750-urban-2021-22","16":"rizoma_bike-x-adv-750-2021","17":"rizoma_bike-x-adv-750-2022","18":"rizoma_bike-x-adv-750-2025-26","19":"rizoma_bike-x-adv-750-adventure-2025-26","20":"rizoma_bike-x-adv-750-dct-2021-24","21":"rizoma_bike-x-adv-750-dct-adventure-2021-24","22":"rizoma_bike-x-adv-750-dct-gravel-2021-24","23":"rizoma_bike-x-adv-750-dct-travel-2021-24","24":"rizoma_bike-x-adv-750-gravel-2025-26","25":"rizoma_bike-x-adv-750-special-edition-2026","26":"rizoma_bike-x-adv-750-travel-2025-26","27":"product_cat-blinker","29":"first","30":"instock","31":"taxable","32":"shipping-taxable","33":"purchasable","34":"product-type-variable"},"acf":[],"_links":{"self":[{"href":"https:\/\/cycle.rizoma.com\/de\/wp-json\/wp\/v2\/product\/316906","targetHints":{"allow":["GET"]}}],"collection":[{"href":"https:\/\/cycle.rizoma.com\/de\/wp-json\/wp\/v2\/product"}],"about":[{"href":"https:\/\/cycle.rizoma.com\/de\/wp-json\/wp\/v2\/types\/product"}],"wp:featuredmedia":[{"embeddable":true,"href":"https:\/\/cycle.rizoma.com\/de\/wp-json\/wp\/v2\/media\/306261"}],"wp:attachment":[{"href":"https:\/\/cycle.rizoma.com\/de\/wp-json\/wp\/v2\/media?parent=316906"}],"wp:term":[{"taxonomy":"rizoma_assembly_time","embeddable":true,"href":"https:\/\/cycle.rizoma.com\/de\/wp-json\/wp\/v2\/rizoma_assembly_time?post=316906"},{"taxonomy":"rizoma_bike","embeddable":true,"href":"https:\/\/cycle.rizoma.com\/de\/wp-json\/wp\/v2\/rizoma_bike?post=316906"},{"taxonomy":"rizoma_division","embeddable":true,"href":"https:\/\/cycle.rizoma.com\/de\/wp-json\/wp\/v2\/rizoma_division?post=316906"},{"taxonomy":"rizoma_family","embeddable":true,"href":"https:\/\/cycle.rizoma.com\/de\/wp-json\/wp\/v2\/rizoma_family?post=316906"},{"taxonomy":"rizoma_model_category","embeddable":true,"href":"https:\/\/cycle.rizoma.com\/de\/wp-json\/wp\/v2\/rizoma_model_category?post=316906"},{"taxonomy":"rizoma_product_template","embeddable":true,"href":"https:\/\/cycle.rizoma.com\/de\/wp-json\/wp\/v2\/rizoma_product_template?post=316906"},{"taxonomy":"product_brand","embeddable":true,"href":"https:\/\/cycle.rizoma.com\/de\/wp-json\/wp\/v2\/product_brand?post=316906"},{"taxonomy":"product_cat","embeddable":true,"href":"https:\/\/cycle.rizoma.com\/de\/wp-json\/wp\/v2\/product_cat?post=316906"},{"taxonomy":"product_tag","embeddable":true,"href":"https:\/\/cycle.rizoma.com\/de\/wp-json\/wp\/v2\/product_tag?post=316906"}],"curies":[{"name":"wp","href":"https:\/\/api.w.org\/{rel}","templated":true}]}}