{"id":316936,"date":"2024-11-21T17:15:24","date_gmt":"2024-11-21T16:15:24","guid":{"rendered":"https:\/\/rwp.rizoma.com\/negozio\/kettenschutz-zdm157\/"},"modified":"2026-03-19T20:42:08","modified_gmt":"2026-03-19T19:42:08","slug":"kettenschutz-zdm157","status":"publish","type":"product","link":"https:\/\/cycle.rizoma.com\/de\/negozio\/mehr-fur-ihre-ducati\/ZDM157\/kettenschutz-zdm157\/","title":{"rendered":"Kettenschutz"},"content":{"rendered":"<p>Der aus dem Vollen gearbeitete Kettenschutz f\u00fcr die Ducati Monster 937 mit formvollendetem, eloxiertem Finish ist ein f\u00fcr die perfekte Optik unverzichtbares Teil aus der Rizoma-Zubeh\u00f6rpalette.<\/p>\n","protected":false},"excerpt":{"rendered":"<p>Der aus dem Vollen gearbeitete Kettenschutz f\u00fcr die Ducati Monster 937 mit formvollendetem, eloxiertem Finish ist ein f\u00fcr die perfekte Optik unverzichtbares Teil aus der Rizoma-Zubeh\u00f6rpalette.<\/p>\n","protected":false},"featured_media":342973,"template":"","meta":{"_acf_changed":false},"rizoma_assembly_time":[42675],"rizoma_bike":[42341,42342,42587,42635,42518],"rizoma_division":[42652],"rizoma_family":[],"rizoma_model_category":[],"rizoma_product_template":[],"product_brand":[],"product_cat":[42813],"product_tag":[],"class_list":{"0":"post-316936","1":"product","2":"type-product","3":"status-publish","4":"has-post-thumbnail","6":"rizoma_bike-monster-937-2021-25","7":"rizoma_bike-monster-937-2021-25-1","8":"rizoma_bike-monster-937-30-anniversario-2023-24","9":"rizoma_bike-monster-937-senna-2024","10":"rizoma_bike-monster-937-sp-2023-25","11":"product_cat-mehr-fur-ihre-ducati","13":"first","14":"instock","15":"sale","16":"taxable","17":"shipping-taxable","18":"purchasable","19":"product-type-variable"},"acf":[],"_links":{"self":[{"href":"https:\/\/cycle.rizoma.com\/de\/wp-json\/wp\/v2\/product\/316936","targetHints":{"allow":["GET"]}}],"collection":[{"href":"https:\/\/cycle.rizoma.com\/de\/wp-json\/wp\/v2\/product"}],"about":[{"href":"https:\/\/cycle.rizoma.com\/de\/wp-json\/wp\/v2\/types\/product"}],"wp:featuredmedia":[{"embeddable":true,"href":"https:\/\/cycle.rizoma.com\/de\/wp-json\/wp\/v2\/media\/342973"}],"wp:attachment":[{"href":"https:\/\/cycle.rizoma.com\/de\/wp-json\/wp\/v2\/media?parent=316936"}],"wp:term":[{"taxonomy":"rizoma_assembly_time","embeddable":true,"href":"https:\/\/cycle.rizoma.com\/de\/wp-json\/wp\/v2\/rizoma_assembly_time?post=316936"},{"taxonomy":"rizoma_bike","embeddable":true,"href":"https:\/\/cycle.rizoma.com\/de\/wp-json\/wp\/v2\/rizoma_bike?post=316936"},{"taxonomy":"rizoma_division","embeddable":true,"href":"https:\/\/cycle.rizoma.com\/de\/wp-json\/wp\/v2\/rizoma_division?post=316936"},{"taxonomy":"rizoma_family","embeddable":true,"href":"https:\/\/cycle.rizoma.com\/de\/wp-json\/wp\/v2\/rizoma_family?post=316936"},{"taxonomy":"rizoma_model_category","embeddable":true,"href":"https:\/\/cycle.rizoma.com\/de\/wp-json\/wp\/v2\/rizoma_model_category?post=316936"},{"taxonomy":"rizoma_product_template","embeddable":true,"href":"https:\/\/cycle.rizoma.com\/de\/wp-json\/wp\/v2\/rizoma_product_template?post=316936"},{"taxonomy":"product_brand","embeddable":true,"href":"https:\/\/cycle.rizoma.com\/de\/wp-json\/wp\/v2\/product_brand?post=316936"},{"taxonomy":"product_cat","embeddable":true,"href":"https:\/\/cycle.rizoma.com\/de\/wp-json\/wp\/v2\/product_cat?post=316936"},{"taxonomy":"product_tag","embeddable":true,"href":"https:\/\/cycle.rizoma.com\/de\/wp-json\/wp\/v2\/product_tag?post=316936"}],"curies":[{"name":"wp","href":"https:\/\/api.w.org\/{rel}","templated":true}]}}