{"id":316941,"date":"2024-11-21T17:15:30","date_gmt":"2024-11-21T16:15:30","guid":{"rendered":"https:\/\/rwp.rizoma.com\/negozio\/hinterer-innenkotflugel-zdm154\/"},"modified":"2026-04-03T18:41:01","modified_gmt":"2026-04-03T16:41:01","slug":"hinterer-innenkotflugel-zdm154","status":"publish","type":"product","link":"https:\/\/cycle.rizoma.com\/de\/negozio\/kotflugel\/ZDM154\/hinterer-innenkotflugel-zdm154\/","title":{"rendered":"Hinterer Innenkotfl\u00fcgel"},"content":{"rendered":"<p>Der hintere Rizoma Kotfl\u00fcgel ist ein aus kohlefaser hergestelltes hochwertiges optisches Element, das mittels Autoklaven Herstellungsprozess bearbeitet wird um die Oberfl\u00e4chenqualit\u00e4t und das Finish zu maximieren. Dieses Element wird dann im Ofen beschichtet, um eine dauerhafte und hervorragende Qualit\u00e4t gew\u00e4hrleisten zu k\u00f6nnen.<br \/>In Kombination mit den anderen Protagonisten der Rizoma-Kollektion, wie die Schwingenabdeckungen, unterstreicht er den dynamischen und sportlichen Charakter Ihrer Monster 937.<\/p>\n","protected":false},"excerpt":{"rendered":"<p>Der hintere Rizoma Kotfl\u00fcgel ist ein aus kohlefaser hergestelltes hochwertiges optisches Element, das mittels Autoklaven Herstellungsprozess bearbeitet wird um die Oberfl\u00e4chenqualit\u00e4t und das Finish zu maximieren. Dieses Element wird dann im Ofen beschichtet, um eine dauerhafte und hervorragende Qualit\u00e4t gew\u00e4hrleisten zu k\u00f6nnen.In Kombination mit den anderen Protagonisten der Rizoma-Kollektion, wie die Schwingenabdeckungen, unterstreicht er den [&hellip;]<\/p>\n","protected":false},"featured_media":307826,"template":"","meta":{"_acf_changed":false},"rizoma_assembly_time":[42675],"rizoma_bike":[42341,42342],"rizoma_division":[42652],"rizoma_family":[],"rizoma_model_category":[],"rizoma_product_template":[],"product_brand":[],"product_cat":[42874],"product_tag":[],"class_list":{"0":"post-316941","1":"product","2":"type-product","3":"status-publish","4":"has-post-thumbnail","6":"rizoma_bike-monster-937-2021-25","7":"rizoma_bike-monster-937-2021-25-1","8":"product_cat-kotflugel","10":"first","11":"instock","12":"sale","13":"taxable","14":"shipping-taxable","15":"purchasable","16":"product-type-variable"},"acf":[],"_links":{"self":[{"href":"https:\/\/cycle.rizoma.com\/de\/wp-json\/wp\/v2\/product\/316941","targetHints":{"allow":["GET"]}}],"collection":[{"href":"https:\/\/cycle.rizoma.com\/de\/wp-json\/wp\/v2\/product"}],"about":[{"href":"https:\/\/cycle.rizoma.com\/de\/wp-json\/wp\/v2\/types\/product"}],"wp:featuredmedia":[{"embeddable":true,"href":"https:\/\/cycle.rizoma.com\/de\/wp-json\/wp\/v2\/media\/307826"}],"wp:attachment":[{"href":"https:\/\/cycle.rizoma.com\/de\/wp-json\/wp\/v2\/media?parent=316941"}],"wp:term":[{"taxonomy":"rizoma_assembly_time","embeddable":true,"href":"https:\/\/cycle.rizoma.com\/de\/wp-json\/wp\/v2\/rizoma_assembly_time?post=316941"},{"taxonomy":"rizoma_bike","embeddable":true,"href":"https:\/\/cycle.rizoma.com\/de\/wp-json\/wp\/v2\/rizoma_bike?post=316941"},{"taxonomy":"rizoma_division","embeddable":true,"href":"https:\/\/cycle.rizoma.com\/de\/wp-json\/wp\/v2\/rizoma_division?post=316941"},{"taxonomy":"rizoma_family","embeddable":true,"href":"https:\/\/cycle.rizoma.com\/de\/wp-json\/wp\/v2\/rizoma_family?post=316941"},{"taxonomy":"rizoma_model_category","embeddable":true,"href":"https:\/\/cycle.rizoma.com\/de\/wp-json\/wp\/v2\/rizoma_model_category?post=316941"},{"taxonomy":"rizoma_product_template","embeddable":true,"href":"https:\/\/cycle.rizoma.com\/de\/wp-json\/wp\/v2\/rizoma_product_template?post=316941"},{"taxonomy":"product_brand","embeddable":true,"href":"https:\/\/cycle.rizoma.com\/de\/wp-json\/wp\/v2\/product_brand?post=316941"},{"taxonomy":"product_cat","embeddable":true,"href":"https:\/\/cycle.rizoma.com\/de\/wp-json\/wp\/v2\/product_cat?post=316941"},{"taxonomy":"product_tag","embeddable":true,"href":"https:\/\/cycle.rizoma.com\/de\/wp-json\/wp\/v2\/product_tag?post=316941"}],"curies":[{"name":"wp","href":"https:\/\/api.w.org\/{rel}","templated":true}]}}