{"id":316946,"date":"2024-11-21T17:15:37","date_gmt":"2024-11-21T16:15:37","guid":{"rendered":"https:\/\/rwp.rizoma.com\/negozio\/seitliche-flugel-zdm152\/"},"modified":"2025-05-21T19:32:12","modified_gmt":"2025-05-21T17:32:12","slug":"seitliche-flugel-zdm152","status":"publish","type":"product","link":"https:\/\/cycle.rizoma.com\/de\/negozio\/mehr-fur-ihre-ducati\/ZDM152\/seitliche-flugel-zdm152\/","title":{"rendered":"Seitliche Fl\u00fcgel"},"content":{"rendered":"<p>Die seitlichen Fl\u00fcgel sind aus der Idee von Rizoma, der Monster 937 ein neues Aussehen zu verleihen entstanden. Das Ergebnis ist eine der besten Demonstration seiner Erfahrung im Restyling.<br \/>Das Design, inspiriert von der Welt des Rennsports und der Forschung im Bereich der Str\u00f6mungsdynamik, \u00fcberdenkt die Front- und Seiten\u00e4sthetik dieses zweir\u00e4drigen Monsters komplett und unterstreicht seine sportliche und tapfere Seele.<br \/>Die Winglets bestehen aus einer Kombination zweier leichter und widerstandsf\u00e4higer Materialien. Der Aufsatzk\u00f6rper besteht aus eloxiertem Billet-Aluminium, der aerodynamische Fl\u00fcgel aus Kohlefaser, der im Autoklav bearbeitet wird, um die Oberfl\u00e4chenqualit\u00e4t und das Finish zu maximieren, und anschlie\u00dfend im Ofen beschichtet wird, um eine dauerhafte und hervorragende Qualit\u00e4t zu gew\u00e4hrleisten.<br \/>In Kombination mit den anderen Rizoma Collection Zubeh\u00f6r macht es hervorragend Ihre Monster 937.<\/p>\n","protected":false},"excerpt":{"rendered":"<p>Die seitlichen Fl\u00fcgel sind aus der Idee von Rizoma, der Monster 937 ein neues Aussehen zu verleihen entstanden. Das Ergebnis ist eine der besten Demonstration seiner Erfahrung im Restyling.Das Design, inspiriert von der Welt des Rennsports und der Forschung im Bereich der Str\u00f6mungsdynamik, \u00fcberdenkt die Front- und Seiten\u00e4sthetik dieses zweir\u00e4drigen Monsters komplett und unterstreicht seine [&hellip;]<\/p>\n","protected":false},"featured_media":313739,"template":"","meta":{"_acf_changed":false},"rizoma_assembly_time":[42675],"rizoma_bike":[42341,42342,42587,42635,42518],"rizoma_division":[42652],"rizoma_family":[],"rizoma_model_category":[],"rizoma_product_template":[],"product_brand":[],"product_cat":[42813],"product_tag":[],"class_list":{"0":"post-316946","1":"product","2":"type-product","3":"status-publish","4":"has-post-thumbnail","6":"rizoma_bike-monster-937-2021-25","7":"rizoma_bike-monster-937-2021-25-1","8":"rizoma_bike-monster-937-30-anniversario-2023-24","9":"rizoma_bike-monster-937-senna-2024","10":"rizoma_bike-monster-937-sp-2023-25","11":"product_cat-mehr-fur-ihre-ducati","13":"first","14":"instock","15":"sale","16":"taxable","17":"shipping-taxable","18":"purchasable","19":"product-type-variable"},"acf":[],"_links":{"self":[{"href":"https:\/\/cycle.rizoma.com\/de\/wp-json\/wp\/v2\/product\/316946","targetHints":{"allow":["GET"]}}],"collection":[{"href":"https:\/\/cycle.rizoma.com\/de\/wp-json\/wp\/v2\/product"}],"about":[{"href":"https:\/\/cycle.rizoma.com\/de\/wp-json\/wp\/v2\/types\/product"}],"wp:featuredmedia":[{"embeddable":true,"href":"https:\/\/cycle.rizoma.com\/de\/wp-json\/wp\/v2\/media\/313739"}],"wp:attachment":[{"href":"https:\/\/cycle.rizoma.com\/de\/wp-json\/wp\/v2\/media?parent=316946"}],"wp:term":[{"taxonomy":"rizoma_assembly_time","embeddable":true,"href":"https:\/\/cycle.rizoma.com\/de\/wp-json\/wp\/v2\/rizoma_assembly_time?post=316946"},{"taxonomy":"rizoma_bike","embeddable":true,"href":"https:\/\/cycle.rizoma.com\/de\/wp-json\/wp\/v2\/rizoma_bike?post=316946"},{"taxonomy":"rizoma_division","embeddable":true,"href":"https:\/\/cycle.rizoma.com\/de\/wp-json\/wp\/v2\/rizoma_division?post=316946"},{"taxonomy":"rizoma_family","embeddable":true,"href":"https:\/\/cycle.rizoma.com\/de\/wp-json\/wp\/v2\/rizoma_family?post=316946"},{"taxonomy":"rizoma_model_category","embeddable":true,"href":"https:\/\/cycle.rizoma.com\/de\/wp-json\/wp\/v2\/rizoma_model_category?post=316946"},{"taxonomy":"rizoma_product_template","embeddable":true,"href":"https:\/\/cycle.rizoma.com\/de\/wp-json\/wp\/v2\/rizoma_product_template?post=316946"},{"taxonomy":"product_brand","embeddable":true,"href":"https:\/\/cycle.rizoma.com\/de\/wp-json\/wp\/v2\/product_brand?post=316946"},{"taxonomy":"product_cat","embeddable":true,"href":"https:\/\/cycle.rizoma.com\/de\/wp-json\/wp\/v2\/product_cat?post=316946"},{"taxonomy":"product_tag","embeddable":true,"href":"https:\/\/cycle.rizoma.com\/de\/wp-json\/wp\/v2\/product_tag?post=316946"}],"curies":[{"name":"wp","href":"https:\/\/api.w.org\/{rel}","templated":true}]}}