{"id":316961,"date":"2024-11-21T17:15:53","date_gmt":"2024-11-21T16:15:53","guid":{"rendered":"https:\/\/rwp.rizoma.com\/negozio\/fusrasten-escape-pe641\/"},"modified":"2026-04-01T07:24:20","modified_gmt":"2026-04-01T05:24:20","slug":"fusrasten-escape-pe641","status":"publish","type":"product","link":"https:\/\/cycle.rizoma.com\/de\/negozio\/fusrasten\/PE641\/fusrasten-escape-pe641\/","title":{"rendered":"Fu\u00dfrasten Escape"},"content":{"rendered":"<p>Vielseitigkeit und Komfort. Dies sind die Konzepte hinter der Escape-Fu\u00dfraste, einer Kombination aus Funktionalit\u00e4t, Komfort und Design.<br \/>Entwickelt, um der Alltagstauglichkeit gerecht zu werden oder sich den anspruchsvollsten Offroad-Anforderungen zu stellen.<br \/>Escape aus Billet-Aluminium hat ein EPDM-Rastengummi, das Vibrationen d\u00e4mpft und den richtigen Halt f\u00fcr ein komfortables und entspannteres Fahren bietet.<br \/>Der Gummi ist einfach zu montieren und passt perfekt in die Wirbelz\u00e4hne.<br \/>Kein Detail wird dem Zufall \u00fcberlassen, die Oberfl\u00e4chenveredelung hat zwei verschiedene Bedeutungen, die das Konzept dieses Zubeh\u00f6rs darstellen: Altera Texture, ein exklusives Rizoma-Design, mit der Neigung und Platzierung seiner Module, die darauf abzielen, den Grip zu optimieren, und das All Terrain-Symbol das weckt den Willen, alle Wege zu erkunden, auch die unbekanntesten.<br \/>Durch das Entfernen der EPDM-Auflage verwandelt sich die Fu\u00dfraste in der Tat und passt sich der Offroad-Nutzung an. Die Au\u00dfenverzahnung aus glasiertem Stahl wurde entwickelt, um die M\u00f6glichkeit eines seitlichen Traktionsverlusts zu verringern, insbesondere wenn der Fahrer einen h\u00f6heren Druck auf die Au\u00dfenseite der Fu\u00dfraste aus\u00fcbt.<br \/>Dank der breiteren Fu\u00dfraste, die auf 57 mm erh\u00f6ht wurde, erhalten Sie einen hervorragenden Halt und eine bessere Kontrolle beim Fahren im Stehen. Die Fu\u00dfraste hat einen gro\u00dfen Hohlk\u00f6rper, in der Mitte um Schmutz keinen Halt zu bieten und eine Reinigung zu vereinfachen, au\u00dferdem bietet sie durch die kurzen Au\u00dfenma\u00dfe von 89 mm eine verbesserte Wendigkeit auch auf engsten Passagen.  Rizoma Escape Fu\u00dfrasten sind T\u00dcV-zertifiziert<\/p>\n","protected":false},"excerpt":{"rendered":"<p>Vielseitigkeit und Komfort. Dies sind die Konzepte hinter der Escape-Fu\u00dfraste, einer Kombination aus Funktionalit\u00e4t, Komfort und Design.Entwickelt, um der Alltagstauglichkeit gerecht zu werden oder sich den anspruchsvollsten Offroad-Anforderungen zu stellen.Escape aus Billet-Aluminium hat ein EPDM-Rastengummi, das Vibrationen d\u00e4mpft und den richtigen Halt f\u00fcr ein komfortables und entspannteres Fahren bietet.Der Gummi ist einfach zu montieren und [&hellip;]<\/p>\n","protected":false},"featured_media":304741,"template":"","meta":{"_acf_changed":false},"rizoma_assembly_time":[42664],"rizoma_bike":[41996,41978,43785,41987,41997,41925,42030,41926,41957,42097,42098,42187,42175,42188,42176,42031,41966,41927,42185,42032,42186,42050,42203,42511,42620,42205,42513,42623,42206,42514,42624,42438,42439,42627,42276,42440,42277,42278,42441,42628,42279,42204,42512,42270,42404,42271,42405,42621,42622,42272,42406,42273,42407,42274,42408,42275,42409,41569,42011,41845,43763,43762,42442,42637,42592,41760,41787,41783,41759,41817,41439,42096,43998,41732,41733,43999,42608,42609,41735,41804,41805,41951,41952,42154,42392,42280,42393,42163,42394,41795,42057,41416,41417,41792,41888,41885,41889,42069,41796,43995,41797,41942,41418,41757,41798,41871,41890,42029,42085,42088,42086,42087,42213,44000,44001,44002,44003,44004,42402,43437,42403,43438,42308,42641,42310,42413,42642,42519,44013,42600,44019,42309,42643,42588,43759,43760,43761,43897,41809,41970,41838,41971,42111,42289,42128,42301,42290,42283,42305,42177,42575,42591,43987,43988,43989,43990,43991,43394,42604,42605,42606,41979,41953,42298,42299,42372,42003,41794,41894,41986,42089,42292,42281,42249,42090,42091,42250,42427,41944,41876,42054,42005,42325,42388,41943,41877,42055,42520,42646,41878,42056,42198,42326,42521,42217,42428,42647,42066,42522,42109,41879,42429,43816,42164,42379,42525,43685,42570,42571,43686,42282,42380,42526,42472,42589,41419,41764,42555,42584,42585,42586,41988,41989,42035,42036,42631,42133,42361,42632,42362,42190,42363,42460,42242,42364,42633,42042,41773,42020,42018,42112,42119,42068,42113,41869],"rizoma_division":[42652],"rizoma_family":[43015],"rizoma_model_category":[],"rizoma_product_template":[],"product_brand":[],"product_cat":[42751],"product_tag":[],"class_list":{"0":"post-316961","1":"product","2":"type-product","3":"status-publish","4":"has-post-thumbnail","6":"rizoma_bike-1090-adventure-r-2017-19","7":"rizoma_bike-1090-adventure-s-l-2017-19","8":"rizoma_bike-1200-forty-eight-2016-20","9":"rizoma_bike-1290-super-adventure-r-2017-20","10":"rizoma_bike-1290-super-adventure-s-2017-20","11":"rizoma_bike-africa-twin-crf-1000l-2016-17","12":"rizoma_bike-africa-twin-crf-1000l-2018-19","13":"rizoma_bike-africa-twin-crf-1000l-abs-2016-17","14":"rizoma_bike-africa-twin-crf-1000l-abs-travel-edition-2016-17","15":"rizoma_bike-africa-twin-crf-1000l-adventure-sports-2018-19","16":"rizoma_bike-africa-twin-crf-1000l-adventure-sports-dct-2018-19","17":"rizoma_bike-africa-twin-crf-1000l-adventure-sports-dct-desert-track-2019","18":"rizoma_bike-africa-twin-crf-1000l-adventure-sports-dct-travel-edition-2019","19":"rizoma_bike-africa-twin-crf-1000l-adventure-sports-desert-track-2019","20":"rizoma_bike-africa-twin-crf-1000l-adventure-sports-travel-edition-2019","21":"rizoma_bike-africa-twin-crf-1000l-dct-2018-19","22":"rizoma_bike-africa-twin-crf-1000l-dct-abs-2016-17","23":"rizoma_bike-africa-twin-crf-1000l-dct-abs-travel-edition-2016-17","24":"rizoma_bike-africa-twin-crf-1000l-dct-desert-track-2019-20","25":"rizoma_bike-africa-twin-crf-1000l-dct-travel-edition-2018-19","26":"rizoma_bike-africa-twin-crf-1000l-desert-track-2019-20","27":"rizoma_bike-africa-twin-crf-1000l-travel-edition-2018-19","28":"rizoma_bike-africa-twin-crf-1100l-2020-21","29":"rizoma_bike-africa-twin-crf-1100l-2022-23","30":"rizoma_bike-africa-twin-crf-1100l-2024-26","31":"rizoma_bike-africa-twin-crf-1100l-adventure-sports-2020-21","32":"rizoma_bike-africa-twin-crf-1100l-adventure-sports-2022-23","33":"rizoma_bike-africa-twin-crf-1100l-adventure-sports-2024-26","34":"rizoma_bike-africa-twin-crf-1100l-adventure-sports-dct-2020-21","35":"rizoma_bike-africa-twin-crf-1100l-adventure-sports-dct-2022-23","36":"rizoma_bike-africa-twin-crf-1100l-adventure-sports-dct-2024-26","37":"rizoma_bike-africa-twin-crf-1100l-adventure-sports-dct-desert-track-2022-23","38":"rizoma_bike-africa-twin-crf-1100l-adventure-sports-dct-travel-edition-2022-23","39":"rizoma_bike-africa-twin-crf-1100l-adventure-sports-dct-travel-edition-2024-26","40":"rizoma_bike-africa-twin-crf-1100l-adventure-sports-desert-track-2020-21","41":"rizoma_bike-africa-twin-crf-1100l-adventure-sports-desert-track-2022-23","42":"rizoma_bike-africa-twin-crf-1100l-adventure-sports-desert-track-dct-2020-21","43":"rizoma_bike-africa-twin-crf-1100l-adventure-sports-travel-edition-2020-21","44":"rizoma_bike-africa-twin-crf-1100l-adventure-sports-travel-edition-2022-23","45":"rizoma_bike-africa-twin-crf-1100l-adventure-sports-travel-edition-2024-26","46":"rizoma_bike-africa-twin-crf-1100l-adventure-sports-travel-edition-dct-2020-21","47":"rizoma_bike-africa-twin-crf-1100l-dct-2020-21","48":"rizoma_bike-africa-twin-crf-1100l-dct-2022-23","49":"rizoma_bike-africa-twin-crf-1100l-desert-track-2020-21","50":"rizoma_bike-africa-twin-crf-1100l-desert-track-2022-23","51":"rizoma_bike-africa-twin-crf-1100l-desert-track-dct-2020-21","52":"rizoma_bike-africa-twin-crf-1100l-desert-track-dct-2022-23","53":"rizoma_bike-africa-twin-crf-1100l-es-2024-26","54":"rizoma_bike-africa-twin-crf-1100l-es-dct-2024-26","55":"rizoma_bike-africa-twin-crf-1100l-travel-edition-2020-21","56":"rizoma_bike-africa-twin-crf-1100l-travel-edition-2022-23","57":"rizoma_bike-africa-twin-crf-1100l-travel-edition-dct-2020-21","58":"rizoma_bike-africa-twin-crf-1100l-travel-edition-dct-2022-23","59":"rizoma_bike-africa-twin-crf-1100l-urban-2020-21","60":"rizoma_bike-africa-twin-crf-1100l-urban-2022-23","61":"rizoma_bike-africa-twin-crf-1100l-urban-dct-2020-21","62":"rizoma_bike-africa-twin-crf-1100l-urban-dct-2022-23","63":"rizoma_bike-bonneville-t100-2008-16","64":"rizoma_bike-cb-650-f-2017-18","65":"rizoma_bike-cb-650-f-abs-2014-17","66":"rizoma_bike-cvo-pan-america-2024","67":"rizoma_bike-cvo-pan-america-2025","68":"rizoma_bike-desertx-2022-25","69":"rizoma_bike-desertx-discovery-2025","70":"rizoma_bike-desertx-rally-2024-25","71":"rizoma_bike-er-6f-2012-13","72":"rizoma_bike-er-6f-abs-2012-16","73":"rizoma_bike-er-6n-2012-13","74":"rizoma_bike-er-6n-abs-2012-16","75":"rizoma_bike-f-800-gs-adventure-2013-17","76":"rizoma_bike-f-800-r-2009-11","77":"rizoma_bike-f-850-gs-2018-20","78":"rizoma_bike-hypermotard-1100-2007-09","79":"rizoma_bike-hypermotard-1100-evo-2010-12","80":"rizoma_bike-hypermotard-1100-evo-sp-2010-12","81":"rizoma_bike-hypermotard-1100-s-2007-09","82":"rizoma_bike-hypermotard-698-mono-2024-26","83":"rizoma_bike-hypermotard-698-mono-rve-2024-26","84":"rizoma_bike-hypermotard-796-2012","85":"rizoma_bike-hypermotard-821-2013-15","86":"rizoma_bike-hypermotard-821-sp-2013-15","87":"rizoma_bike-hypermotard-939-2016-18","88":"rizoma_bike-hypermotard-939-sp-2016-18","89":"rizoma_bike-hypermotard-950-2019-20","90":"rizoma_bike-hypermotard-950-2022-25","91":"rizoma_bike-hypermotard-950-rve-2020","92":"rizoma_bike-hypermotard-950-rve-2022-25","93":"rizoma_bike-hypermotard-950-sp-2019-20","94":"rizoma_bike-hypermotard-950-sp-2022-25","95":"rizoma_bike-hyperstrada-821-2013-15","96":"rizoma_bike-hyperstrada-939-2016-18","97":"rizoma_bike-multistrada-1200-2010-12","98":"rizoma_bike-multistrada-1200-abs-2010-12","99":"rizoma_bike-multistrada-1200-abs-2013-14","100":"rizoma_bike-multistrada-1200-abs-2015-17","101":"rizoma_bike-multistrada-1200-s-2013-14","102":"rizoma_bike-multistrada-1200-s-2015-17","103":"rizoma_bike-multistrada-1200-s-d-air-2017-18","104":"rizoma_bike-multistrada-1200-s-granturismo-2013-14","105":"rizoma_bike-multistrada-1200-s-pikes-peak-2010-12","106":"rizoma_bike-multistrada-1200-s-pikes-peak-2013-14","107":"rizoma_bike-multistrada-1200-s-pikes-peak-2016-17","108":"rizoma_bike-multistrada-1200-s-sport-2010-12","109":"rizoma_bike-multistrada-1200-s-touring-2010-12","110":"rizoma_bike-multistrada-1200-s-touring-2013-14","111":"rizoma_bike-multistrada-1200-s-touring-d-air-2013-14","112":"rizoma_bike-multistrada-1200-s-touring-d-air-2014-16","113":"rizoma_bike-multistrada-1200-s-touring-d-air-2017","114":"rizoma_bike-multistrada-1260-2018-20","115":"rizoma_bike-multistrada-1260-pikes-peak-2018-20","116":"rizoma_bike-multistrada-1260-s-2018-20","117":"rizoma_bike-multistrada-1260-s-d-air-2018-20","118":"rizoma_bike-multistrada-1260-s-grand-tour-2020","119":"rizoma_bike-multistrada-950-2018","120":"rizoma_bike-multistrada-950-2019-20","121":"rizoma_bike-multistrada-950-2021","122":"rizoma_bike-multistrada-950-s-2019-20","123":"rizoma_bike-multistrada-950-s-2021","124":"rizoma_bike-multistrada-v2-2022-24","125":"rizoma_bike-multistrada-v2-2025-26","126":"rizoma_bike-multistrada-v2-s-2022-24","127":"rizoma_bike-multistrada-v2-s-2025-26","128":"rizoma_bike-multistrada-v4-2021-24","129":"rizoma_bike-multistrada-v4-2025-26","130":"rizoma_bike-multistrada-v4-1100-s-sport-2021","131":"rizoma_bike-multistrada-v4-pikes-peak-2021-24","132":"rizoma_bike-multistrada-v4-pikes-peak-2025-26","133":"rizoma_bike-multistrada-v4-rally-2023-25","134":"rizoma_bike-multistrada-v4-rally-2026","135":"rizoma_bike-multistrada-v4-rs-2024-25","136":"rizoma_bike-multistrada-v4-rs-2026","137":"rizoma_bike-multistrada-v4-s-2021-24","138":"rizoma_bike-multistrada-v4-s-2025-26","139":"rizoma_bike-multistrada-v4-s-grand-tour-2024","140":"rizoma_bike-pan-america-1250-2020-25","141":"rizoma_bike-pan-america-1250-special-2020-25","142":"rizoma_bike-pan-america-1250-st-2025","143":"rizoma_bike-r-12-g-s-2026","144":"rizoma_bike-r-1200-gs-2013-16","145":"rizoma_bike-r-1200-gs-2017-18","146":"rizoma_bike-r-1200-gs-adventure-2013-16","147":"rizoma_bike-r-1200-gs-adventure-2017-18","148":"rizoma_bike-r-1200-gs-rallye-2017-18","149":"rizoma_bike-r-1250-gs-edition-40-years-gs-2021","150":"rizoma_bike-r-1250-gs-2019-20","151":"rizoma_bike-r-1250-gs-2021-24","152":"rizoma_bike-r-1250-gs-adventure-edition-40-years-gs-2020-21","153":"rizoma_bike-r-1250-gs-adventure-2019-20","154":"rizoma_bike-r-1250-gs-adventure-2021-24","155":"rizoma_bike-r-1250-gs-hp-2019","156":"rizoma_bike-r-1250-gs-ultimate-edition-2023","157":"rizoma_bike-r-1300-gs-2023-26","158":"rizoma_bike-r-1300-gs-adventure-2025-26","159":"rizoma_bike-r-1300-gs-adventure-asa-2025-26","160":"rizoma_bike-r-1300-gs-adventure-option-719-karakorum-2025-26","161":"rizoma_bike-r-1300-gs-adventure-triple-black-2025-26","162":"rizoma_bike-r-1300-gs-adventure-trophy-2025-26","163":"rizoma_bike-r-1300-gs-asa-2024-26","164":"rizoma_bike-r-1300-gs-option-719-tramuntana-2023-26","165":"rizoma_bike-r-1300-gs-triple-black-2023-26","166":"rizoma_bike-r-1300-gs-trophy-2023-26","167":"rizoma_bike-r-ninet-1200-pure-2017-20","168":"rizoma_bike-r-ninet-1200-scrambler-2016-20","169":"rizoma_bike-r-ninet-scrambler-2021-24","170":"rizoma_bike-r-ninet-urban-gs-2021-24","171":"rizoma_bike-r-ninet-urban-gs-1200-edition-40-years-gs-2021","172":"rizoma_bike-r-ninet-urban-gs-1200-2017-20","173":"rizoma_bike-rivale-800-eas-2013-15","174":"rizoma_bike-s-1000-xr-2015-16","175":"rizoma_bike-s-1000-xr-2017-19","176":"rizoma_bike-scrambler-1100-2018-20","177":"rizoma_bike-scrambler-1100-dark-pro-2020-24","178":"rizoma_bike-scrambler-1100-ducati-club-italia-2020","179":"rizoma_bike-scrambler-1100-pro-2020-22","180":"rizoma_bike-scrambler-1100-special-2018-20","181":"rizoma_bike-scrambler-1100-sport-2018-20","182":"rizoma_bike-scrambler-1100-sport-pro-2020-25","183":"rizoma_bike-scrambler-1100-tribute-pro-2022-24","184":"rizoma_bike-scrambler-400-sixty-2-2016-21","185":"rizoma_bike-scrambler-800-classic-2015-16","186":"rizoma_bike-scrambler-800-classic-2017-18","187":"rizoma_bike-scrambler-800-desert-sled-2017-20","188":"rizoma_bike-scrambler-800-desert-sled-2021-22","189":"rizoma_bike-scrambler-800-desert-sled-fasthouse-2021-22","190":"rizoma_bike-scrambler-800-flat-track-pro-2016-17","191":"rizoma_bike-scrambler-800-full-throttle-2015-16","192":"rizoma_bike-scrambler-800-full-throttle-2017-21","193":"rizoma_bike-scrambler-800-full-throttle-2023-24","194":"rizoma_bike-scrambler-800-full-throttle-2025-26","195":"rizoma_bike-scrambler-800-icon-2015-16","196":"rizoma_bike-scrambler-800-icon-2017-20","197":"rizoma_bike-scrambler-800-icon-2019-20","198":"rizoma_bike-scrambler-800-icon-2021-22","199":"rizoma_bike-scrambler-800-icon-2023-24","200":"rizoma_bike-scrambler-800-icon-dark-2020","201":"rizoma_bike-scrambler-800-icon-dark-2021-22","202":"rizoma_bike-scrambler-800-icon-dark-2025-26","203":"rizoma_bike-scrambler-800-mach-2-0-2017-19","204":"rizoma_bike-scrambler-800-nightshift-2023-24","205":"rizoma_bike-scrambler-800-street-classic-2017-18","206":"rizoma_bike-scrambler-800-urban-enduro-2015-16","207":"rizoma_bike-scrambler-800-urban-motard-2022","208":"rizoma_bike-softail-slim-2011-17-fls","209":"rizoma_bike-tenere-700-2019-20","210":"rizoma_bike-tenere-700-2021","211":"rizoma_bike-tenere-700-2022-24","212":"rizoma_bike-tenere-700-2025-26","213":"rizoma_bike-tenere-700-explore-edition-2023-25","214":"rizoma_bike-tenere-700-extreme-edition-2023-25","215":"rizoma_bike-tenere-700-rally-2025-26","216":"rizoma_bike-tenere-700-rally-edition-2020","217":"rizoma_bike-tenere-700-rally-edition-2021","218":"rizoma_bike-tenere-700-rally-edition-2022-24","219":"rizoma_bike-tenere-700-world-raid-2022-25","220":"rizoma_bike-tenere-700-world-rally-2023-25","221":"rizoma_bike-tiger-800-abs-2010-14","222":"rizoma_bike-tiger-explorer-1215-abs-2011-14","223":"rizoma_bike-transalp-xl750-2023-24","224":"rizoma_bike-transalp-xl750-easy-travel-2023-24","225":"rizoma_bike-transalp-xl750-travel-edition-2023-24","226":"rizoma_bike-transalp-xl750-urban-2023-24","227":"rizoma_bike-v-strom-1000-2017-20","228":"rizoma_bike-v-strom-1000xt-2017-20","229":"rizoma_bike-v-strom-650-abs-2017-20","230":"rizoma_bike-v-strom-650xt-abs-2017-20","231":"rizoma_bike-v85-strada-2024-26","232":"rizoma_bike-v85-tt-2019-20","233":"rizoma_bike-v85-tt-2021-23","234":"rizoma_bike-v85-tt-2024-26","235":"rizoma_bike-v85-tt-centenario-2021-22","236":"rizoma_bike-v85-tt-evocative-graphics-2019-20","237":"rizoma_bike-v85-tt-evocative-graphics-2021-23","238":"rizoma_bike-v85-tt-guardia-donore-2022-23","239":"rizoma_bike-v85-tt-travel-2020","240":"rizoma_bike-v85-tt-travel-2021-23","241":"rizoma_bike-v85-tt-travel-2024-26","242":"rizoma_bike-versys-1000-2017-18","243":"rizoma_bike-versys-1000-abs-2011-14","244":"rizoma_bike-versys-x-300-2017-20","245":"rizoma_bike-x-adv-750-2017","246":"rizoma_bike-x-adv-750-2018-20","247":"rizoma_bike-x-adv-750-desert-track-2018-20","248":"rizoma_bike-x-adv-750-travel-edition-2017","249":"rizoma_bike-x-adv-750-travel-edition-2018-20","250":"rizoma_bike-z-1000-sx-abs-2014-16","251":"product_cat-fusrasten","253":"first","254":"instock","255":"sale","256":"taxable","257":"shipping-taxable","258":"purchasable","259":"product-type-variable"},"acf":[],"_links":{"self":[{"href":"https:\/\/cycle.rizoma.com\/de\/wp-json\/wp\/v2\/product\/316961","targetHints":{"allow":["GET"]}}],"collection":[{"href":"https:\/\/cycle.rizoma.com\/de\/wp-json\/wp\/v2\/product"}],"about":[{"href":"https:\/\/cycle.rizoma.com\/de\/wp-json\/wp\/v2\/types\/product"}],"wp:featuredmedia":[{"embeddable":true,"href":"https:\/\/cycle.rizoma.com\/de\/wp-json\/wp\/v2\/media\/304741"}],"wp:attachment":[{"href":"https:\/\/cycle.rizoma.com\/de\/wp-json\/wp\/v2\/media?parent=316961"}],"wp:term":[{"taxonomy":"rizoma_assembly_time","embeddable":true,"href":"https:\/\/cycle.rizoma.com\/de\/wp-json\/wp\/v2\/rizoma_assembly_time?post=316961"},{"taxonomy":"rizoma_bike","embeddable":true,"href":"https:\/\/cycle.rizoma.com\/de\/wp-json\/wp\/v2\/rizoma_bike?post=316961"},{"taxonomy":"rizoma_division","embeddable":true,"href":"https:\/\/cycle.rizoma.com\/de\/wp-json\/wp\/v2\/rizoma_division?post=316961"},{"taxonomy":"rizoma_family","embeddable":true,"href":"https:\/\/cycle.rizoma.com\/de\/wp-json\/wp\/v2\/rizoma_family?post=316961"},{"taxonomy":"rizoma_model_category","embeddable":true,"href":"https:\/\/cycle.rizoma.com\/de\/wp-json\/wp\/v2\/rizoma_model_category?post=316961"},{"taxonomy":"rizoma_product_template","embeddable":true,"href":"https:\/\/cycle.rizoma.com\/de\/wp-json\/wp\/v2\/rizoma_product_template?post=316961"},{"taxonomy":"product_brand","embeddable":true,"href":"https:\/\/cycle.rizoma.com\/de\/wp-json\/wp\/v2\/product_brand?post=316961"},{"taxonomy":"product_cat","embeddable":true,"href":"https:\/\/cycle.rizoma.com\/de\/wp-json\/wp\/v2\/product_cat?post=316961"},{"taxonomy":"product_tag","embeddable":true,"href":"https:\/\/cycle.rizoma.com\/de\/wp-json\/wp\/v2\/product_tag?post=316961"}],"curies":[{"name":"wp","href":"https:\/\/api.w.org\/{rel}","templated":true}]}}