{"id":317016,"date":"2024-11-21T17:17:12","date_gmt":"2024-11-21T16:17:12","guid":{"rendered":"https:\/\/rwp.rizoma.com\/negozio\/montagesatz-rizoma-fusrasten-pe849\/"},"modified":"2025-12-18T00:37:58","modified_gmt":"2025-12-17T23:37:58","slug":"montagesatz-rizoma-fusrasten-pe849","status":"publish","type":"product","link":"https:\/\/cycle.rizoma.com\/de\/negozio\/fusrasten\/PE849\/montagesatz-rizoma-fusrasten-pe849\/","title":{"rendered":"Montagesatz Rizoma-Fu\u00dfrasten"},"content":{"rendered":"<p>Alle Fu\u00dfrastenadapter sind aus Aluminium gearbeitet und eigens f\u00fcr die verschiedenen Motorradmodelle konzipiert, um die perfekte Kompatibilit\u00e4t und eine bestm\u00f6gliche Befestigung zu gew\u00e4hrleisten. Die Rizoma-Adapter erm\u00f6glichen die Montage von Rizoma-Fu\u00dfrasten an OEM-Fu\u00dfrastenanlagen. Adapter mit T\u00dcV-Zertifizierung.<\/p>\n","protected":false},"excerpt":{"rendered":"<p>Alle Fu\u00dfrastenadapter sind aus Aluminium gearbeitet und eigens f\u00fcr die verschiedenen Motorradmodelle konzipiert, um die perfekte Kompatibilit\u00e4t und eine bestm\u00f6gliche Befestigung zu gew\u00e4hrleisten. Die Rizoma-Adapter erm\u00f6glichen die Montage von Rizoma-Fu\u00dfrasten an OEM-Fu\u00dfrastenanlagen. Adapter mit T\u00dcV-Zertifizierung.<\/p>\n","protected":false},"featured_media":313484,"template":"","meta":{"_acf_changed":false},"rizoma_assembly_time":[42664],"rizoma_bike":[42445,42446,42617,42618,42619,44429],"rizoma_division":[42652],"rizoma_family":[42746],"rizoma_model_category":[],"rizoma_product_template":[],"product_brand":[],"product_cat":[42751],"product_tag":[],"class_list":{"0":"post-317016","1":"product","2":"type-product","3":"status-publish","4":"has-post-thumbnail","6":"rizoma_bike-1290-super-duke-r-2022-23","7":"rizoma_bike-1290-super-duke-r-evo-2022-23","8":"rizoma_bike-1390-super-duke-r-2024-26","9":"rizoma_bike-1390-super-duke-r-evo-2024-26","10":"rizoma_bike-990-duke-2024-26","11":"rizoma_bike-990-duke-r-2026","12":"product_cat-fusrasten","14":"first","15":"instock","16":"sale","17":"taxable","18":"shipping-taxable","19":"purchasable","20":"product-type-variable"},"acf":[],"_links":{"self":[{"href":"https:\/\/cycle.rizoma.com\/de\/wp-json\/wp\/v2\/product\/317016","targetHints":{"allow":["GET"]}}],"collection":[{"href":"https:\/\/cycle.rizoma.com\/de\/wp-json\/wp\/v2\/product"}],"about":[{"href":"https:\/\/cycle.rizoma.com\/de\/wp-json\/wp\/v2\/types\/product"}],"wp:featuredmedia":[{"embeddable":true,"href":"https:\/\/cycle.rizoma.com\/de\/wp-json\/wp\/v2\/media\/313484"}],"wp:attachment":[{"href":"https:\/\/cycle.rizoma.com\/de\/wp-json\/wp\/v2\/media?parent=317016"}],"wp:term":[{"taxonomy":"rizoma_assembly_time","embeddable":true,"href":"https:\/\/cycle.rizoma.com\/de\/wp-json\/wp\/v2\/rizoma_assembly_time?post=317016"},{"taxonomy":"rizoma_bike","embeddable":true,"href":"https:\/\/cycle.rizoma.com\/de\/wp-json\/wp\/v2\/rizoma_bike?post=317016"},{"taxonomy":"rizoma_division","embeddable":true,"href":"https:\/\/cycle.rizoma.com\/de\/wp-json\/wp\/v2\/rizoma_division?post=317016"},{"taxonomy":"rizoma_family","embeddable":true,"href":"https:\/\/cycle.rizoma.com\/de\/wp-json\/wp\/v2\/rizoma_family?post=317016"},{"taxonomy":"rizoma_model_category","embeddable":true,"href":"https:\/\/cycle.rizoma.com\/de\/wp-json\/wp\/v2\/rizoma_model_category?post=317016"},{"taxonomy":"rizoma_product_template","embeddable":true,"href":"https:\/\/cycle.rizoma.com\/de\/wp-json\/wp\/v2\/rizoma_product_template?post=317016"},{"taxonomy":"product_brand","embeddable":true,"href":"https:\/\/cycle.rizoma.com\/de\/wp-json\/wp\/v2\/product_brand?post=317016"},{"taxonomy":"product_cat","embeddable":true,"href":"https:\/\/cycle.rizoma.com\/de\/wp-json\/wp\/v2\/product_cat?post=317016"},{"taxonomy":"product_tag","embeddable":true,"href":"https:\/\/cycle.rizoma.com\/de\/wp-json\/wp\/v2\/product_tag?post=317016"}],"curies":[{"name":"wp","href":"https:\/\/api.w.org\/{rel}","templated":true}]}}