{"id":317106,"date":"2024-11-21T17:19:16","date_gmt":"2024-11-21T16:19:16","guid":{"rendered":"https:\/\/rwp.rizoma.com\/negozio\/montagesatz-proguard-system-und-rizoma-end-mount-spiegel-lp331\/"},"modified":"2025-10-23T17:28:17","modified_gmt":"2025-10-23T15:28:17","slug":"montagesatz-proguard-system-und-rizoma-end-mount-spiegel-lp331","status":"publish","type":"product","link":"https:\/\/cycle.rizoma.com\/de\/negozio\/proguard-system\/LP331\/montagesatz-proguard-system-und-rizoma-end-mount-spiegel-lp331\/","title":{"rendered":"Montagesatz PROGUARD SYSTEM\u00ae und Rizoma End Mount Spiegel"},"content":{"rendered":"<p>Der Adapter erm\u00f6glicht dank der im Kit enthaltenen Expander die Montage des Rizoma PROGUARD SYSTEM\u00ae in der Street- und Sport-Version und die Montage des Rizoma End Mount Spiegel auf OEM-Lenkern. Jeder Adapter wurde eigens f\u00fcr das entsprechende Motorradmodell entwickelt, um eine bestm\u00f6gliche Befestigung zu gew\u00e4hrleisten.<\/p>\n","protected":false},"excerpt":{"rendered":"<p>Der Adapter erm\u00f6glicht dank der im Kit enthaltenen Expander die Montage des Rizoma PROGUARD SYSTEM\u00ae in der Street- und Sport-Version und die Montage des Rizoma End Mount Spiegel auf OEM-Lenkern. Jeder Adapter wurde eigens f\u00fcr das entsprechende Motorradmodell entwickelt, um eine bestm\u00f6gliche Befestigung zu gew\u00e4hrleisten.<\/p>\n","protected":false},"featured_media":310921,"template":"","meta":{"_acf_changed":false},"rizoma_assembly_time":[42664],"rizoma_bike":[44468,44469,42432,43699,42101,42215,42425,42197,42335,42477,42545,42546,44015,42153,44017,42539,42433,43700,42093,42216,42426,42162,43704,43705,42612,42102,44014,44016,42251,42312],"rizoma_division":[42652],"rizoma_family":[42725],"rizoma_model_category":[],"rizoma_product_template":[],"product_brand":[],"product_cat":[42730],"product_tag":[],"class_list":{"0":"post-317106","1":"product","2":"type-product","3":"status-publish","4":"has-post-thumbnail","6":"rizoma_bike-monster-890-2026","7":"rizoma_bike-monster-890-2026-1","8":"rizoma_bike-panigale-v4-2022-24","9":"rizoma_bike-panigale-v4-2025-26","10":"rizoma_bike-panigale-v4-1100-2018-19","11":"rizoma_bike-panigale-v4-1100-2020","12":"rizoma_bike-panigale-v4-1100-2021","13":"rizoma_bike-panigale-v4-1100-25-anniversario-2019-20","14":"rizoma_bike-panigale-v4-1100-sp-2021","15":"rizoma_bike-panigale-v4-1100-sp2-2022-23","16":"rizoma_bike-panigale-v4-bagnaia-2022-world-champion-replica-2023","17":"rizoma_bike-panigale-v4-bautista-2022-world-champion-replica-2023","18":"rizoma_bike-panigale-v4-lamborghini-2026","19":"rizoma_bike-panigale-v4-r-2023-24","20":"rizoma_bike-panigale-v4-r-2026","21":"rizoma_bike-panigale-v4-r-1000-2019-20","22":"rizoma_bike-panigale-v4-s-2022-24","23":"rizoma_bike-panigale-v4-s-2025-26","24":"rizoma_bike-panigale-v4-s-1100-2018-19","25":"rizoma_bike-panigale-v4-s-1100-2020","26":"rizoma_bike-panigale-v4-s-1100-2021","27":"rizoma_bike-panigale-v4-s-1100-corse-2019","28":"rizoma_bike-panigale-v4-s-carbon-2025-26","29":"rizoma_bike-panigale-v4-s-carbon-pro-2025-26","30":"rizoma_bike-panigale-v4-sp2-30-anniversario-916-2024","31":"rizoma_bike-panigale-v4-speciale-1100-2018-19","32":"rizoma_bike-panigale-v4-tricolore-2025-26","33":"rizoma_bike-panigale-v4-tricolore-italia-2025-26","34":"rizoma_bike-superleggera-v4-1000-2020","35":"rizoma_bike-superleggera-v4-1000-2021-23","36":"product_cat-proguard-system","38":"first","39":"instock","40":"taxable","41":"shipping-taxable","42":"purchasable","43":"product-type-variable"},"acf":[],"_links":{"self":[{"href":"https:\/\/cycle.rizoma.com\/de\/wp-json\/wp\/v2\/product\/317106","targetHints":{"allow":["GET"]}}],"collection":[{"href":"https:\/\/cycle.rizoma.com\/de\/wp-json\/wp\/v2\/product"}],"about":[{"href":"https:\/\/cycle.rizoma.com\/de\/wp-json\/wp\/v2\/types\/product"}],"wp:featuredmedia":[{"embeddable":true,"href":"https:\/\/cycle.rizoma.com\/de\/wp-json\/wp\/v2\/media\/310921"}],"wp:attachment":[{"href":"https:\/\/cycle.rizoma.com\/de\/wp-json\/wp\/v2\/media?parent=317106"}],"wp:term":[{"taxonomy":"rizoma_assembly_time","embeddable":true,"href":"https:\/\/cycle.rizoma.com\/de\/wp-json\/wp\/v2\/rizoma_assembly_time?post=317106"},{"taxonomy":"rizoma_bike","embeddable":true,"href":"https:\/\/cycle.rizoma.com\/de\/wp-json\/wp\/v2\/rizoma_bike?post=317106"},{"taxonomy":"rizoma_division","embeddable":true,"href":"https:\/\/cycle.rizoma.com\/de\/wp-json\/wp\/v2\/rizoma_division?post=317106"},{"taxonomy":"rizoma_family","embeddable":true,"href":"https:\/\/cycle.rizoma.com\/de\/wp-json\/wp\/v2\/rizoma_family?post=317106"},{"taxonomy":"rizoma_model_category","embeddable":true,"href":"https:\/\/cycle.rizoma.com\/de\/wp-json\/wp\/v2\/rizoma_model_category?post=317106"},{"taxonomy":"rizoma_product_template","embeddable":true,"href":"https:\/\/cycle.rizoma.com\/de\/wp-json\/wp\/v2\/rizoma_product_template?post=317106"},{"taxonomy":"product_brand","embeddable":true,"href":"https:\/\/cycle.rizoma.com\/de\/wp-json\/wp\/v2\/product_brand?post=317106"},{"taxonomy":"product_cat","embeddable":true,"href":"https:\/\/cycle.rizoma.com\/de\/wp-json\/wp\/v2\/product_cat?post=317106"},{"taxonomy":"product_tag","embeddable":true,"href":"https:\/\/cycle.rizoma.com\/de\/wp-json\/wp\/v2\/product_tag?post=317106"}],"curies":[{"name":"wp","href":"https:\/\/api.w.org\/{rel}","templated":true}]}}