{"id":317121,"date":"2024-11-21T17:19:36","date_gmt":"2024-11-21T16:19:36","guid":{"rendered":"https:\/\/rwp.rizoma.com\/negozio\/lenker-klemmbocke-erhoht-und-versetzt-zhd155\/"},"modified":"2025-06-06T04:11:46","modified_gmt":"2025-06-06T02:11:46","slug":"lenker-klemmbocke-erhoht-und-versetzt-zhd155","status":"publish","type":"product","link":"https:\/\/cycle.rizoma.com\/de\/negozio\/mehr-fur-ihre-harley-davidson\/ZHD155\/lenker-klemmbocke-erhoht-und-versetzt-zhd155\/","title":{"rendered":"Lenker-Klemmb\u00f6cke erh\u00f6ht und versetzt"},"content":{"rendered":"<p>Die Klemmb\u00f6cke \u201cRiser\u201d von Rizoma sind speziell f\u00fcr die Harley-Davidson Pan America f\u00fcr den Stra\u00dfen- und den Offroad-Einsatz entwickelt worden. Diese Riser,  sind aus hochwertigem Billet-Aluminium gefertigt.<br \/>F\u00fcr eine verbesserte ergonomische Fahrerhaltung und bessere Bike-Kontrolle im Sitzen und Stehen. Die Riser haben eine Erh\u00f6hung von 28,5 mm und zum Fahrer hin sind es 37 mm.<\/p>\n","protected":false},"excerpt":{"rendered":"<p>Die Klemmb\u00f6cke \u201cRiser\u201d von Rizoma sind speziell f\u00fcr die Harley-Davidson Pan America f\u00fcr den Stra\u00dfen- und den Offroad-Einsatz entwickelt worden. Diese Riser, sind aus hochwertigem Billet-Aluminium gefertigt.F\u00fcr eine verbesserte ergonomische Fahrerhaltung und bessere Bike-Kontrolle im Sitzen und Stehen. Die Riser haben eine Erh\u00f6hung von 28,5 mm und zum Fahrer hin sind es 37 mm.<\/p>\n","protected":false},"featured_media":310001,"template":"","meta":{"_acf_changed":false},"rizoma_assembly_time":[42855],"rizoma_bike":[43763,43762,43759,43760,43761],"rizoma_division":[42652],"rizoma_family":[],"rizoma_model_category":[],"rizoma_product_template":[],"product_brand":[],"product_cat":[42787],"product_tag":[],"class_list":{"0":"post-317121","1":"product","2":"type-product","3":"status-publish","4":"has-post-thumbnail","6":"rizoma_bike-cvo-pan-america-2024","7":"rizoma_bike-cvo-pan-america-2025","8":"rizoma_bike-pan-america-1250-2020-25","9":"rizoma_bike-pan-america-1250-special-2020-25","10":"rizoma_bike-pan-america-1250-st-2025","11":"product_cat-mehr-fur-ihre-harley-davidson","13":"first","14":"instock","15":"taxable","16":"shipping-taxable","17":"purchasable","18":"product-type-variable"},"acf":[],"_links":{"self":[{"href":"https:\/\/cycle.rizoma.com\/de\/wp-json\/wp\/v2\/product\/317121","targetHints":{"allow":["GET"]}}],"collection":[{"href":"https:\/\/cycle.rizoma.com\/de\/wp-json\/wp\/v2\/product"}],"about":[{"href":"https:\/\/cycle.rizoma.com\/de\/wp-json\/wp\/v2\/types\/product"}],"wp:featuredmedia":[{"embeddable":true,"href":"https:\/\/cycle.rizoma.com\/de\/wp-json\/wp\/v2\/media\/310001"}],"wp:attachment":[{"href":"https:\/\/cycle.rizoma.com\/de\/wp-json\/wp\/v2\/media?parent=317121"}],"wp:term":[{"taxonomy":"rizoma_assembly_time","embeddable":true,"href":"https:\/\/cycle.rizoma.com\/de\/wp-json\/wp\/v2\/rizoma_assembly_time?post=317121"},{"taxonomy":"rizoma_bike","embeddable":true,"href":"https:\/\/cycle.rizoma.com\/de\/wp-json\/wp\/v2\/rizoma_bike?post=317121"},{"taxonomy":"rizoma_division","embeddable":true,"href":"https:\/\/cycle.rizoma.com\/de\/wp-json\/wp\/v2\/rizoma_division?post=317121"},{"taxonomy":"rizoma_family","embeddable":true,"href":"https:\/\/cycle.rizoma.com\/de\/wp-json\/wp\/v2\/rizoma_family?post=317121"},{"taxonomy":"rizoma_model_category","embeddable":true,"href":"https:\/\/cycle.rizoma.com\/de\/wp-json\/wp\/v2\/rizoma_model_category?post=317121"},{"taxonomy":"rizoma_product_template","embeddable":true,"href":"https:\/\/cycle.rizoma.com\/de\/wp-json\/wp\/v2\/rizoma_product_template?post=317121"},{"taxonomy":"product_brand","embeddable":true,"href":"https:\/\/cycle.rizoma.com\/de\/wp-json\/wp\/v2\/product_brand?post=317121"},{"taxonomy":"product_cat","embeddable":true,"href":"https:\/\/cycle.rizoma.com\/de\/wp-json\/wp\/v2\/product_cat?post=317121"},{"taxonomy":"product_tag","embeddable":true,"href":"https:\/\/cycle.rizoma.com\/de\/wp-json\/wp\/v2\/product_tag?post=317121"}],"curies":[{"name":"wp","href":"https:\/\/api.w.org\/{rel}","templated":true}]}}