{"id":317131,"date":"2024-11-21T17:19:49","date_gmt":"2024-11-21T16:19:49","guid":{"rendered":"https:\/\/rwp.rizoma.com\/negozio\/bremshebelverbreiterung-zhd156\/"},"modified":"2025-01-14T12:41:25","modified_gmt":"2025-01-14T11:41:25","slug":"bremshebelverbreiterung-zhd156","status":"publish","type":"product","link":"https:\/\/cycle.rizoma.com\/de\/negozio\/mehr-fur-ihre-harley-davidson\/ZHD156\/bremshebelverbreiterung-zhd156\/","title":{"rendered":"Bremshebelverbreiterung"},"content":{"rendered":"<p>Ein sicherer Stand auf der Bremse ist vor allem f\u00fcr Off-Road-Fahrer von gr\u00f6\u00dfter Bedeutung. Dank der Rizoma- Bremshebelverbreiterung ist die Kontaktfl\u00e4che im Vergleich zum Original Bauteil<br \/>gr\u00f6\u00dfer, der Stiefel sinkt nicht in den Spalt und findet den Hebel leichter. Auf diese Weise l\u00e4sst sich auch die Druckempfindlichkeit deutlich verbessern und feiner abstimmen.<br \/>Die Rizoma-Verl\u00e4ngerung, die bereits in der Grundeinstellung eine Steigerung gegen\u00fcber dem OEM-Standard bietet, erlaubt eine weitere Steigerung, da sie bis zu einer maximalen Verl\u00e4ngerung nach au\u00dfen von +8 mm einstellbar ist.<br \/>Des weiteren hat Rizoma die Bremshebelverbreiterung mit einem funktionellen, gezahnten Profil versehen, genau wie die Escape- Fu\u00dfrasten, die f\u00fcr Langstreckenfahrten konzipiert sind.<\/p>\n","protected":false},"excerpt":{"rendered":"<p>Ein sicherer Stand auf der Bremse ist vor allem f\u00fcr Off-Road-Fahrer von gr\u00f6\u00dfter Bedeutung. Dank der Rizoma- Bremshebelverbreiterung ist die Kontaktfl\u00e4che im Vergleich zum Original Bauteilgr\u00f6\u00dfer, der Stiefel sinkt nicht in den Spalt und findet den Hebel leichter. Auf diese Weise l\u00e4sst sich auch die Druckempfindlichkeit deutlich verbessern und feiner abstimmen.Die Rizoma-Verl\u00e4ngerung, die bereits in [&hellip;]<\/p>\n","protected":false},"featured_media":305931,"template":"","meta":{"_acf_changed":false},"rizoma_assembly_time":[42664],"rizoma_bike":[43759],"rizoma_division":[42652],"rizoma_family":[],"rizoma_model_category":[],"rizoma_product_template":[],"product_brand":[],"product_cat":[42787],"product_tag":[],"class_list":{"0":"post-317131","1":"product","2":"type-product","3":"status-publish","4":"has-post-thumbnail","6":"rizoma_bike-pan-america-1250-2020-25","7":"product_cat-mehr-fur-ihre-harley-davidson","9":"first","10":"instock","11":"sale","12":"taxable","13":"shipping-taxable","14":"purchasable","15":"product-type-variable"},"acf":[],"_links":{"self":[{"href":"https:\/\/cycle.rizoma.com\/de\/wp-json\/wp\/v2\/product\/317131","targetHints":{"allow":["GET"]}}],"collection":[{"href":"https:\/\/cycle.rizoma.com\/de\/wp-json\/wp\/v2\/product"}],"about":[{"href":"https:\/\/cycle.rizoma.com\/de\/wp-json\/wp\/v2\/types\/product"}],"wp:featuredmedia":[{"embeddable":true,"href":"https:\/\/cycle.rizoma.com\/de\/wp-json\/wp\/v2\/media\/305931"}],"wp:attachment":[{"href":"https:\/\/cycle.rizoma.com\/de\/wp-json\/wp\/v2\/media?parent=317131"}],"wp:term":[{"taxonomy":"rizoma_assembly_time","embeddable":true,"href":"https:\/\/cycle.rizoma.com\/de\/wp-json\/wp\/v2\/rizoma_assembly_time?post=317131"},{"taxonomy":"rizoma_bike","embeddable":true,"href":"https:\/\/cycle.rizoma.com\/de\/wp-json\/wp\/v2\/rizoma_bike?post=317131"},{"taxonomy":"rizoma_division","embeddable":true,"href":"https:\/\/cycle.rizoma.com\/de\/wp-json\/wp\/v2\/rizoma_division?post=317131"},{"taxonomy":"rizoma_family","embeddable":true,"href":"https:\/\/cycle.rizoma.com\/de\/wp-json\/wp\/v2\/rizoma_family?post=317131"},{"taxonomy":"rizoma_model_category","embeddable":true,"href":"https:\/\/cycle.rizoma.com\/de\/wp-json\/wp\/v2\/rizoma_model_category?post=317131"},{"taxonomy":"rizoma_product_template","embeddable":true,"href":"https:\/\/cycle.rizoma.com\/de\/wp-json\/wp\/v2\/rizoma_product_template?post=317131"},{"taxonomy":"product_brand","embeddable":true,"href":"https:\/\/cycle.rizoma.com\/de\/wp-json\/wp\/v2\/product_brand?post=317131"},{"taxonomy":"product_cat","embeddable":true,"href":"https:\/\/cycle.rizoma.com\/de\/wp-json\/wp\/v2\/product_cat?post=317131"},{"taxonomy":"product_tag","embeddable":true,"href":"https:\/\/cycle.rizoma.com\/de\/wp-json\/wp\/v2\/product_tag?post=317131"}],"curies":[{"name":"wp","href":"https:\/\/api.w.org\/{rel}","templated":true}]}}