{"id":317241,"date":"2024-11-21T17:22:20","date_gmt":"2024-11-21T16:22:20","guid":{"rendered":"https:\/\/rwp.rizoma.com\/negozio\/sport-ride-by-wire-grdw205z10\/"},"modified":"2025-06-06T23:40:47","modified_gmt":"2025-06-06T21:40:47","slug":"sport-ride-by-wire-grdw205z10","status":"publish","type":"product","link":"https:\/\/cycle.rizoma.com\/de\/negozio\/lenker-kit\/GRDW205Z10\/sport-ride-by-wire-grdw205z10\/motorbike\/9072\/ducati\/monster-821\/","title":{"rendered":"Sport Ride by Wire"},"content":{"rendered":"<p>Der Griff Sport (\u00d8 22 mm) vereint Einfachheit und Sportlichkeit. Der zur G\u00e4nze aus Aluminium gearbeitete Griff ist mit einem Racing-Gummi f\u00fcr optimalen Grip und h\u00f6chste Zuverl\u00e4ssigkeit ausgestattet. Die Ride by Wire -Version ist zudem mit der elektronischen Gasbet\u00e4tigung kompatibel.<\/p>\n","protected":false},"excerpt":{"rendered":"<p>Der Griff Sport (\u00d8 22 mm) vereint Einfachheit und Sportlichkeit. Der zur G\u00e4nze aus Aluminium gearbeitete Griff ist mit einem Racing-Gummi f\u00fcr optimalen Grip und h\u00f6chste Zuverl\u00e4ssigkeit ausgestattet. Die Ride by Wire -Version ist zudem mit der elektronischen Gasbet\u00e4tigung kompatibel.<\/p>\n","protected":false},"featured_media":326859,"template":"","meta":{"_acf_changed":false},"rizoma_assembly_time":[42742],"rizoma_bike":[41841,41842,41896,41870,41923,41924,42043,42067],"rizoma_division":[42652],"rizoma_family":[43020],"rizoma_model_category":[],"rizoma_product_template":[],"product_brand":[],"product_cat":[42662],"product_tag":[],"class_list":{"0":"post-317241","1":"product","2":"type-product","3":"status-publish","4":"has-post-thumbnail","6":"rizoma_bike-monster-1200-2014-16","7":"rizoma_bike-monster-1200-s-2014-16","8":"rizoma_bike-monster-1200-s-stripe-2014-15","9":"rizoma_bike-monster-821-abs-2014-17","10":"rizoma_bike-monster-821-dark-abs-2014-16","11":"rizoma_bike-monster-821-stripe-abs-2015-17","12":"rizoma_bike-multistrada-1200-enduro-2016-18","13":"rizoma_bike-multistrada-1200-enduro-pro-2017-18","14":"product_cat-lenker-kit","16":"first","17":"instock","18":"sale","19":"taxable","20":"shipping-taxable","21":"purchasable","22":"product-type-variable"},"acf":[],"_links":{"self":[{"href":"https:\/\/cycle.rizoma.com\/de\/wp-json\/wp\/v2\/product\/317241","targetHints":{"allow":["GET"]}}],"collection":[{"href":"https:\/\/cycle.rizoma.com\/de\/wp-json\/wp\/v2\/product"}],"about":[{"href":"https:\/\/cycle.rizoma.com\/de\/wp-json\/wp\/v2\/types\/product"}],"wp:featuredmedia":[{"embeddable":true,"href":"https:\/\/cycle.rizoma.com\/de\/wp-json\/wp\/v2\/media\/326859"}],"wp:attachment":[{"href":"https:\/\/cycle.rizoma.com\/de\/wp-json\/wp\/v2\/media?parent=317241"}],"wp:term":[{"taxonomy":"rizoma_assembly_time","embeddable":true,"href":"https:\/\/cycle.rizoma.com\/de\/wp-json\/wp\/v2\/rizoma_assembly_time?post=317241"},{"taxonomy":"rizoma_bike","embeddable":true,"href":"https:\/\/cycle.rizoma.com\/de\/wp-json\/wp\/v2\/rizoma_bike?post=317241"},{"taxonomy":"rizoma_division","embeddable":true,"href":"https:\/\/cycle.rizoma.com\/de\/wp-json\/wp\/v2\/rizoma_division?post=317241"},{"taxonomy":"rizoma_family","embeddable":true,"href":"https:\/\/cycle.rizoma.com\/de\/wp-json\/wp\/v2\/rizoma_family?post=317241"},{"taxonomy":"rizoma_model_category","embeddable":true,"href":"https:\/\/cycle.rizoma.com\/de\/wp-json\/wp\/v2\/rizoma_model_category?post=317241"},{"taxonomy":"rizoma_product_template","embeddable":true,"href":"https:\/\/cycle.rizoma.com\/de\/wp-json\/wp\/v2\/rizoma_product_template?post=317241"},{"taxonomy":"product_brand","embeddable":true,"href":"https:\/\/cycle.rizoma.com\/de\/wp-json\/wp\/v2\/product_brand?post=317241"},{"taxonomy":"product_cat","embeddable":true,"href":"https:\/\/cycle.rizoma.com\/de\/wp-json\/wp\/v2\/product_cat?post=317241"},{"taxonomy":"product_tag","embeddable":true,"href":"https:\/\/cycle.rizoma.com\/de\/wp-json\/wp\/v2\/product_tag?post=317241"}],"curies":[{"name":"wp","href":"https:\/\/api.w.org\/{rel}","templated":true}]}}