{"id":317291,"date":"2024-11-21T17:23:29","date_gmt":"2024-11-21T16:23:29","guid":{"rendered":"https:\/\/rwp.rizoma.com\/negozio\/urlo-25-4-ride-by-wire-fur-harley-davidson-grdw231z01\/"},"modified":"2025-06-06T05:27:51","modified_gmt":"2025-06-06T03:27:51","slug":"urlo-25-4-ride-by-wire-fur-harley-davidson-grdw231z01","status":"publish","type":"product","link":"https:\/\/cycle.rizoma.com\/de\/negozio\/lenker-kit\/GRDW231Z01\/urlo-25-4-ride-by-wire-fur-harley-davidson-grdw231z01\/motorbike\/6002\/honda\/cb-1000-r\/","title":{"rendered":"Urlo 25.4 Ride by Wire (f\u00fcr Harley-Davidson)"},"content":{"rendered":"<p>Der zur G\u00e4nze aus Aluminium gearbeitete Griff Urlo 25.4 (\u00d8 25,4 mm\/1 Zoll) zeichnet sich durch seine ergonomische Form aus und die spezielle Bearbeitung des Gummis sorgt f\u00fcr maximalen Grip. Die austauschbaren Aluminiumringe in verschiedenen Farben erm\u00f6glichen zudem eine individuelle Gestaltung.  Die Ride by Wire -Version ist zudem mit der elektronischen Gasbet\u00e4tigung kompatibel.<\/p>\n","protected":false},"excerpt":{"rendered":"<p>Der zur G\u00e4nze aus Aluminium gearbeitete Griff Urlo 25.4 (\u00d8 25,4 mm\/1 Zoll) zeichnet sich durch seine ergonomische Form aus und die spezielle Bearbeitung des Gummis sorgt f\u00fcr maximalen Grip. Die austauschbaren Aluminiumringe in verschiedenen Farben erm\u00f6glichen zudem eine individuelle Gestaltung. Die Ride by Wire -Version ist zudem mit der elektronischen Gasbet\u00e4tigung kompatibel.<\/p>\n","protected":false},"featured_media":293932,"template":"","meta":{"_acf_changed":false},"rizoma_assembly_time":[42742],"rizoma_bike":[43787,43808,43800,43796,43798,43811,43795,43781,43820,43812,43799,43810,43806,43816],"rizoma_division":[42652],"rizoma_family":[43020],"rizoma_model_category":[],"rizoma_product_template":[],"product_brand":[],"product_cat":[42662],"product_tag":[],"class_list":{"0":"post-317291","1":"product","2":"type-product","3":"status-publish","4":"has-post-thumbnail","6":"rizoma_bike-107-breakout-2018-19-fxbr","7":"rizoma_bike-107-fat-bob-2017-20-fxfb","8":"rizoma_bike-107-fat-boy-2017-20-flfb","9":"rizoma_bike-107-low-rider-2018-20-fxlr","10":"rizoma_bike-107-slim-2018-20-flsl","11":"rizoma_bike-107-street-bob-2018-20-fxbb","12":"rizoma_bike-114-breakout-2018-20-fxbrs","13":"rizoma_bike-114-fat-bob-2018-20-fxfbs","14":"rizoma_bike-114-fat-boy-2018-20-flfbs","15":"rizoma_bike-114-fxdr-2019-20","16":"rizoma_bike-114-low-rider-s-2020-fxlrs","17":"rizoma_bike-low-rider-s-2022-24","18":"rizoma_bike-low-rider-st-2022-24","19":"rizoma_bike-softail-slim-2011-17-fls","20":"product_cat-lenker-kit","22":"first","23":"instock","24":"taxable","25":"shipping-taxable","26":"purchasable","27":"product-type-variable"},"acf":[],"_links":{"self":[{"href":"https:\/\/cycle.rizoma.com\/de\/wp-json\/wp\/v2\/product\/317291","targetHints":{"allow":["GET"]}}],"collection":[{"href":"https:\/\/cycle.rizoma.com\/de\/wp-json\/wp\/v2\/product"}],"about":[{"href":"https:\/\/cycle.rizoma.com\/de\/wp-json\/wp\/v2\/types\/product"}],"wp:featuredmedia":[{"embeddable":true,"href":"https:\/\/cycle.rizoma.com\/de\/wp-json\/wp\/v2\/media\/293932"}],"wp:attachment":[{"href":"https:\/\/cycle.rizoma.com\/de\/wp-json\/wp\/v2\/media?parent=317291"}],"wp:term":[{"taxonomy":"rizoma_assembly_time","embeddable":true,"href":"https:\/\/cycle.rizoma.com\/de\/wp-json\/wp\/v2\/rizoma_assembly_time?post=317291"},{"taxonomy":"rizoma_bike","embeddable":true,"href":"https:\/\/cycle.rizoma.com\/de\/wp-json\/wp\/v2\/rizoma_bike?post=317291"},{"taxonomy":"rizoma_division","embeddable":true,"href":"https:\/\/cycle.rizoma.com\/de\/wp-json\/wp\/v2\/rizoma_division?post=317291"},{"taxonomy":"rizoma_family","embeddable":true,"href":"https:\/\/cycle.rizoma.com\/de\/wp-json\/wp\/v2\/rizoma_family?post=317291"},{"taxonomy":"rizoma_model_category","embeddable":true,"href":"https:\/\/cycle.rizoma.com\/de\/wp-json\/wp\/v2\/rizoma_model_category?post=317291"},{"taxonomy":"rizoma_product_template","embeddable":true,"href":"https:\/\/cycle.rizoma.com\/de\/wp-json\/wp\/v2\/rizoma_product_template?post=317291"},{"taxonomy":"product_brand","embeddable":true,"href":"https:\/\/cycle.rizoma.com\/de\/wp-json\/wp\/v2\/product_brand?post=317291"},{"taxonomy":"product_cat","embeddable":true,"href":"https:\/\/cycle.rizoma.com\/de\/wp-json\/wp\/v2\/product_cat?post=317291"},{"taxonomy":"product_tag","embeddable":true,"href":"https:\/\/cycle.rizoma.com\/de\/wp-json\/wp\/v2\/product_tag?post=317291"}],"curies":[{"name":"wp","href":"https:\/\/api.w.org\/{rel}","templated":true}]}}