{"id":317336,"date":"2024-11-21T17:24:37","date_gmt":"2024-11-21T16:24:37","guid":{"rendered":"https:\/\/rwp.rizoma.com\/negozio\/bremshebel-kit-lbx152\/"},"modified":"2025-11-25T16:07:16","modified_gmt":"2025-11-25T15:07:16","slug":"bremshebel-kit-lbx152","status":"publish","type":"product","link":"https:\/\/cycle.rizoma.com\/de\/negozio\/brems-kupplungshebel\/LBX152\/bremshebel-kit-lbx152\/","title":{"rendered":"Bremshebel Kit"},"content":{"rendered":"<p>Diese Bremshebel-Kits bestehen sowohl aus dem vorderen als auch dem hinteren Bremshebel, der mit dem Adjustable Plus-System ausgestattet ist. Dieses System sorgt f\u00fcr eine bessere Zug\u00e4nglichkeit des Hebels und erm\u00f6glicht es dem Fahrer, die Hebel-L\u00e4nge individuell anzupassen, was zu einem besseren Fahrgef\u00fchl f\u00fchrt. Die Rizoma Bremshebel-Kits sind au\u00dferdem mit einem Gleitsystem ausgestattet, mit dem der Hebel in der L\u00e4nge verstellt werden kann und so perfekt an die Bed\u00fcrfnisse des Fahrers angepasst werden kann. Das Kit enth\u00e4lt auch zwei Eins\u00e4tze aus Technopolymer, die den Spalt beseitigen, der entsteht, wenn der Hebel maximal ausgefahren ist und somit den Verschlei\u00df der Handschuhe verhindern. Rizoma Bremshebel-Kits sind mit ABE zertifiziert und garantieren dadurch h\u00f6chste Qualit\u00e4t und Sicherheit.<\/p>\n","protected":false},"excerpt":{"rendered":"<p>Diese Bremshebel-Kits bestehen sowohl aus dem vorderen als auch dem hinteren Bremshebel, der mit dem Adjustable Plus-System ausgestattet ist. Dieses System sorgt f\u00fcr eine bessere Zug\u00e4nglichkeit des Hebels und erm\u00f6glicht es dem Fahrer, die Hebel-L\u00e4nge individuell anzupassen, was zu einem besseren Fahrgef\u00fchl f\u00fchrt. Die Rizoma Bremshebel-Kits sind au\u00dferdem mit einem Gleitsystem ausgestattet, mit dem der [&hellip;]<\/p>\n","protected":false},"featured_media":310151,"template":"","meta":{"_acf_changed":false},"rizoma_assembly_time":[42691],"rizoma_bike":[42558,42557,42561,42560,42636,44397,44437,42567,42566],"rizoma_division":[42652],"rizoma_family":[42803],"rizoma_model_category":[],"rizoma_product_template":[],"product_brand":[],"product_cat":[42808],"product_tag":[],"class_list":{"0":"post-317336","1":"product","2":"type-product","3":"status-publish","4":"has-post-thumbnail","6":"rizoma_bike-gts-2015-2017","7":"rizoma_bike-gts-2018-2022","8":"rizoma_bike-gts-super-2015-2017","9":"rizoma_bike-gts-super-2018-2022","10":"rizoma_bike-gtv-2023-2024","11":"rizoma_bike-gtv-310-2025-2026","12":"rizoma_bike-gtv-310-officina-8-2026","13":"rizoma_bike-sei-giorni-2016-2017","14":"rizoma_bike-sei-giorni-2018-2022","15":"product_cat-brems-kupplungshebel","17":"first","18":"instock","19":"taxable","20":"shipping-taxable","21":"purchasable","22":"product-type-variable"},"acf":[],"_links":{"self":[{"href":"https:\/\/cycle.rizoma.com\/de\/wp-json\/wp\/v2\/product\/317336","targetHints":{"allow":["GET"]}}],"collection":[{"href":"https:\/\/cycle.rizoma.com\/de\/wp-json\/wp\/v2\/product"}],"about":[{"href":"https:\/\/cycle.rizoma.com\/de\/wp-json\/wp\/v2\/types\/product"}],"wp:featuredmedia":[{"embeddable":true,"href":"https:\/\/cycle.rizoma.com\/de\/wp-json\/wp\/v2\/media\/310151"}],"wp:attachment":[{"href":"https:\/\/cycle.rizoma.com\/de\/wp-json\/wp\/v2\/media?parent=317336"}],"wp:term":[{"taxonomy":"rizoma_assembly_time","embeddable":true,"href":"https:\/\/cycle.rizoma.com\/de\/wp-json\/wp\/v2\/rizoma_assembly_time?post=317336"},{"taxonomy":"rizoma_bike","embeddable":true,"href":"https:\/\/cycle.rizoma.com\/de\/wp-json\/wp\/v2\/rizoma_bike?post=317336"},{"taxonomy":"rizoma_division","embeddable":true,"href":"https:\/\/cycle.rizoma.com\/de\/wp-json\/wp\/v2\/rizoma_division?post=317336"},{"taxonomy":"rizoma_family","embeddable":true,"href":"https:\/\/cycle.rizoma.com\/de\/wp-json\/wp\/v2\/rizoma_family?post=317336"},{"taxonomy":"rizoma_model_category","embeddable":true,"href":"https:\/\/cycle.rizoma.com\/de\/wp-json\/wp\/v2\/rizoma_model_category?post=317336"},{"taxonomy":"rizoma_product_template","embeddable":true,"href":"https:\/\/cycle.rizoma.com\/de\/wp-json\/wp\/v2\/rizoma_product_template?post=317336"},{"taxonomy":"product_brand","embeddable":true,"href":"https:\/\/cycle.rizoma.com\/de\/wp-json\/wp\/v2\/product_brand?post=317336"},{"taxonomy":"product_cat","embeddable":true,"href":"https:\/\/cycle.rizoma.com\/de\/wp-json\/wp\/v2\/product_cat?post=317336"},{"taxonomy":"product_tag","embeddable":true,"href":"https:\/\/cycle.rizoma.com\/de\/wp-json\/wp\/v2\/product_tag?post=317336"}],"curies":[{"name":"wp","href":"https:\/\/api.w.org\/{rel}","templated":true}]}}