{"id":317351,"date":"2024-11-21T17:24:58","date_gmt":"2024-11-21T16:24:58","guid":{"rendered":"https:\/\/rwp.rizoma.com\/negozio\/tankdeckel-zvp045\/"},"modified":"2026-02-12T08:12:54","modified_gmt":"2026-02-12T07:12:54","slug":"tankdeckel-zvp045","status":"publish","type":"product","link":"https:\/\/cycle.rizoma.com\/de\/negozio\/mehr-fur-ihre-vespa\/ZVP045\/tankdeckel-zvp045\/motorbike\/9151\/honda\/africa-twin-crf-1000l\/","title":{"rendered":"Tankdeckel"},"content":{"rendered":"<p>Mit seiner pr\u00e4zisen Fertigung aus Billet-Aluminium und kontrastierenden Lasergravuren, ist dieser Tankdeckel ein echtes Highlight f\u00fcr dein Roller-Design. Der ergonomische Griff erm\u00f6glicht ein schnelles und agiles \u00d6ffnen und Schlie\u00dfen des Tanks. Erh\u00e4ltlich in Silber oder Schwarz eloxiert, passt der Rizoma Tankdeckel perfekt zu deiner Vespa und verleiht ihr das gewisse Extra. <\/p>\n","protected":false},"excerpt":{"rendered":"<p>Mit seiner pr\u00e4zisen Fertigung aus Billet-Aluminium und kontrastierenden Lasergravuren, ist dieser Tankdeckel ein echtes Highlight f\u00fcr dein Roller-Design. Der ergonomische Griff erm\u00f6glicht ein schnelles und agiles \u00d6ffnen und Schlie\u00dfen des Tanks. Erh\u00e4ltlich in Silber oder Schwarz eloxiert, passt der Rizoma Tankdeckel perfekt zu deiner Vespa und verleiht ihr das gewisse Extra.<\/p>\n","protected":false},"featured_media":312136,"template":"","meta":{"_acf_changed":false},"rizoma_assembly_time":[42664],"rizoma_bike":[42558,42557,42556,43430,43427,43744,43429,42561,42560,42559,42636,44397,44437,42563,43435,42562,42567,42566,42565,43436,42564],"rizoma_division":[42652],"rizoma_family":[43015],"rizoma_model_category":[],"rizoma_product_template":[],"product_brand":[],"product_cat":[42946],"product_tag":[],"class_list":{"0":"post-317351","1":"product","2":"type-product","3":"status-publish","4":"has-post-thumbnail","6":"rizoma_bike-gts-2015-2017","7":"rizoma_bike-gts-2018-2022","8":"rizoma_bike-gts-2023-2025","9":"rizoma_bike-gts-310-2025","10":"rizoma_bike-gts-310-super-2025","11":"rizoma_bike-gts-310-super-tech-2025","12":"rizoma_bike-gts-310-supersport-2025","13":"rizoma_bike-gts-super-2015-2017","14":"rizoma_bike-gts-super-2018-2022","15":"rizoma_bike-gts-super-2023-2025","16":"rizoma_bike-gtv-2023-2024","17":"rizoma_bike-gtv-310-2025-2026","18":"rizoma_bike-gtv-310-officina-8-2026","19":"rizoma_bike-primavera-2018-2022","20":"rizoma_bike-primavera-2023","21":"rizoma_bike-primavera-2024-2025","22":"rizoma_bike-sei-giorni-2016-2017","23":"rizoma_bike-sei-giorni-2018-2022","24":"rizoma_bike-sprint-2018-2022","25":"rizoma_bike-sprint-2023","26":"rizoma_bike-sprint-2024-2025","27":"product_cat-mehr-fur-ihre-vespa","29":"first","30":"instock","31":"taxable","32":"shipping-taxable","33":"purchasable","34":"product-type-variable"},"acf":[],"_links":{"self":[{"href":"https:\/\/cycle.rizoma.com\/de\/wp-json\/wp\/v2\/product\/317351","targetHints":{"allow":["GET"]}}],"collection":[{"href":"https:\/\/cycle.rizoma.com\/de\/wp-json\/wp\/v2\/product"}],"about":[{"href":"https:\/\/cycle.rizoma.com\/de\/wp-json\/wp\/v2\/types\/product"}],"wp:featuredmedia":[{"embeddable":true,"href":"https:\/\/cycle.rizoma.com\/de\/wp-json\/wp\/v2\/media\/312136"}],"wp:attachment":[{"href":"https:\/\/cycle.rizoma.com\/de\/wp-json\/wp\/v2\/media?parent=317351"}],"wp:term":[{"taxonomy":"rizoma_assembly_time","embeddable":true,"href":"https:\/\/cycle.rizoma.com\/de\/wp-json\/wp\/v2\/rizoma_assembly_time?post=317351"},{"taxonomy":"rizoma_bike","embeddable":true,"href":"https:\/\/cycle.rizoma.com\/de\/wp-json\/wp\/v2\/rizoma_bike?post=317351"},{"taxonomy":"rizoma_division","embeddable":true,"href":"https:\/\/cycle.rizoma.com\/de\/wp-json\/wp\/v2\/rizoma_division?post=317351"},{"taxonomy":"rizoma_family","embeddable":true,"href":"https:\/\/cycle.rizoma.com\/de\/wp-json\/wp\/v2\/rizoma_family?post=317351"},{"taxonomy":"rizoma_model_category","embeddable":true,"href":"https:\/\/cycle.rizoma.com\/de\/wp-json\/wp\/v2\/rizoma_model_category?post=317351"},{"taxonomy":"rizoma_product_template","embeddable":true,"href":"https:\/\/cycle.rizoma.com\/de\/wp-json\/wp\/v2\/rizoma_product_template?post=317351"},{"taxonomy":"product_brand","embeddable":true,"href":"https:\/\/cycle.rizoma.com\/de\/wp-json\/wp\/v2\/product_brand?post=317351"},{"taxonomy":"product_cat","embeddable":true,"href":"https:\/\/cycle.rizoma.com\/de\/wp-json\/wp\/v2\/product_cat?post=317351"},{"taxonomy":"product_tag","embeddable":true,"href":"https:\/\/cycle.rizoma.com\/de\/wp-json\/wp\/v2\/product_tag?post=317351"}],"curies":[{"name":"wp","href":"https:\/\/api.w.org\/{rel}","templated":true}]}}