{"id":317356,"date":"2024-11-21T17:25:05","date_gmt":"2024-11-21T16:25:05","guid":{"rendered":"https:\/\/rwp.rizoma.com\/negozio\/blinkerkit-zvp018\/"},"modified":"2025-01-14T12:51:56","modified_gmt":"2025-01-14T11:51:56","slug":"blinkerkit-zvp018","status":"publish","type":"product","link":"https:\/\/cycle.rizoma.com\/de\/negozio\/blinker\/ZVP018\/blinkerkit-zvp018\/","title":{"rendered":"Blinkerkit"},"content":{"rendered":"<p>Das Blinker-kit von Rizoma ist die perfekte Erweiterung f\u00fcr alle Vespa-Fahrer, die ihrem Fahrzeug eine innovative und sportliche Note verleihen wollen. Die Light Unit LED Blinker wurden eigens f\u00fcr die Vespa neu entworfen und passen perfekt zu ihren Linien. Das Technopolymer-Gitter gibt dem Kit eine k\u00fchne Optik und l\u00e4sst es aus der Masse hervorstechen. Das Kit ist Plug &#038; Play und wird komplett mit allem Zubeh\u00f6r geliefert, um sowohl die Vorder- als auch die R\u00fcckseite Ihrer Vespa anzupassen. Mit E-Zulassung k\u00f6nnen Sie sich auf eine einfache und schnelle Installation und eine gesetzeskonforme Nutzung verlassen. Mit dem BLINKER-KIT von Rizoma wird Ihre Vespa zum absoluten Hingucker.<\/p>\n","protected":false},"excerpt":{"rendered":"<p>Das Blinker-kit von Rizoma ist die perfekte Erweiterung f\u00fcr alle Vespa-Fahrer, die ihrem Fahrzeug eine innovative und sportliche Note verleihen wollen. Die Light Unit LED Blinker wurden eigens f\u00fcr die Vespa neu entworfen und passen perfekt zu ihren Linien. Das Technopolymer-Gitter gibt dem Kit eine k\u00fchne Optik und l\u00e4sst es aus der Masse hervorstechen. Das [&hellip;]<\/p>\n","protected":false},"featured_media":309711,"template":"","meta":{"_acf_changed":false},"rizoma_assembly_time":[42691],"rizoma_bike":[42558,42557,42561,42560,42567,42566],"rizoma_division":[42652],"rizoma_family":[43884],"rizoma_model_category":[],"rizoma_product_template":[],"product_brand":[],"product_cat":[42715],"product_tag":[],"class_list":{"0":"post-317356","1":"product","2":"type-product","3":"status-publish","4":"has-post-thumbnail","6":"rizoma_bike-gts-2015-2017","7":"rizoma_bike-gts-2018-2022","8":"rizoma_bike-gts-super-2015-2017","9":"rizoma_bike-gts-super-2018-2022","10":"rizoma_bike-sei-giorni-2016-2017","11":"rizoma_bike-sei-giorni-2018-2022","12":"product_cat-blinker","14":"first","15":"instock","16":"taxable","17":"shipping-taxable","18":"purchasable","19":"product-type-variable"},"acf":[],"_links":{"self":[{"href":"https:\/\/cycle.rizoma.com\/de\/wp-json\/wp\/v2\/product\/317356","targetHints":{"allow":["GET"]}}],"collection":[{"href":"https:\/\/cycle.rizoma.com\/de\/wp-json\/wp\/v2\/product"}],"about":[{"href":"https:\/\/cycle.rizoma.com\/de\/wp-json\/wp\/v2\/types\/product"}],"wp:featuredmedia":[{"embeddable":true,"href":"https:\/\/cycle.rizoma.com\/de\/wp-json\/wp\/v2\/media\/309711"}],"wp:attachment":[{"href":"https:\/\/cycle.rizoma.com\/de\/wp-json\/wp\/v2\/media?parent=317356"}],"wp:term":[{"taxonomy":"rizoma_assembly_time","embeddable":true,"href":"https:\/\/cycle.rizoma.com\/de\/wp-json\/wp\/v2\/rizoma_assembly_time?post=317356"},{"taxonomy":"rizoma_bike","embeddable":true,"href":"https:\/\/cycle.rizoma.com\/de\/wp-json\/wp\/v2\/rizoma_bike?post=317356"},{"taxonomy":"rizoma_division","embeddable":true,"href":"https:\/\/cycle.rizoma.com\/de\/wp-json\/wp\/v2\/rizoma_division?post=317356"},{"taxonomy":"rizoma_family","embeddable":true,"href":"https:\/\/cycle.rizoma.com\/de\/wp-json\/wp\/v2\/rizoma_family?post=317356"},{"taxonomy":"rizoma_model_category","embeddable":true,"href":"https:\/\/cycle.rizoma.com\/de\/wp-json\/wp\/v2\/rizoma_model_category?post=317356"},{"taxonomy":"rizoma_product_template","embeddable":true,"href":"https:\/\/cycle.rizoma.com\/de\/wp-json\/wp\/v2\/rizoma_product_template?post=317356"},{"taxonomy":"product_brand","embeddable":true,"href":"https:\/\/cycle.rizoma.com\/de\/wp-json\/wp\/v2\/product_brand?post=317356"},{"taxonomy":"product_cat","embeddable":true,"href":"https:\/\/cycle.rizoma.com\/de\/wp-json\/wp\/v2\/product_cat?post=317356"},{"taxonomy":"product_tag","embeddable":true,"href":"https:\/\/cycle.rizoma.com\/de\/wp-json\/wp\/v2\/product_tag?post=317356"}],"curies":[{"name":"wp","href":"https:\/\/api.w.org\/{rel}","templated":true}]}}