{"id":317361,"date":"2024-11-21T17:25:13","date_gmt":"2024-11-21T16:25:13","guid":{"rendered":"https:\/\/rwp.rizoma.com\/negozio\/kotflugelverkleidung-zvp026\/"},"modified":"2025-11-13T10:38:07","modified_gmt":"2025-11-13T09:38:07","slug":"kotflugelverkleidung-zvp026","status":"publish","type":"product","link":"https:\/\/cycle.rizoma.com\/de\/negozio\/mehr-fur-ihre-vespa\/ZVP026\/kotflugelverkleidung-zvp026\/","title":{"rendered":"Kotfl\u00fcgelverkleidung"},"content":{"rendered":"<p>Die Vordere Kotfl\u00fcgelverkleidung ist das perfekte Beispiel f\u00fcr diese Philosophie. Das Emblem auf der Vorderseite ist ein echter Hingucker und wurde mit einer besonderen 3D-Bearbeitung hergestellt, die dem massiven Aluminiumblock seine charakteristische Leichtigkeit verleiht. Es wiegt ganze 0,065 kg. Durch das Eloxalverfahren ist es zudem besonders langlebig und in 2 verschiedenen Farben erh\u00e4ltlich. <\/p>\n","protected":false},"excerpt":{"rendered":"<p>Die Vordere Kotfl\u00fcgelverkleidung ist das perfekte Beispiel f\u00fcr diese Philosophie. Das Emblem auf der Vorderseite ist ein echter Hingucker und wurde mit einer besonderen 3D-Bearbeitung hergestellt, die dem massiven Aluminiumblock seine charakteristische Leichtigkeit verleiht. Es wiegt ganze 0,065 kg. Durch das Eloxalverfahren ist es zudem besonders langlebig und in 2 verschiedenen Farben erh\u00e4ltlich.<\/p>\n","protected":false},"featured_media":310271,"template":"","meta":{"_acf_changed":false},"rizoma_assembly_time":[42664],"rizoma_bike":[42556,43430,43427,43744,43429,42559],"rizoma_division":[42652],"rizoma_family":[],"rizoma_model_category":[],"rizoma_product_template":[],"product_brand":[],"product_cat":[42946],"product_tag":[],"class_list":{"0":"post-317361","1":"product","2":"type-product","3":"status-publish","4":"has-post-thumbnail","6":"rizoma_bike-gts-2023-2025","7":"rizoma_bike-gts-310-2025","8":"rizoma_bike-gts-310-super-2025","9":"rizoma_bike-gts-310-super-tech-2025","10":"rizoma_bike-gts-310-supersport-2025","11":"rizoma_bike-gts-super-2023-2025","12":"product_cat-mehr-fur-ihre-vespa","14":"first","15":"instock","16":"taxable","17":"shipping-taxable","18":"purchasable","19":"product-type-variable"},"acf":[],"_links":{"self":[{"href":"https:\/\/cycle.rizoma.com\/de\/wp-json\/wp\/v2\/product\/317361","targetHints":{"allow":["GET"]}}],"collection":[{"href":"https:\/\/cycle.rizoma.com\/de\/wp-json\/wp\/v2\/product"}],"about":[{"href":"https:\/\/cycle.rizoma.com\/de\/wp-json\/wp\/v2\/types\/product"}],"wp:featuredmedia":[{"embeddable":true,"href":"https:\/\/cycle.rizoma.com\/de\/wp-json\/wp\/v2\/media\/310271"}],"wp:attachment":[{"href":"https:\/\/cycle.rizoma.com\/de\/wp-json\/wp\/v2\/media?parent=317361"}],"wp:term":[{"taxonomy":"rizoma_assembly_time","embeddable":true,"href":"https:\/\/cycle.rizoma.com\/de\/wp-json\/wp\/v2\/rizoma_assembly_time?post=317361"},{"taxonomy":"rizoma_bike","embeddable":true,"href":"https:\/\/cycle.rizoma.com\/de\/wp-json\/wp\/v2\/rizoma_bike?post=317361"},{"taxonomy":"rizoma_division","embeddable":true,"href":"https:\/\/cycle.rizoma.com\/de\/wp-json\/wp\/v2\/rizoma_division?post=317361"},{"taxonomy":"rizoma_family","embeddable":true,"href":"https:\/\/cycle.rizoma.com\/de\/wp-json\/wp\/v2\/rizoma_family?post=317361"},{"taxonomy":"rizoma_model_category","embeddable":true,"href":"https:\/\/cycle.rizoma.com\/de\/wp-json\/wp\/v2\/rizoma_model_category?post=317361"},{"taxonomy":"rizoma_product_template","embeddable":true,"href":"https:\/\/cycle.rizoma.com\/de\/wp-json\/wp\/v2\/rizoma_product_template?post=317361"},{"taxonomy":"product_brand","embeddable":true,"href":"https:\/\/cycle.rizoma.com\/de\/wp-json\/wp\/v2\/product_brand?post=317361"},{"taxonomy":"product_cat","embeddable":true,"href":"https:\/\/cycle.rizoma.com\/de\/wp-json\/wp\/v2\/product_cat?post=317361"},{"taxonomy":"product_tag","embeddable":true,"href":"https:\/\/cycle.rizoma.com\/de\/wp-json\/wp\/v2\/product_tag?post=317361"}],"curies":[{"name":"wp","href":"https:\/\/api.w.org\/{rel}","templated":true}]}}