{"id":317376,"date":"2024-11-21T17:25:33","date_gmt":"2024-11-21T16:25:33","guid":{"rendered":"https:\/\/rwp.rizoma.com\/negozio\/kit-kennzeichentrager-pt812\/"},"modified":"2026-03-12T10:39:57","modified_gmt":"2026-03-12T09:39:57","slug":"kit-kennzeichentrager-pt812","status":"publish","type":"product","link":"https:\/\/cycle.rizoma.com\/de\/negozio\/kennzeichentrager\/PT812\/kit-kennzeichentrager-pt812\/","title":{"rendered":"Kit Kennzeichentr\u00e4ger"},"content":{"rendered":"<p>Im Lieferumfang ist alles, was Sie ben\u00f6tigen, um Ihren Roller zu individualisieren und gleichzeitig die gesetzlichen Anforderungen zu erf\u00fcllen. Die Technopolymer-Abdeckung bildet die Basis f\u00fcr den strapazierf\u00e4higen Aluminium-Kennzeichenhalter und dient gleichzeitig als Schutzblech. Auch der Rlektor, der Kabelsatz und das R\u00fccklicht sind bereits im Kit enthalten. Das R\u00fccklicht ist weiter oben positioniert und erf\u00fcllt somit gleich drei Funktionen: Kennzeichenlicht, Positionslicht und Bremslicht. Der Kennzeichentr\u00e4ger l\u00e4sst sich einfach montieren und mit Hilfe des mitgelieferten Sicherheitsstifts kann die Neigung des Kennzeichens individuell eingestellt werden. Und das Beste: Der Rizoma Kennzeichentr\u00e4ger verf\u00fcgt \u00fcber eine ABE-Zertifizierung und entspricht somit allen gesetzlichen Anforderungen.<\/p>\n","protected":false},"excerpt":{"rendered":"<p>Im Lieferumfang ist alles, was Sie ben\u00f6tigen, um Ihren Roller zu individualisieren und gleichzeitig die gesetzlichen Anforderungen zu erf\u00fcllen. Die Technopolymer-Abdeckung bildet die Basis f\u00fcr den strapazierf\u00e4higen Aluminium-Kennzeichenhalter und dient gleichzeitig als Schutzblech. Auch der Rlektor, der Kabelsatz und das R\u00fccklicht sind bereits im Kit enthalten. Das R\u00fccklicht ist weiter oben positioniert und erf\u00fcllt somit [&hellip;]<\/p>\n","protected":false},"featured_media":303751,"template":"","meta":{"_acf_changed":false},"rizoma_assembly_time":[42789],"rizoma_bike":[42556,43430,43427,43744,43429,42559,42636,44397,44437],"rizoma_division":[42652],"rizoma_family":[],"rizoma_model_category":[],"rizoma_product_template":[],"product_brand":[],"product_cat":[42767],"product_tag":[],"class_list":{"0":"post-317376","1":"product","2":"type-product","3":"status-publish","4":"has-post-thumbnail","6":"rizoma_bike-gts-2023-2025","7":"rizoma_bike-gts-310-2025","8":"rizoma_bike-gts-310-super-2025","9":"rizoma_bike-gts-310-super-tech-2025","10":"rizoma_bike-gts-310-supersport-2025","11":"rizoma_bike-gts-super-2023-2025","12":"rizoma_bike-gtv-2023-2024","13":"rizoma_bike-gtv-310-2025-2026","14":"rizoma_bike-gtv-310-officina-8-2026","15":"product_cat-kennzeichentrager","17":"first","18":"instock","19":"taxable","20":"shipping-taxable","21":"purchasable","22":"product-type-variable"},"acf":[],"_links":{"self":[{"href":"https:\/\/cycle.rizoma.com\/de\/wp-json\/wp\/v2\/product\/317376","targetHints":{"allow":["GET"]}}],"collection":[{"href":"https:\/\/cycle.rizoma.com\/de\/wp-json\/wp\/v2\/product"}],"about":[{"href":"https:\/\/cycle.rizoma.com\/de\/wp-json\/wp\/v2\/types\/product"}],"wp:featuredmedia":[{"embeddable":true,"href":"https:\/\/cycle.rizoma.com\/de\/wp-json\/wp\/v2\/media\/303751"}],"wp:attachment":[{"href":"https:\/\/cycle.rizoma.com\/de\/wp-json\/wp\/v2\/media?parent=317376"}],"wp:term":[{"taxonomy":"rizoma_assembly_time","embeddable":true,"href":"https:\/\/cycle.rizoma.com\/de\/wp-json\/wp\/v2\/rizoma_assembly_time?post=317376"},{"taxonomy":"rizoma_bike","embeddable":true,"href":"https:\/\/cycle.rizoma.com\/de\/wp-json\/wp\/v2\/rizoma_bike?post=317376"},{"taxonomy":"rizoma_division","embeddable":true,"href":"https:\/\/cycle.rizoma.com\/de\/wp-json\/wp\/v2\/rizoma_division?post=317376"},{"taxonomy":"rizoma_family","embeddable":true,"href":"https:\/\/cycle.rizoma.com\/de\/wp-json\/wp\/v2\/rizoma_family?post=317376"},{"taxonomy":"rizoma_model_category","embeddable":true,"href":"https:\/\/cycle.rizoma.com\/de\/wp-json\/wp\/v2\/rizoma_model_category?post=317376"},{"taxonomy":"rizoma_product_template","embeddable":true,"href":"https:\/\/cycle.rizoma.com\/de\/wp-json\/wp\/v2\/rizoma_product_template?post=317376"},{"taxonomy":"product_brand","embeddable":true,"href":"https:\/\/cycle.rizoma.com\/de\/wp-json\/wp\/v2\/product_brand?post=317376"},{"taxonomy":"product_cat","embeddable":true,"href":"https:\/\/cycle.rizoma.com\/de\/wp-json\/wp\/v2\/product_cat?post=317376"},{"taxonomy":"product_tag","embeddable":true,"href":"https:\/\/cycle.rizoma.com\/de\/wp-json\/wp\/v2\/product_tag?post=317376"}],"curies":[{"name":"wp","href":"https:\/\/api.w.org\/{rel}","templated":true}]}}