{"id":317411,"date":"2024-11-21T17:26:21","date_gmt":"2024-11-21T16:26:21","guid":{"rendered":"https:\/\/rwp.rizoma.com\/negozio\/abdeckung-zvp021\/"},"modified":"2025-11-15T09:54:22","modified_gmt":"2025-11-15T08:54:22","slug":"abdeckung-zvp021","status":"publish","type":"product","link":"https:\/\/cycle.rizoma.com\/de\/negozio\/mehr-fur-ihre-vespa\/ZVP021\/abdeckung-zvp021\/","title":{"rendered":"Abdeckung"},"content":{"rendered":"<p>Die edle Abdeckung aus Billet-Aluminium wurde speziell daf\u00fcr entwickelt, um die entstandene L\u00fccke beim Entfernen des Griffb\u00fcgels stilvoll zu schlie\u00dfen. Dank der hochwertigen Verarbeitung und den kontrastierenden Oberfl\u00e4chen wird die Lochabdeckung zum Hingucker an jeder Vespa. Die silberne oder schwarze Eloxierung betont dabei das elegante Design und verleiht Ihrem Roller einen zus\u00e4tzlichen Hauch von Exklusivit\u00e4t. <\/p>\n","protected":false},"excerpt":{"rendered":"<p>Die edle Abdeckung aus Billet-Aluminium wurde speziell daf\u00fcr entwickelt, um die entstandene L\u00fccke beim Entfernen des Griffb\u00fcgels stilvoll zu schlie\u00dfen. Dank der hochwertigen Verarbeitung und den kontrastierenden Oberfl\u00e4chen wird die Lochabdeckung zum Hingucker an jeder Vespa. Die silberne oder schwarze Eloxierung betont dabei das elegante Design und verleiht Ihrem Roller einen zus\u00e4tzlichen Hauch von Exklusivit\u00e4t.<\/p>\n","protected":false},"featured_media":309796,"template":"","meta":{"_acf_changed":false},"rizoma_assembly_time":[42753],"rizoma_bike":[42569,42568,42558,42557,42556,43430,43427,43744,43429,42561,42560,42559,42636,44397,44437,42563,43435,42562,44434,42567,42566,42565,43436,42564,44435,44436],"rizoma_division":[42652],"rizoma_family":[],"rizoma_model_category":[],"rizoma_product_template":[],"product_brand":[],"product_cat":[42946],"product_tag":[],"class_list":{"0":"post-317411","1":"product","2":"type-product","3":"status-publish","4":"has-post-thumbnail","6":"rizoma_bike-elettrica-2018-2022","7":"rizoma_bike-elettrica-2023-2024","8":"rizoma_bike-gts-2015-2017","9":"rizoma_bike-gts-2018-2022","10":"rizoma_bike-gts-2023-2025","11":"rizoma_bike-gts-310-2025","12":"rizoma_bike-gts-310-super-2025","13":"rizoma_bike-gts-310-super-tech-2025","14":"rizoma_bike-gts-310-supersport-2025","15":"rizoma_bike-gts-super-2015-2017","16":"rizoma_bike-gts-super-2018-2022","17":"rizoma_bike-gts-super-2023-2025","18":"rizoma_bike-gtv-2023-2024","19":"rizoma_bike-gtv-310-2025-2026","20":"rizoma_bike-gtv-310-officina-8-2026","21":"rizoma_bike-primavera-2018-2022","22":"rizoma_bike-primavera-2023","23":"rizoma_bike-primavera-2024-2025","24":"rizoma_bike-primavera-elettrica-2024-25","25":"rizoma_bike-sei-giorni-2016-2017","26":"rizoma_bike-sei-giorni-2018-2022","27":"rizoma_bike-sprint-2018-2022","28":"rizoma_bike-sprint-2023","29":"rizoma_bike-sprint-2024-2025","30":"rizoma_bike-sprint-elettrica-2024-25","31":"rizoma_bike-sprint-elettrica-2026","32":"product_cat-mehr-fur-ihre-vespa","34":"first","35":"instock","36":"taxable","37":"shipping-taxable","38":"purchasable","39":"product-type-variable"},"acf":[],"_links":{"self":[{"href":"https:\/\/cycle.rizoma.com\/de\/wp-json\/wp\/v2\/product\/317411","targetHints":{"allow":["GET"]}}],"collection":[{"href":"https:\/\/cycle.rizoma.com\/de\/wp-json\/wp\/v2\/product"}],"about":[{"href":"https:\/\/cycle.rizoma.com\/de\/wp-json\/wp\/v2\/types\/product"}],"wp:featuredmedia":[{"embeddable":true,"href":"https:\/\/cycle.rizoma.com\/de\/wp-json\/wp\/v2\/media\/309796"}],"wp:attachment":[{"href":"https:\/\/cycle.rizoma.com\/de\/wp-json\/wp\/v2\/media?parent=317411"}],"wp:term":[{"taxonomy":"rizoma_assembly_time","embeddable":true,"href":"https:\/\/cycle.rizoma.com\/de\/wp-json\/wp\/v2\/rizoma_assembly_time?post=317411"},{"taxonomy":"rizoma_bike","embeddable":true,"href":"https:\/\/cycle.rizoma.com\/de\/wp-json\/wp\/v2\/rizoma_bike?post=317411"},{"taxonomy":"rizoma_division","embeddable":true,"href":"https:\/\/cycle.rizoma.com\/de\/wp-json\/wp\/v2\/rizoma_division?post=317411"},{"taxonomy":"rizoma_family","embeddable":true,"href":"https:\/\/cycle.rizoma.com\/de\/wp-json\/wp\/v2\/rizoma_family?post=317411"},{"taxonomy":"rizoma_model_category","embeddable":true,"href":"https:\/\/cycle.rizoma.com\/de\/wp-json\/wp\/v2\/rizoma_model_category?post=317411"},{"taxonomy":"rizoma_product_template","embeddable":true,"href":"https:\/\/cycle.rizoma.com\/de\/wp-json\/wp\/v2\/rizoma_product_template?post=317411"},{"taxonomy":"product_brand","embeddable":true,"href":"https:\/\/cycle.rizoma.com\/de\/wp-json\/wp\/v2\/product_brand?post=317411"},{"taxonomy":"product_cat","embeddable":true,"href":"https:\/\/cycle.rizoma.com\/de\/wp-json\/wp\/v2\/product_cat?post=317411"},{"taxonomy":"product_tag","embeddable":true,"href":"https:\/\/cycle.rizoma.com\/de\/wp-json\/wp\/v2\/product_tag?post=317411"}],"curies":[{"name":"wp","href":"https:\/\/api.w.org\/{rel}","templated":true}]}}